{"id":51051,"date":"2026-05-05T10:08:34","date_gmt":"2026-05-05T08:08:34","guid":{"rendered":"https:\/\/wildenherbals.com\/?post_type=product&#038;p=51051"},"modified":"2026-05-11T07:25:48","modified_gmt":"2026-05-11T05:25:48","slug":"botanica-propria-camomille-boite-10pcs-copia-copia-copia-copia","status":"publish","type":"product","link":"https:\/\/wildenherbals.com\/fr\/shop\/tisanes\/botanica-propria-camomille-boite-10pcs-copia-copia-copia-copia\/","title":{"rendered":"Libeccio &#8211; SoftPack 16pcs"},"content":{"rendered":"<p>Chaud, enveloppant, mais \u00e9tonnamment rafra\u00eechissant.<\/p>\n<p><strong>Libeccio<\/strong> est un m\u00e9lange aromatique de gingembre, de verveine citronn\u00e9e, de menthe et de citronnelle. Les notes d&rsquo;agrumes et balsamiques se m\u00ealent au piquant du gingembre, cr\u00e9ant une infusion vive et d\u00e9salt\u00e9rante. <\/p>\n<p>Inspir\u00e9 par le vent chaud du sud-ouest, il apporte avec lui \u00e9nergie et lumi\u00e8re, se transformant en une boisson fra\u00eeche, intense et rajeunissante.<\/p>\n<p><strong>Compatible avec le syst\u00e8me herbpress.<\/strong><\/p>\n","protected":false},"excerpt":{"rendered":"<p>Tisane de <strong data-start=\"89\" data-end=\"106\">verveine citronn\u00e9e<\/strong>, id\u00e9ale pour faciliter la <strong data-start=\"128\" data-end=\"150\">digestion et la relaxation<\/strong>. Chaque paquet contient <strong data-start=\"177\" data-end=\"199\">20 filtres carr\u00e9s<\/strong> <strong data-start=\"230\" data-end=\"243\">compatibles avec Herbpress<\/strong>. Avec son go\u00fbt <strong data-start=\"257\" data-end=\"288\">frais, citronn\u00e9 et naturel<\/strong>, elle est parfaite \u00e0 tout moment de la journ\u00e9e.  <\/p>\n","protected":false},"featured_media":51146,"template":"","meta":{"_acf_changed":false,"inline_featured_image":false,"_mbp_gutenberg_autopost":false},"product_brand":[],"product_cat":[542],"product_tag":[],"partner":[],"line":[1798],"class_list":{"0":"post-51051","1":"product","2":"type-product","3":"status-publish","4":"has-post-thumbnail","6":"product_cat-tisanes","7":"product_shipping_class-herbpress-spedizione-da-it-fr","8":"line-fresh-line","10":"first","11":"onbackorder","12":"taxable","13":"shipping-taxable","14":"purchasable","15":"product-type-simple"},"bundle_layout":"","bundled_by":[],"bundled_items":[],"acf":[],"_links":{"self":[{"href":"https:\/\/wildenherbals.com\/fr\/wp-json\/wp\/v2\/product\/51051","targetHints":{"allow":["GET"]}}],"collection":[{"href":"https:\/\/wildenherbals.com\/fr\/wp-json\/wp\/v2\/product"}],"about":[{"href":"https:\/\/wildenherbals.com\/fr\/wp-json\/wp\/v2\/types\/product"}],"wp:featuredmedia":[{"embeddable":true,"href":"https:\/\/wildenherbals.com\/fr\/wp-json\/wp\/v2\/media\/51146"}],"wp:attachment":[{"href":"https:\/\/wildenherbals.com\/fr\/wp-json\/wp\/v2\/media?parent=51051"}],"wp:term":[{"taxonomy":"product_brand","embeddable":true,"href":"https:\/\/wildenherbals.com\/fr\/wp-json\/wp\/v2\/product_brand?post=51051"},{"taxonomy":"product_cat","embeddable":true,"href":"https:\/\/wildenherbals.com\/fr\/wp-json\/wp\/v2\/product_cat?post=51051"},{"taxonomy":"product_tag","embeddable":true,"href":"https:\/\/wildenherbals.com\/fr\/wp-json\/wp\/v2\/product_tag?post=51051"},{"taxonomy":"partner","embeddable":true,"href":"https:\/\/wildenherbals.com\/fr\/wp-json\/wp\/v2\/partner?post=51051"},{"taxonomy":"line","embeddable":true,"href":"https:\/\/wildenherbals.com\/fr\/wp-json\/wp\/v2\/line?post=51051"}],"curies":[{"name":"wp","href":"https:\/\/api.w.org\/{rel}","templated":true}]}}