{"id":51045,"date":"2026-05-05T10:04:52","date_gmt":"2026-05-05T08:04:52","guid":{"rendered":"https:\/\/wildenherbals.com\/?post_type=product&#038;p=51045"},"modified":"2026-05-11T07:24:56","modified_gmt":"2026-05-11T05:24:56","slug":"botanica-propria-camomille-boite-10pcs-copia-copia-copia","status":"publish","type":"product","link":"https:\/\/wildenherbals.com\/fr\/shop\/tisanes\/botanica-propria-camomille-boite-10pcs-copia-copia-copia\/","title":{"rendered":"Cacao, cascara &#8211; Bo\u00eete 10pcs"},"content":{"rendered":"<p>Une infusion surprenante et enveloppante issue de la r\u00e9cup\u00e9ration d&rsquo;une partie pr\u00e9cieuse du cacao<br \/>\n: la cascara, ou enveloppe de la f\u00e8ve.<\/p>\n<p><strong>Cacao, Cascara<\/strong> offre un profil aromatique unique, naturellement doux et d\u00e9licatement fruit\u00e9, avec des notes l\u00e9g\u00e8res rappelant le miel, les fruits rouges et le chocolat. Une tisane \u00e9l\u00e9gante et durable, parfaite pour ceux qui recherchent une alternative sans th\u00e9ine ou une pause chaleureuse avec un go\u00fbt rond et r\u00e9confortant. <\/p>\n<p>Le cascara a toujours \u00e9t\u00e9 utilis\u00e9 dans les cultures sud-am\u00e9ricaines comme boisson traditionnelle : aujourd&rsquo;hui, il revient sur le devant de la sc\u00e8ne dans une version contemporaine, simple et authentique.<\/p>\n","protected":false},"excerpt":{"rendered":"<p>Tisane de <strong data-start=\"89\" data-end=\"106\">verveine citronn\u00e9e<\/strong>, id\u00e9ale pour faciliter la <strong data-start=\"128\" data-end=\"150\">digestion et la relaxation<\/strong>. Chaque paquet contient <strong data-start=\"177\" data-end=\"199\">20 filtres carr\u00e9s<\/strong> <strong data-start=\"230\" data-end=\"243\">compatibles avec Herbpress<\/strong>. Avec son go\u00fbt <strong data-start=\"257\" data-end=\"288\">frais, citronn\u00e9 et naturel<\/strong>, elle est parfaite \u00e0 tout moment de la journ\u00e9e.  <\/p>\n","protected":false},"featured_media":51092,"template":"","meta":{"_acf_changed":false,"inline_featured_image":false,"_mbp_gutenberg_autopost":false},"product_brand":[],"product_cat":[542],"product_tag":[],"partner":[],"line":[1780],"class_list":{"0":"post-51045","1":"product","2":"type-product","3":"status-publish","4":"has-post-thumbnail","6":"product_cat-tisanes","7":"product_shipping_class-herbpress-spedizione-da-it-fr","8":"line-ligne-botanique-propre","10":"first","11":"onbackorder","12":"taxable","13":"shipping-taxable","14":"purchasable","15":"product-type-simple"},"bundle_layout":"","bundled_by":[],"bundled_items":[],"acf":[],"_links":{"self":[{"href":"https:\/\/wildenherbals.com\/fr\/wp-json\/wp\/v2\/product\/51045","targetHints":{"allow":["GET"]}}],"collection":[{"href":"https:\/\/wildenherbals.com\/fr\/wp-json\/wp\/v2\/product"}],"about":[{"href":"https:\/\/wildenherbals.com\/fr\/wp-json\/wp\/v2\/types\/product"}],"wp:featuredmedia":[{"embeddable":true,"href":"https:\/\/wildenherbals.com\/fr\/wp-json\/wp\/v2\/media\/51092"}],"wp:attachment":[{"href":"https:\/\/wildenherbals.com\/fr\/wp-json\/wp\/v2\/media?parent=51045"}],"wp:term":[{"taxonomy":"product_brand","embeddable":true,"href":"https:\/\/wildenherbals.com\/fr\/wp-json\/wp\/v2\/product_brand?post=51045"},{"taxonomy":"product_cat","embeddable":true,"href":"https:\/\/wildenherbals.com\/fr\/wp-json\/wp\/v2\/product_cat?post=51045"},{"taxonomy":"product_tag","embeddable":true,"href":"https:\/\/wildenherbals.com\/fr\/wp-json\/wp\/v2\/product_tag?post=51045"},{"taxonomy":"partner","embeddable":true,"href":"https:\/\/wildenherbals.com\/fr\/wp-json\/wp\/v2\/partner?post=51045"},{"taxonomy":"line","embeddable":true,"href":"https:\/\/wildenherbals.com\/fr\/wp-json\/wp\/v2\/line?post=51045"}],"curies":[{"name":"wp","href":"https:\/\/api.w.org\/{rel}","templated":true}]}}