{"id":51039,"date":"2026-05-05T09:59:40","date_gmt":"2026-05-05T07:59:40","guid":{"rendered":"https:\/\/wildenherbals.com\/?post_type=product&#038;p=51039"},"modified":"2026-05-11T07:23:09","modified_gmt":"2026-05-11T05:23:09","slug":"botanica-propria-camomille-boite-10pcs-copia-copia","status":"publish","type":"product","link":"https:\/\/wildenherbals.com\/fr\/shop\/tisanes\/botanica-propria-camomille-boite-10pcs-copia-copia\/","title":{"rendered":"Earl Grey &#8211; Bo\u00eete de 10 pi\u00e8ces"},"content":{"rendered":"<p>El\u00e9gante, citronn\u00e9e, intemporelle.<\/p>\n<p>L&rsquo;<strong>Earl Grey<\/strong> est un th\u00e9 noir raffin\u00e9, aromatis\u00e9 \u00e0 l&rsquo;huile essentielle de bergamote, qui conf\u00e8re \u00e0 l&rsquo;infusion une note fra\u00eeche et citronn\u00e9e incomparable. Le r\u00e9sultat est un \u00e9quilibre parfait entre intensit\u00e9 et l\u00e9g\u00e8ret\u00e9, id\u00e9al pour une pause raffin\u00e9e \u00e0 tout moment de la journ\u00e9e. <\/p>\n<p>Un grand classique r\u00e9interpr\u00e9t\u00e9 avec des mati\u00e8res premi\u00e8res s\u00e9lectionn\u00e9es et un profil de go\u00fbt propre et naturel.<\/p>\n","protected":false},"excerpt":{"rendered":"<p>Tisane de <strong data-start=\"89\" data-end=\"106\">verveine citronn\u00e9e<\/strong>, id\u00e9ale pour faciliter la <strong data-start=\"128\" data-end=\"150\">digestion et la relaxation<\/strong>. Chaque paquet contient <strong data-start=\"177\" data-end=\"199\">20 filtres carr\u00e9s<\/strong> <strong data-start=\"230\" data-end=\"243\">compatibles avec Herbpress<\/strong>. Avec son go\u00fbt <strong data-start=\"257\" data-end=\"288\">frais, citronn\u00e9 et naturel<\/strong>, elle est parfaite \u00e0 tout moment de la journ\u00e9e.  <\/p>\n","protected":false},"featured_media":51098,"template":"","meta":{"_acf_changed":false,"inline_featured_image":false,"_mbp_gutenberg_autopost":false},"product_brand":[],"product_cat":[542],"product_tag":[],"partner":[],"line":[1785],"class_list":{"0":"post-51039","1":"product","2":"type-product","3":"status-publish","4":"has-post-thumbnail","6":"product_cat-tisanes","7":"product_shipping_class-herbpress-spedizione-da-it-fr","8":"line-ligne-the-faible-teneur-en-cafeine","10":"first","11":"onbackorder","12":"taxable","13":"shipping-taxable","14":"purchasable","15":"product-type-simple"},"bundle_layout":"","bundled_by":[],"bundled_items":[],"acf":[],"_links":{"self":[{"href":"https:\/\/wildenherbals.com\/fr\/wp-json\/wp\/v2\/product\/51039","targetHints":{"allow":["GET"]}}],"collection":[{"href":"https:\/\/wildenherbals.com\/fr\/wp-json\/wp\/v2\/product"}],"about":[{"href":"https:\/\/wildenherbals.com\/fr\/wp-json\/wp\/v2\/types\/product"}],"wp:featuredmedia":[{"embeddable":true,"href":"https:\/\/wildenherbals.com\/fr\/wp-json\/wp\/v2\/media\/51098"}],"wp:attachment":[{"href":"https:\/\/wildenherbals.com\/fr\/wp-json\/wp\/v2\/media?parent=51039"}],"wp:term":[{"taxonomy":"product_brand","embeddable":true,"href":"https:\/\/wildenherbals.com\/fr\/wp-json\/wp\/v2\/product_brand?post=51039"},{"taxonomy":"product_cat","embeddable":true,"href":"https:\/\/wildenherbals.com\/fr\/wp-json\/wp\/v2\/product_cat?post=51039"},{"taxonomy":"product_tag","embeddable":true,"href":"https:\/\/wildenherbals.com\/fr\/wp-json\/wp\/v2\/product_tag?post=51039"},{"taxonomy":"partner","embeddable":true,"href":"https:\/\/wildenherbals.com\/fr\/wp-json\/wp\/v2\/partner?post=51039"},{"taxonomy":"line","embeddable":true,"href":"https:\/\/wildenherbals.com\/fr\/wp-json\/wp\/v2\/line?post=51039"}],"curies":[{"name":"wp","href":"https:\/\/api.w.org\/{rel}","templated":true}]}}