{"id":47970,"date":"2025-10-14T12:38:29","date_gmt":"2025-10-14T10:38:29","guid":{"rendered":"https:\/\/wildenherbals.com\/?post_type=product&#038;p=47970"},"modified":"2025-12-03T13:01:58","modified_gmt":"2025-12-03T12:01:58","slug":"gobelet-kinto-to-go-360ml-copia","status":"publish","type":"product","link":"https:\/\/wildenherbals.com\/fr\/shop\/accessoires\/gobelet-kinto-to-go-360ml-copia\/","title":{"rendered":"Gobelet Kinto To Go 360ml &#8211; Gris"},"content":{"rendered":"<p>TO GO TUMBLER est id\u00e9al pour les diff\u00e9rentes sc\u00e8nes de la journ\u00e9e, que ce soit pour aller au travail, en voiture ou pour se d\u00e9tendre.<\/p>\n<p>La nouvelle version est \u00e9quip\u00e9e d&rsquo;un bouchon qui \u00e9vite les d\u00e9versements pendant les voyages. Le bouchon rotatif s&rsquo;ouvre et se ferme facilement, ce qui permet de boire ais\u00e9ment. <\/p>\n<p>Le couvercle a une structure minimale pour une consommation confortable.<\/p>\n<p>Le verre \u00e0 isolation sous vide conserve la temp\u00e9rature et la saveur des boissons pendant longtemps et sa forme effil\u00e9e permet de le transporter facilement.<\/p>\n<p>Le design \u00e9pur\u00e9, avec une structure mate et des couleurs discr\u00e8tes, permet de se d\u00e9tendre en d\u00e9placement.<\/p>\n","protected":false},"excerpt":{"rendered":"<p>TO GO TUMBLER est votre compagnon id\u00e9al \u00e0 diff\u00e9rents moments de la journ\u00e9e : en allant au travail, en conduisant ou tout simplement en vous relaxant. Le couvercle a une structure minimale pour une consommation confortable. Le verre isotherme sous vide conserve la temp\u00e9rature et la saveur des boissons pendant longtemps. Sa forme fusel\u00e9e facilite le transport.  Le design \u00e9pur\u00e9, avec une texture mate et des couleurs discr\u00e8tes, permet de se d\u00e9tendre en d\u00e9placement.<\/p>\n","protected":false},"featured_media":0,"template":"","meta":{"_acf_changed":false,"inline_featured_image":false,"_mbp_gutenberg_autopost":false},"product_brand":[],"product_cat":[563],"product_tag":[],"partner":[],"line":[],"class_list":{"0":"post-47970","1":"product","2":"type-product","3":"status-publish","5":"product_cat-accessoires","7":"first","8":"instock","9":"taxable","10":"shipping-taxable","11":"purchasable","12":"product-type-simple"},"bundle_layout":"","bundled_by":[],"bundled_items":[],"acf":[],"_links":{"self":[{"href":"https:\/\/wildenherbals.com\/fr\/wp-json\/wp\/v2\/product\/47970","targetHints":{"allow":["GET"]}}],"collection":[{"href":"https:\/\/wildenherbals.com\/fr\/wp-json\/wp\/v2\/product"}],"about":[{"href":"https:\/\/wildenherbals.com\/fr\/wp-json\/wp\/v2\/types\/product"}],"wp:attachment":[{"href":"https:\/\/wildenherbals.com\/fr\/wp-json\/wp\/v2\/media?parent=47970"}],"wp:term":[{"taxonomy":"product_brand","embeddable":true,"href":"https:\/\/wildenherbals.com\/fr\/wp-json\/wp\/v2\/product_brand?post=47970"},{"taxonomy":"product_cat","embeddable":true,"href":"https:\/\/wildenherbals.com\/fr\/wp-json\/wp\/v2\/product_cat?post=47970"},{"taxonomy":"product_tag","embeddable":true,"href":"https:\/\/wildenherbals.com\/fr\/wp-json\/wp\/v2\/product_tag?post=47970"},{"taxonomy":"partner","embeddable":true,"href":"https:\/\/wildenherbals.com\/fr\/wp-json\/wp\/v2\/partner?post=47970"},{"taxonomy":"line","embeddable":true,"href":"https:\/\/wildenherbals.com\/fr\/wp-json\/wp\/v2\/line?post=47970"}],"curies":[{"name":"wp","href":"https:\/\/api.w.org\/{rel}","templated":true}]}}