{"id":47348,"date":"2025-10-07T12:53:15","date_gmt":"2025-10-07T10:53:15","guid":{"rendered":"https:\/\/wildenherbals.com\/?post_type=product&#038;p=47348"},"modified":"2025-12-10T12:47:44","modified_gmt":"2025-12-10T11:47:44","slug":"remedium-organic-herbal-tea-no-8-renaitre-copia","status":"publish","type":"product","link":"https:\/\/wildenherbals.com\/fr\/shop\/tisanes\/remedium-organic-herbal-tea-no-8-renaitre-copia\/","title":{"rendered":"Th\u00e9 vert Sencha"},"content":{"rendered":"<p>Parmi les th\u00e9s verts les plus populaires, le Sencha est une c\u00e9l\u00e9bration de la fra\u00eecheur et de la puret\u00e9. Caract\u00e9ris\u00e9 par un go\u00fbt vif et v\u00e9g\u00e9tal, il \u00e9voque des notes d&rsquo;herbe fra\u00eechement coup\u00e9e, accompagn\u00e9es d&rsquo;un arri\u00e8re-go\u00fbt doux et \u00e9quilibr\u00e9. Id\u00e9al pour ceux qui recherchent une pause rajeunissante et riche en bien-\u00eatre<br \/>\n, le Sencha transforme chaque gorg\u00e9e en un moment d&rsquo;harmonie naturelle.  <\/p>\n","protected":false},"excerpt":{"rendered":"<p>Parmi les th\u00e9s verts les plus populaires, le Sencha est une c\u00e9l\u00e9bration de la fra\u00eecheur et de la puret\u00e9. Caract\u00e9ris\u00e9 par un go\u00fbt vif et v\u00e9g\u00e9tal, il \u00e9voque des notes d&rsquo;herbe fra\u00eechement coup\u00e9e, accompagn\u00e9es d&rsquo;un arri\u00e8re-go\u00fbt doux et \u00e9quilibr\u00e9. Id\u00e9al pour ceux qui recherchent une pause rajeunissante et riche en bien-\u00eatre , le Sencha transforme [&hellip;]<\/p>\n","protected":false},"featured_media":47362,"template":"","meta":{"_acf_changed":false,"inline_featured_image":false,"_mbp_gutenberg_autopost":false},"product_brand":[],"product_cat":[542,544],"product_tag":[545,1510,1509,680,1508],"partner":[],"line":[1785],"class_list":{"0":"post-47348","1":"product","2":"type-product","3":"status-publish","4":"has-post-thumbnail","6":"product_cat-tisanes","7":"product_cat-en-sachet","8":"product_tag-bien-etre","9":"product_tag-depuratif","10":"product_tag-purification-fr-2","11":"product_tag-relaxant","12":"product_tag-revitaliser","13":"line-ligne-the-faible-teneur-en-cafeine","15":"first","16":"instock","17":"taxable","18":"shipping-taxable","19":"purchasable","20":"product-type-variable"},"bundle_layout":"","bundled_by":[],"bundled_items":[],"acf":[],"_links":{"self":[{"href":"https:\/\/wildenherbals.com\/fr\/wp-json\/wp\/v2\/product\/47348","targetHints":{"allow":["GET"]}}],"collection":[{"href":"https:\/\/wildenherbals.com\/fr\/wp-json\/wp\/v2\/product"}],"about":[{"href":"https:\/\/wildenherbals.com\/fr\/wp-json\/wp\/v2\/types\/product"}],"wp:featuredmedia":[{"embeddable":true,"href":"https:\/\/wildenherbals.com\/fr\/wp-json\/wp\/v2\/media\/47362"}],"wp:attachment":[{"href":"https:\/\/wildenherbals.com\/fr\/wp-json\/wp\/v2\/media?parent=47348"}],"wp:term":[{"taxonomy":"product_brand","embeddable":true,"href":"https:\/\/wildenherbals.com\/fr\/wp-json\/wp\/v2\/product_brand?post=47348"},{"taxonomy":"product_cat","embeddable":true,"href":"https:\/\/wildenherbals.com\/fr\/wp-json\/wp\/v2\/product_cat?post=47348"},{"taxonomy":"product_tag","embeddable":true,"href":"https:\/\/wildenherbals.com\/fr\/wp-json\/wp\/v2\/product_tag?post=47348"},{"taxonomy":"partner","embeddable":true,"href":"https:\/\/wildenherbals.com\/fr\/wp-json\/wp\/v2\/partner?post=47348"},{"taxonomy":"line","embeddable":true,"href":"https:\/\/wildenherbals.com\/fr\/wp-json\/wp\/v2\/line?post=47348"}],"curies":[{"name":"wp","href":"https:\/\/api.w.org\/{rel}","templated":true}]}}