{"id":47226,"date":"2025-10-07T11:26:48","date_gmt":"2025-10-07T09:26:48","guid":{"rendered":"https:\/\/wildenherbals.com\/?post_type=product&#038;p=47226"},"modified":"2025-10-13T18:11:59","modified_gmt":"2025-10-13T16:11:59","slug":"herbpress-lemon-verbena-softpack-20-filtres-carres-copia-copia-copia-copia-copia-copia-copia-copia-copia-copia-3","status":"publish","type":"product","link":"https:\/\/wildenherbals.com\/fr\/shop\/tisanes\/herbpress-lemon-verbena-softpack-20-filtres-carres-copia-copia-copia-copia-copia-copia-copia-copia-copia-copia-3\/","title":{"rendered":"Botanica Propria Verveine Citron &#8211; 30 Sachets"},"content":{"rendered":"<p>Avec son ar\u00f4me vif et rafra\u00eechissant, il est parfait pour une tisane qui stimule les sens et donne une sensation d&rsquo;\u00e9nergie et de fra\u00eecheur.<\/p>\n<p>Mode de consommation : chaque sachet est con\u00e7u pour \u00eatre utilis\u00e9 dans de l&rsquo;eau d&rsquo;une contenance maximale de 500 ml.<\/p>\n<p>Lorsque vous achetez nos tisanes dans le format de 30 sachets en coton, vous recevez en cadeau notre sac en coton pratique et \u00e9l\u00e9gant. R\u00e9utilisable et parfait comme paquet cadeau, c&rsquo;est un petit geste qui rendra vos moments de d\u00e9tente encore plus sp\u00e9ciaux. <\/p>\n","protected":false},"excerpt":{"rendered":"<p>Tisane de <strong data-start=\"89\" data-end=\"106\">verveine citronn\u00e9e<\/strong>, id\u00e9ale pour faciliter la <strong data-start=\"128\" data-end=\"150\">digestion et la relaxation<\/strong>. Chaque paquet contient <strong data-start=\"177\" data-end=\"199\">20 filtres carr\u00e9s<\/strong> <strong data-start=\"230\" data-end=\"243\">compatibles avec Herbpress<\/strong>. Avec son go\u00fbt <strong data-start=\"257\" data-end=\"288\">frais, citronn\u00e9 et naturel<\/strong>, elle est parfaite \u00e0 tout moment de la journ\u00e9e.  <\/p>\n","protected":false},"featured_media":36031,"template":"","meta":{"_acf_changed":false,"inline_featured_image":false,"_mbp_gutenberg_autopost":false},"product_brand":[],"product_cat":[542],"product_tag":[],"partner":[],"line":[1780],"class_list":{"0":"post-47226","1":"product","2":"type-product","3":"status-publish","4":"has-post-thumbnail","6":"product_cat-tisanes","7":"product_shipping_class-herbpress-spedizione-da-it-fr","8":"line-ligne-botanique-propre","10":"first","11":"instock","12":"taxable","13":"shipping-taxable","14":"purchasable","15":"product-type-simple"},"bundle_layout":"","bundled_by":[],"bundled_items":[],"acf":[],"_links":{"self":[{"href":"https:\/\/wildenherbals.com\/fr\/wp-json\/wp\/v2\/product\/47226","targetHints":{"allow":["GET"]}}],"collection":[{"href":"https:\/\/wildenherbals.com\/fr\/wp-json\/wp\/v2\/product"}],"about":[{"href":"https:\/\/wildenherbals.com\/fr\/wp-json\/wp\/v2\/types\/product"}],"wp:featuredmedia":[{"embeddable":true,"href":"https:\/\/wildenherbals.com\/fr\/wp-json\/wp\/v2\/media\/36031"}],"wp:attachment":[{"href":"https:\/\/wildenherbals.com\/fr\/wp-json\/wp\/v2\/media?parent=47226"}],"wp:term":[{"taxonomy":"product_brand","embeddable":true,"href":"https:\/\/wildenherbals.com\/fr\/wp-json\/wp\/v2\/product_brand?post=47226"},{"taxonomy":"product_cat","embeddable":true,"href":"https:\/\/wildenherbals.com\/fr\/wp-json\/wp\/v2\/product_cat?post=47226"},{"taxonomy":"product_tag","embeddable":true,"href":"https:\/\/wildenherbals.com\/fr\/wp-json\/wp\/v2\/product_tag?post=47226"},{"taxonomy":"partner","embeddable":true,"href":"https:\/\/wildenherbals.com\/fr\/wp-json\/wp\/v2\/partner?post=47226"},{"taxonomy":"line","embeddable":true,"href":"https:\/\/wildenherbals.com\/fr\/wp-json\/wp\/v2\/line?post=47226"}],"curies":[{"name":"wp","href":"https:\/\/api.w.org\/{rel}","templated":true}]}}