{"id":47151,"date":"2025-09-30T08:45:06","date_gmt":"2025-09-30T06:45:06","guid":{"rendered":"https:\/\/wildenherbals.com\/?post_type=product&#038;p=47151"},"modified":"2025-10-15T15:02:09","modified_gmt":"2025-10-15T13:02:09","slug":"herbpress-lemon-verbena-softpack-20-filtres-carres-copia-copia-copia-copia-copia-copia-copia-copia-3","status":"publish","type":"product","link":"https:\/\/wildenherbals.com\/fr\/shop\/tisanes\/herbpress-lemon-verbena-softpack-20-filtres-carres-copia-copia-copia-copia-copia-copia-copia-copia-3\/","title":{"rendered":"M\u00e9lange \u00e0 faible teneur en caf\u00e9ine 01 &#8211; Pour respirer &#8211; SoftPack 10 pcs"},"content":{"rendered":"<p>\u00ab\u00a0\u3075\u308b\u3055\u3068 (Furusato)\u00a0\u00bb est la maison du c\u0153ur, un endroit<br \/>\no\u00f9 les souvenirs s&rsquo;attardent, o\u00f9 les racines sont profondes et o\u00f9 l&rsquo;\u00e2me trouve son v\u00e9ritable sentiment d&rsquo;appartenance.<\/p>\n","protected":false},"excerpt":{"rendered":"<p>Tisane de <strong data-start=\"89\" data-end=\"106\">verveine citronn\u00e9e<\/strong>, id\u00e9ale pour faciliter la <strong data-start=\"128\" data-end=\"150\">digestion et la relaxation<\/strong>. Chaque paquet contient <strong data-start=\"177\" data-end=\"199\">20 filtres carr\u00e9s<\/strong> <strong data-start=\"230\" data-end=\"243\">compatibles avec Herbpress<\/strong>. Avec son go\u00fbt <strong data-start=\"257\" data-end=\"288\">frais, citronn\u00e9 et naturel<\/strong>, elle est parfaite \u00e0 tout moment de la journ\u00e9e.  <\/p>\n","protected":false},"featured_media":47702,"template":"","meta":{"_acf_changed":false,"inline_featured_image":false,"_mbp_gutenberg_autopost":false},"product_brand":[],"product_cat":[542],"product_tag":[],"partner":[],"line":[1791],"class_list":{"0":"post-47151","1":"product","2":"type-product","3":"status-publish","4":"has-post-thumbnail","6":"product_cat-tisanes","7":"product_shipping_class-herbpress-spedizione-da-it-fr","8":"line-ligne-lowcaffeine","10":"first","11":"instock","12":"taxable","13":"shipping-taxable","14":"purchasable","15":"product-type-simple"},"bundle_layout":"","bundled_by":[],"bundled_items":[],"acf":[],"_links":{"self":[{"href":"https:\/\/wildenherbals.com\/fr\/wp-json\/wp\/v2\/product\/47151","targetHints":{"allow":["GET"]}}],"collection":[{"href":"https:\/\/wildenherbals.com\/fr\/wp-json\/wp\/v2\/product"}],"about":[{"href":"https:\/\/wildenherbals.com\/fr\/wp-json\/wp\/v2\/types\/product"}],"wp:featuredmedia":[{"embeddable":true,"href":"https:\/\/wildenherbals.com\/fr\/wp-json\/wp\/v2\/media\/47702"}],"wp:attachment":[{"href":"https:\/\/wildenherbals.com\/fr\/wp-json\/wp\/v2\/media?parent=47151"}],"wp:term":[{"taxonomy":"product_brand","embeddable":true,"href":"https:\/\/wildenherbals.com\/fr\/wp-json\/wp\/v2\/product_brand?post=47151"},{"taxonomy":"product_cat","embeddable":true,"href":"https:\/\/wildenherbals.com\/fr\/wp-json\/wp\/v2\/product_cat?post=47151"},{"taxonomy":"product_tag","embeddable":true,"href":"https:\/\/wildenherbals.com\/fr\/wp-json\/wp\/v2\/product_tag?post=47151"},{"taxonomy":"partner","embeddable":true,"href":"https:\/\/wildenherbals.com\/fr\/wp-json\/wp\/v2\/partner?post=47151"},{"taxonomy":"line","embeddable":true,"href":"https:\/\/wildenherbals.com\/fr\/wp-json\/wp\/v2\/line?post=47151"}],"curies":[{"name":"wp","href":"https:\/\/api.w.org\/{rel}","templated":true}]}}