{"id":47121,"date":"2025-09-30T08:31:20","date_gmt":"2025-09-30T06:31:20","guid":{"rendered":"https:\/\/wildenherbals.com\/?post_type=product&#038;p=47121"},"modified":"2025-10-13T18:09:58","modified_gmt":"2025-10-13T16:09:58","slug":"herbpress-lemon-verbena-softpack-20-filtres-carres-copia-copia-copia-copia-copia-2","status":"publish","type":"product","link":"https:\/\/wildenherbals.com\/fr\/shop\/herbpress-fr\/herbpress-lemon-verbena-softpack-20-filtres-carres-copia-copia-copia-copia-copia-2\/","title":{"rendered":"Herbpress Chai Black Tea 20 filtres carr\u00e9s"},"content":{"rendered":"<p>Un th\u00e9 noir raffin\u00e9 \u00e0 l&rsquo;ar\u00f4me enveloppant, \u00e0 la chaleur douce et \u00e0 la finale brillante et rafra\u00eechissante qui ravive les sens ; harmonieux et aromatique, d\u00e9licieux servi chaud ou sur glace.<br \/>\nUn th\u00e9 noir raffin\u00e9 \u00e0 l&rsquo;ar\u00f4me enveloppant, \u00e0 la chaleur douce et \u00e0 la finale brillante et rafra\u00eechissante ; harmonieux et aromatique, d\u00e9licieux servi chaud ou sur glace.<\/p>\n","protected":false},"excerpt":{"rendered":"<p>Tisane de <strong data-start=\"89\" data-end=\"106\">verveine citronn\u00e9e<\/strong>, id\u00e9ale pour faciliter la <strong data-start=\"128\" data-end=\"150\">digestion et la relaxation<\/strong>. Chaque paquet contient <strong data-start=\"177\" data-end=\"199\">20 filtres carr\u00e9s<\/strong> <strong data-start=\"230\" data-end=\"243\">compatibles avec Herbpress<\/strong>. Avec son go\u00fbt <strong data-start=\"257\" data-end=\"288\">frais, citronn\u00e9 et naturel<\/strong>, elle est parfaite \u00e0 tout moment de la journ\u00e9e.  <\/p>\n","protected":false},"featured_media":47589,"template":"","meta":{"_acf_changed":false,"inline_featured_image":false,"_mbp_gutenberg_autopost":false},"product_brand":[],"product_cat":[1641],"product_tag":[],"partner":[],"line":[],"class_list":{"0":"post-47121","1":"product","2":"type-product","3":"status-publish","4":"has-post-thumbnail","6":"product_cat-herbpress-fr","7":"product_shipping_class-herbpress-spedizione-da-it-fr","9":"first","10":"instock","11":"taxable","12":"shipping-taxable","13":"purchasable","14":"product-type-simple"},"bundle_layout":"","bundled_by":[],"bundled_items":[],"acf":[],"_links":{"self":[{"href":"https:\/\/wildenherbals.com\/fr\/wp-json\/wp\/v2\/product\/47121","targetHints":{"allow":["GET"]}}],"collection":[{"href":"https:\/\/wildenherbals.com\/fr\/wp-json\/wp\/v2\/product"}],"about":[{"href":"https:\/\/wildenherbals.com\/fr\/wp-json\/wp\/v2\/types\/product"}],"wp:featuredmedia":[{"embeddable":true,"href":"https:\/\/wildenherbals.com\/fr\/wp-json\/wp\/v2\/media\/47589"}],"wp:attachment":[{"href":"https:\/\/wildenherbals.com\/fr\/wp-json\/wp\/v2\/media?parent=47121"}],"wp:term":[{"taxonomy":"product_brand","embeddable":true,"href":"https:\/\/wildenherbals.com\/fr\/wp-json\/wp\/v2\/product_brand?post=47121"},{"taxonomy":"product_cat","embeddable":true,"href":"https:\/\/wildenherbals.com\/fr\/wp-json\/wp\/v2\/product_cat?post=47121"},{"taxonomy":"product_tag","embeddable":true,"href":"https:\/\/wildenherbals.com\/fr\/wp-json\/wp\/v2\/product_tag?post=47121"},{"taxonomy":"partner","embeddable":true,"href":"https:\/\/wildenherbals.com\/fr\/wp-json\/wp\/v2\/partner?post=47121"},{"taxonomy":"line","embeddable":true,"href":"https:\/\/wildenherbals.com\/fr\/wp-json\/wp\/v2\/line?post=47121"}],"curies":[{"name":"wp","href":"https:\/\/api.w.org\/{rel}","templated":true}]}}