{"id":46968,"date":"2025-09-29T20:11:12","date_gmt":"2025-09-29T18:11:12","guid":{"rendered":"https:\/\/wildenherbals.com\/?post_type=product&#038;p=46968"},"modified":"2025-10-13T18:13:26","modified_gmt":"2025-10-13T16:13:26","slug":"pochette-bio-couleurs-de-la-terre-copia","status":"publish","type":"product","link":"https:\/\/wildenherbals.com\/fr\/shop\/textile-fr\/pochette-bio-couleurs-de-la-terre-copia\/","title":{"rendered":"Pochette biologique &#8211; Couleurs de la terre &#8211; terre rouge"},"content":{"rendered":"<p><span style=\"font-weight: 400;\">Sac polyvalent.  <\/span><span style=\"font-weight: 400;\">Fabriqu\u00e9 en coton, soie et ortie biologiques et teint\u00e9 avec de la vieille terre italienne.  <\/span><span style=\"font-weight: 400;\">Un artefact qui donne corps au concept de durabilit\u00e9, depuis le tissu, en panama de coton biologique, jusqu&rsquo;\u00e0 la m\u00e9thode de teinture, r\u00e9alis\u00e9e avec des extraits de plantes selon d&rsquo;anciennes recettes de teinture.  <\/span><span style=\"font-weight: 400;\">Chaque pi\u00e8ce est unique, avec des nuances et des variations de couleurs, pour donner le sentiment d&rsquo;avoir la nature entre les mains.  <\/span><\/p>\n<p><span style=\"font-weight: 400;\">Parfait pour stocker et transporter les produits Wilden&rsquo;s larder &#8211; des sachets de tisane aux confitures en passant par les pots de miel.<\/span><\/p>\n<p><span style=\"font-weight: 400;\">Couleurs : Terre jaune, Terre rouge, Terre verte  <\/span><\/p>\n<p>Dimensions : 11x11x13 cm<\/p>\n<p><i><span style=\"font-weight: 400;\">Nous vous recommandons de le laver d\u00e9licatement, \u00e0 une temp\u00e9rature maximale de 30 degr\u00e9s, avec une lessive pour laine ou soie pr\u00e9alablement dissoute dans l&rsquo;eau.  <\/span><\/i><i><span style=\"font-weight: 400;\">Ne pas exposer au soleil, ne pas blanchir, ne pas utiliser de substances acides.<\/span><\/i><\/p>\n","protected":false},"excerpt":{"rendered":"<p>Sac polyvalent. Fabriqu\u00e9 en coton, soie et ortie biologiques et teint\u00e9 avec de la vieille terre italienne. Un artefact qui donne corps au concept de durabilit\u00e9, depuis le tissu, en panama de coton biologique, jusqu&rsquo;\u00e0 la m\u00e9thode de teinture, r\u00e9alis\u00e9e avec des extraits de plantes selon d&rsquo;anciennes recettes de teinture. Chaque pi\u00e8ce est unique, avec [&hellip;]<\/p>\n","protected":false},"featured_media":25293,"template":"","meta":{"_acf_changed":false,"inline_featured_image":false,"_mbp_gutenberg_autopost":false},"product_brand":[],"product_cat":[660,792],"product_tag":[],"partner":[],"line":[],"class_list":{"0":"post-46968","1":"product","2":"type-product","3":"status-publish","4":"has-post-thumbnail","6":"product_cat-textile-fr","7":"product_cat-autre-fr","9":"first","10":"instock","11":"taxable","12":"shipping-taxable","13":"purchasable","14":"product-type-variable"},"bundle_layout":"","bundled_by":[],"bundled_items":[],"acf":[],"_links":{"self":[{"href":"https:\/\/wildenherbals.com\/fr\/wp-json\/wp\/v2\/product\/46968","targetHints":{"allow":["GET"]}}],"collection":[{"href":"https:\/\/wildenherbals.com\/fr\/wp-json\/wp\/v2\/product"}],"about":[{"href":"https:\/\/wildenherbals.com\/fr\/wp-json\/wp\/v2\/types\/product"}],"wp:featuredmedia":[{"embeddable":true,"href":"https:\/\/wildenherbals.com\/fr\/wp-json\/wp\/v2\/media\/25293"}],"wp:attachment":[{"href":"https:\/\/wildenherbals.com\/fr\/wp-json\/wp\/v2\/media?parent=46968"}],"wp:term":[{"taxonomy":"product_brand","embeddable":true,"href":"https:\/\/wildenherbals.com\/fr\/wp-json\/wp\/v2\/product_brand?post=46968"},{"taxonomy":"product_cat","embeddable":true,"href":"https:\/\/wildenherbals.com\/fr\/wp-json\/wp\/v2\/product_cat?post=46968"},{"taxonomy":"product_tag","embeddable":true,"href":"https:\/\/wildenherbals.com\/fr\/wp-json\/wp\/v2\/product_tag?post=46968"},{"taxonomy":"partner","embeddable":true,"href":"https:\/\/wildenherbals.com\/fr\/wp-json\/wp\/v2\/partner?post=46968"},{"taxonomy":"line","embeddable":true,"href":"https:\/\/wildenherbals.com\/fr\/wp-json\/wp\/v2\/line?post=46968"}],"curies":[{"name":"wp","href":"https:\/\/api.w.org\/{rel}","templated":true}]}}