{"id":46934,"date":"2025-09-29T20:05:32","date_gmt":"2025-09-29T18:05:32","guid":{"rendered":"https:\/\/wildenherbals.com\/?post_type=product&#038;p=46934"},"modified":"2025-10-13T18:13:10","modified_gmt":"2025-10-13T16:13:10","slug":"shopper-wild-natural-avec-poche-et-porte-bouteille-copia","status":"publish","type":"product","link":"https:\/\/wildenherbals.com\/fr\/shop\/textile-fr\/shopper-wild-natural-avec-poche-et-porte-bouteille-copia\/","title":{"rendered":"Shopper Wild Natural &#8211; avec poche et porte-bouteille &#8211; terre rouge"},"content":{"rendered":"<p>Sac de shopping en pur lin \u00e9pais, teint\u00e9 \u00e0 la main avec des couleurs naturelles de la terre. \u00c0 l&rsquo;int\u00e9rieur, deux sangles permettent de placer le thermos Kinto x Wilden.herbals et de le maintenir fermement en place, tandis qu&rsquo;\u00e0 l&rsquo;ext\u00e9rieur se trouve une poche.<br \/>\nEssentiel, solide et ergonomique, il est con\u00e7u pour vous accompagner tous les jours au bureau, \u00e0 la salle de sport ou dans les magasins. Chaque sac est fait \u00e0 la main et teint \u00e0 la main selon des recettes anciennes avec des couleurs naturelles.  <\/p>\n<p>Coloris : Terre rouge\/Terre jaune<\/p>\n<p>Dimensions : 36&#215;34 cm &#8211; fa\u00e7ade 27&#215;34 cm &#8211; profondeur : 10 cm &#8211; poign\u00e9es : 26 cm<\/p>\n<p>\u00ab\u00a0<em>Merci d&rsquo;avoir choisi cette pi\u00e8ce faite \u00e0 la main, en tissu de fibres v\u00e9g\u00e9tales naturelles. <\/em><em>Chaque pi\u00e8ce a \u00e9t\u00e9 teint\u00e9e avec des couleurs naturelles de la terre italienne. <\/em><em>Les couleurs naturelles donnent une agr\u00e9able sensation d&rsquo;\u00e9nergie et de tranquillit\u00e9. <\/em><em>Chaque nuance ou variation de couleur est un symbole de son unicit\u00e9 naturelle.<\/em><br \/>\n<em>Nous vous recommandons de le laver d\u00e9licatement, \u00e0 une temp\u00e9rature maximale de 30 degr\u00e9s, avec une lessive pour laine ou soie pr\u00e9alablement dissoute dans l&rsquo;eau. <\/em><em>Ne pas exposer au soleil, ne pas blanchir, attention aux substances acides<\/em>\u00ab\u00a0.<\/p>\n","protected":false},"excerpt":{"rendered":"<p>Sac de shopping en pur lin \u00e9pais, teint\u00e9 \u00e0 la main avec des couleurs naturelles de la terre. \u00c0 l&rsquo;int\u00e9rieur, deux sangles permettent de placer le thermos Kinto x Wilden.herbals et de le maintenir fermement en place, tandis qu&rsquo;\u00e0 l&rsquo;ext\u00e9rieur se trouve une poche. Essentiel, solide et ergonomique, il est con\u00e7u pour vous accompagner tous [&hellip;]<\/p>\n","protected":false},"featured_media":25314,"template":"","meta":{"_acf_changed":false,"inline_featured_image":false,"_mbp_gutenberg_autopost":false},"product_brand":[],"product_cat":[660,661],"product_tag":[],"partner":[],"line":[],"class_list":{"0":"post-46934","1":"product","2":"type-product","3":"status-publish","4":"has-post-thumbnail","6":"product_cat-textile-fr","7":"product_cat-sac-shopping","9":"first","10":"instock","11":"taxable","12":"shipping-taxable","13":"purchasable","14":"product-type-variable"},"bundle_layout":"","bundled_by":[],"bundled_items":[],"acf":[],"_links":{"self":[{"href":"https:\/\/wildenherbals.com\/fr\/wp-json\/wp\/v2\/product\/46934","targetHints":{"allow":["GET"]}}],"collection":[{"href":"https:\/\/wildenherbals.com\/fr\/wp-json\/wp\/v2\/product"}],"about":[{"href":"https:\/\/wildenherbals.com\/fr\/wp-json\/wp\/v2\/types\/product"}],"wp:featuredmedia":[{"embeddable":true,"href":"https:\/\/wildenherbals.com\/fr\/wp-json\/wp\/v2\/media\/25314"}],"wp:attachment":[{"href":"https:\/\/wildenherbals.com\/fr\/wp-json\/wp\/v2\/media?parent=46934"}],"wp:term":[{"taxonomy":"product_brand","embeddable":true,"href":"https:\/\/wildenherbals.com\/fr\/wp-json\/wp\/v2\/product_brand?post=46934"},{"taxonomy":"product_cat","embeddable":true,"href":"https:\/\/wildenherbals.com\/fr\/wp-json\/wp\/v2\/product_cat?post=46934"},{"taxonomy":"product_tag","embeddable":true,"href":"https:\/\/wildenherbals.com\/fr\/wp-json\/wp\/v2\/product_tag?post=46934"},{"taxonomy":"partner","embeddable":true,"href":"https:\/\/wildenherbals.com\/fr\/wp-json\/wp\/v2\/partner?post=46934"},{"taxonomy":"line","embeddable":true,"href":"https:\/\/wildenherbals.com\/fr\/wp-json\/wp\/v2\/line?post=46934"}],"curies":[{"name":"wp","href":"https:\/\/api.w.org\/{rel}","templated":true}]}}