{"id":45723,"date":"2025-06-26T13:26:29","date_gmt":"2025-06-26T11:26:29","guid":{"rendered":"https:\/\/wildenherbals.com\/?post_type=product&#038;p=45723"},"modified":"2026-03-06T10:58:57","modified_gmt":"2026-03-06T09:58:57","slug":"filtre-herbpress-et-disque-diffuseur-copia-copia-3","status":"publish","type":"product","link":"https:\/\/wildenherbals.com\/fr\/shop\/herbpress-fr\/filtre-herbpress-et-disque-diffuseur-copia-copia-3\/","title":{"rendered":"FILTRE HERBPRESS4 \u00d8 int\u00e9rieur 54 mm \u00d8 bord 62,5 mm Tassage : 53 \/ 53,4 mm Compatibilit\u00e9 compl\u00e8te : Breville \/ Sage, Solis"},"content":{"rendered":"<p data-start=\"159\" data-end=\"233\"><strong data-start=\"159\" data-end=\"233\">Herbpress : infusion pr\u00eate en 60 secondes avec votre machine \u00e0 espresso<\/strong><\/p>\n<p data-start=\"235\" data-end=\"540\">Herbpress est la premi\u00e8re technologie brevet\u00e9e, d\u00e9velopp\u00e9e par Wilden Herbals en collaboration avec IMS, qui vous permet de pr\u00e9parer des tisanes et des infusions avec votre machine \u00e0 espresso. Elle allie <strong data-start=\"428\" data-end=\"442\">pr\u00e9cision<\/strong>, <strong data-start=\"444\" data-end=\"456\">rapidit\u00e9<\/strong> et <strong data-start=\"459\" data-end=\"482\">intensit\u00e9 aromatique<\/strong> pour un r\u00e9sultat \u00e9tonnant, pr\u00eat en seulement 60 secondes. <\/p>\n<p data-start=\"547\" data-end=\"570\"><strong data-start=\"547\" data-end=\"570\">Ce qu&rsquo;il comprend :<\/strong><\/p>\n<p data-start=\"572\" data-end=\"697\">Ce kit <strong data-start=\"592\" data-end=\"641\">ne<\/strong> contient <strong data-start=\"592\" data-end=\"641\">que le filtre et le disque de diffusion<\/strong> n\u00e9cessaires \u00e0 l&rsquo;extraction avec la technologie Herbpress. Pour profiter imm\u00e9diatement de l&rsquo;exp\u00e9rience Herbpress, nous vous recommandons d&rsquo;acheter un autre kit :<\/p>\n<ul data-start=\"794\" data-end=\"947\">\n<li data-start=\"794\" data-end=\"856\">\n<p data-start=\"796\" data-end=\"856\">Le kit <a href=\"http:\/\/www.wildenherbals.com\/shop\/herbpress\/herbpress-kit-2\/\" target=\"_blank\" rel=\"noopener\"><strong data-start=\"799\" data-end=\"815\">kit de test<\/strong><\/a>qui comprend 4 th\u00e9s en sachet<\/p>\n<\/li>\n<li data-start=\"857\" data-end=\"947\">\n<p data-start=\"859\" data-end=\"947\">Ou encore les <strong data-start=\"869\" data-end=\"912\">m\u00e9langes compatibles au format softpack <\/strong>que vous pouvez trouver <a href=\"http:\/\/www.wildenherbals.com\/tipologia\/herbpress\/\" target=\"_blank\" rel=\"noopener\"><strong data-start=\"869\" data-end=\"912\">ici<\/strong><\/a>qui contiennent 20 filtres carr\u00e9s.<\/p>\n<\/li>\n<\/ul>\n<p data-start=\"859\" data-end=\"947\"><strong data-start=\"954\" data-end=\"1002\">Trouvez le kit compatible avec votre machine :<\/strong><\/p>\n<p data-start=\"1004\" data-end=\"1199\">Choisissez la bonne version pour votre mod\u00e8le de machine \u00e0 espresso : v\u00e9rifiez les <strong data-start=\"1086\" data-end=\"1120\">variantes disponibles<\/strong> pour vous assurer de s\u00e9lectionner le filtre et le disque parfaitement compatibles.<\/p>\n<p data-start=\"126\" data-end=\"291\"><strong data-start=\"126\" data-end=\"184\">Technologie brevet\u00e9e <\/strong> pour l&rsquo;extraction d&rsquo;infusions et de tisanes avec une machine \u00e0 expresso. Intensit\u00e9 et vitesse d&rsquo;une infusion de 60 secondes. <\/p>\n<p data-start=\"298\" data-end=\"329\"><strong data-start=\"298\" data-end=\"329\">Caract\u00e9ristiques principales :<\/strong><\/p>\n<ul data-start=\"331\" data-end=\"745\">\n<li data-start=\"331\" data-end=\"609\">\n<p data-start=\"333\" data-end=\"357\"><strong data-start=\"333\" data-end=\"355\">Filtre HERBPRESS 4<\/strong><\/p>\n<ul data-start=\"360\" data-end=\"609\">\n<li data-start=\"360\" data-end=\"396\">\n<p data-start=\"362\" data-end=\"396\">Acier inoxydable 304 \u00e9lectropoli<\/p>\n<\/li>\n<li data-start=\"399\" data-end=\"435\">\n<p data-start=\"401\" data-end=\"435\">Trou unique \u00d8 0,30 mm au fond<\/p>\n<\/li>\n<li data-start=\"438\" data-end=\"499\">\n<p data-start=\"440\" data-end=\"499\">Membrane photod\u00e9coup\u00e9e AISI 301 (150 microns) + support 85 trous en acier brut 301<\/p>\n<\/li>\n<li data-start=\"502\" data-end=\"522\">\n<p data-start=\"504\" data-end=\"522\">Un design sans fioritures<\/p>\n<\/li>\n<li data-start=\"525\" data-end=\"562\">\n<p data-start=\"527\" data-end=\"562\">\u00d8 int\u00e9rieur 54 mm &#8211; \u00d8 bord 62,5 mm<\/p>\n<\/li>\n<li data-start=\"565\" data-end=\"609\">\n<p data-start=\"567\" data-end=\"609\">Compatible avec les presses de 53 \/ 53,4 mm<\/p>\n<\/li>\n<\/ul>\n<\/li>\n<li data-start=\"611\" data-end=\"745\">\n<p data-start=\"613\" data-end=\"642\"><strong data-start=\"613\" data-end=\"640\">DIFFUSEUR DE PALETTES 2 \/ 3 \/ 4<\/strong><\/p>\n<ul data-start=\"645\" data-end=\"745\">\n<li data-start=\"645\" data-end=\"677\">\n<p data-start=\"647\" data-end=\"677\">Acier inoxydable AISI 301<\/p>\n<\/li>\n<li data-start=\"680\" data-end=\"745\">\n<p data-start=\"682\" data-end=\"745\">Forage con\u00e7u pour une distribution uniforme de l&rsquo;eau<\/p>\n<\/li>\n<\/ul>\n<\/li>\n<\/ul>\n<p data-start=\"752\" data-end=\"779\"><strong data-start=\"752\" data-end=\"777\">Utilisation recommand\u00e9e :<\/strong><\/p>\n<ul data-start=\"780\" data-end=\"869\">\n<li data-start=\"780\" data-end=\"809\">\n<p data-start=\"782\" data-end=\"809\">Dose : 1,5 &#8211; 2 g de plantes<\/p>\n<\/li>\n<li data-start=\"810\" data-end=\"846\">\n<p data-start=\"812\" data-end=\"846\">Extraction : 150-180 ml en 60 secondes<\/p>\n<\/li>\n<li data-start=\"847\" data-end=\"869\">\n<p data-start=\"849\" data-end=\"869\">Pression : 8-9 bar<\/p>\n<\/li>\n<\/ul>\n<p data-start=\"876\" data-end=\"929\"><strong data-start=\"876\" data-end=\"903\">Compatibilit\u00e0 completa:<\/strong><br data-start=\"903\" data-end=\"906\">Breville \/ Sage, Solis.<\/p>\n","protected":false},"excerpt":{"rendered":"<p>Herbpress : infusion pr\u00eate en 60 secondes avec votre machine \u00e0 espresso Herbpress est la premi\u00e8re technologie brevet\u00e9e, d\u00e9velopp\u00e9e par Wilden Herbals en collaboration avec IMS, qui vous permet de pr\u00e9parer des tisanes et des infusions avec votre machine \u00e0 espresso. Elle allie pr\u00e9cision, rapidit\u00e9 et intensit\u00e9 aromatique pour un r\u00e9sultat \u00e9tonnant, pr\u00eat en seulement [&hellip;]<\/p>\n","protected":false},"featured_media":44507,"template":"","meta":{"_acf_changed":false,"inline_featured_image":false,"_mbp_gutenberg_autopost":false},"product_brand":[],"product_cat":[1641],"product_tag":[],"partner":[],"line":[],"class_list":{"0":"post-45723","1":"product","2":"type-product","3":"status-publish","4":"has-post-thumbnail","6":"product_cat-herbpress-fr","7":"product_shipping_class-herbpress-spedizione-da-it-fr","9":"first","10":"instock","11":"taxable","12":"shipping-taxable","13":"purchasable","14":"product-type-simple"},"bundle_layout":"","bundled_by":[],"bundled_items":[],"acf":[],"_links":{"self":[{"href":"https:\/\/wildenherbals.com\/fr\/wp-json\/wp\/v2\/product\/45723","targetHints":{"allow":["GET"]}}],"collection":[{"href":"https:\/\/wildenherbals.com\/fr\/wp-json\/wp\/v2\/product"}],"about":[{"href":"https:\/\/wildenherbals.com\/fr\/wp-json\/wp\/v2\/types\/product"}],"wp:featuredmedia":[{"embeddable":true,"href":"https:\/\/wildenherbals.com\/fr\/wp-json\/wp\/v2\/media\/44507"}],"wp:attachment":[{"href":"https:\/\/wildenherbals.com\/fr\/wp-json\/wp\/v2\/media?parent=45723"}],"wp:term":[{"taxonomy":"product_brand","embeddable":true,"href":"https:\/\/wildenherbals.com\/fr\/wp-json\/wp\/v2\/product_brand?post=45723"},{"taxonomy":"product_cat","embeddable":true,"href":"https:\/\/wildenherbals.com\/fr\/wp-json\/wp\/v2\/product_cat?post=45723"},{"taxonomy":"product_tag","embeddable":true,"href":"https:\/\/wildenherbals.com\/fr\/wp-json\/wp\/v2\/product_tag?post=45723"},{"taxonomy":"partner","embeddable":true,"href":"https:\/\/wildenherbals.com\/fr\/wp-json\/wp\/v2\/partner?post=45723"},{"taxonomy":"line","embeddable":true,"href":"https:\/\/wildenherbals.com\/fr\/wp-json\/wp\/v2\/line?post=45723"}],"curies":[{"name":"wp","href":"https:\/\/api.w.org\/{rel}","templated":true}]}}