{"id":45711,"date":"2025-06-26T13:12:43","date_gmt":"2025-06-26T11:12:43","guid":{"rendered":"https:\/\/wildenherbals.com\/?post_type=product&#038;p=45711"},"modified":"2026-03-06T10:59:54","modified_gmt":"2026-03-06T09:59:54","slug":"filtre-herbpress-et-disque-diffuseur-copia-copia-4","status":"publish","type":"product","link":"https:\/\/wildenherbals.com\/fr\/shop\/herbpress-fr\/filtre-herbpress-et-disque-diffuseur-copia-copia-4\/","title":{"rendered":"FILTRE HERBPRESS1 \u00d8 int\u00e9rieur 59 mm \u00d8 bord 70 mm Tassage : 58 \/ 58,4 mm Compatibilit\u00e9 compl\u00e8te : Marzocco, Cimbali (d\u00e9veloppez pour voir toutes les marques compatibles)"},"content":{"rendered":"<p data-start=\"159\" data-end=\"233\"><strong data-start=\"159\" data-end=\"233\">Herbpress : infusion pr\u00eate en 60 secondes avec votre machine \u00e0 espresso<\/strong><\/p>\n<p data-start=\"235\" data-end=\"540\">Herbpress est la premi\u00e8re technologie brevet\u00e9e, d\u00e9velopp\u00e9e par Wilden Herbals en collaboration avec IMS, qui vous permet de pr\u00e9parer des tisanes et des infusions avec votre machine \u00e0 espresso. Elle allie <strong data-start=\"428\" data-end=\"442\">pr\u00e9cision<\/strong>, <strong data-start=\"444\" data-end=\"456\">rapidit\u00e9<\/strong> et <strong data-start=\"459\" data-end=\"482\">intensit\u00e9 aromatique<\/strong> pour un r\u00e9sultat \u00e9tonnant, pr\u00eat en seulement 60 secondes. <\/p>\n<p data-start=\"547\" data-end=\"570\"><strong data-start=\"547\" data-end=\"570\">Ce qu&rsquo;il comprend :<\/strong><\/p>\n<p data-start=\"572\" data-end=\"697\">Ce kit <strong data-start=\"592\" data-end=\"641\">ne<\/strong> contient <strong data-start=\"592\" data-end=\"641\">que le filtre et le disque de diffusion<\/strong> n\u00e9cessaires \u00e0 l&rsquo;extraction avec la technologie Herbpress. Pour profiter imm\u00e9diatement de l&rsquo;exp\u00e9rience Herbpress, nous vous recommandons d&rsquo;acheter un autre kit :<\/p>\n<ul data-start=\"794\" data-end=\"947\">\n<li data-start=\"794\" data-end=\"856\">\n<p data-start=\"796\" data-end=\"856\">Le kit <a href=\"http:\/\/www.wildenherbals.com\/shop\/herbpress\/herbpress-kit-2\/\" target=\"_blank\" rel=\"noopener\"><strong data-start=\"799\" data-end=\"815\">kit de test<\/strong><\/a>qui comprend 4 th\u00e9s en sachet<\/p>\n<\/li>\n<li data-start=\"857\" data-end=\"947\">\n<p data-start=\"859\" data-end=\"947\">Ou encore les <strong data-start=\"869\" data-end=\"912\">m\u00e9langes compatibles au format softpack <\/strong>que vous pouvez trouver <a href=\"http:\/\/www.wildenherbals.com\/tipologia\/herbpress\/\" target=\"_blank\" rel=\"noopener\"><strong data-start=\"869\" data-end=\"912\">ici<\/strong><\/a>qui contiennent 20 filtres carr\u00e9s.<\/p>\n<\/li>\n<\/ul>\n<p data-start=\"859\" data-end=\"947\"><strong data-start=\"954\" data-end=\"1002\">Trouvez le kit compatible avec votre machine :<\/strong><\/p>\n<p data-start=\"1004\" data-end=\"1199\">Choisissez la bonne version pour votre mod\u00e8le de machine \u00e0 espresso : v\u00e9rifiez les <strong data-start=\"1086\" data-end=\"1120\">variantes disponibles<\/strong> pour vous assurer de s\u00e9lectionner le filtre et le disque parfaitement compatibles.<\/p>\n<p data-start=\"83\" data-end=\"116\"><strong data-start=\"118\" data-end=\"176\">Technologie brevet\u00e9e <\/strong>pour l&rsquo;extraction d&rsquo;infusions et de tisanes avec une machine \u00e0 expresso. Extraction rapide, intense et propre en 60 secondes. <\/p>\n<p data-start=\"293\" data-end=\"324\"><strong data-start=\"293\" data-end=\"324\">Caract\u00e9ristiques principales :<\/strong><\/p>\n<ul data-start=\"326\" data-end=\"725\">\n<li data-start=\"326\" data-end=\"602\">\n<p data-start=\"328\" data-end=\"352\"><strong data-start=\"328\" data-end=\"350\">Filtre HERBPRESS 1<\/strong><\/p>\n<ul data-start=\"355\" data-end=\"602\">\n<li data-start=\"355\" data-end=\"391\">\n<p data-start=\"357\" data-end=\"391\">Acier inoxydable 304 \u00e9lectropoli<\/p>\n<\/li>\n<li data-start=\"394\" data-end=\"430\">\n<p data-start=\"396\" data-end=\"430\">Trou unique \u00d8 0,30 mm au fond<\/p>\n<\/li>\n<li data-start=\"433\" data-end=\"494\">\n<p data-start=\"435\" data-end=\"494\">Membrane photod\u00e9coup\u00e9e AISI 301 (150 microns) + support 85 trous en acier brut 301<\/p>\n<\/li>\n<li data-start=\"497\" data-end=\"517\">\n<p data-start=\"499\" data-end=\"517\">Un design sans fioritures<\/p>\n<\/li>\n<li data-start=\"520\" data-end=\"555\">\n<p data-start=\"522\" data-end=\"555\">\u00d8 int\u00e9rieur 59 mm &#8211; \u00d8 bord 70 mm<\/p>\n<\/li>\n<li data-start=\"558\" data-end=\"602\">\n<p data-start=\"560\" data-end=\"602\">Compatible avec les presses de 58 \/ 58.4 mm<\/p>\n<\/li>\n<\/ul>\n<\/li>\n<li data-start=\"604\" data-end=\"725\">\n<p data-start=\"606\" data-end=\"627\"><strong data-start=\"606\" data-end=\"625\">DIFFUSEUR DE PALETTES 1<\/strong><\/p>\n<ul data-start=\"630\" data-end=\"725\">\n<li data-start=\"630\" data-end=\"662\">\n<p data-start=\"632\" data-end=\"662\">Acier inoxydable AISI 301<\/p>\n<\/li>\n<li data-start=\"665\" data-end=\"725\">\n<p data-start=\"667\" data-end=\"725\">Per\u00e7age central optimis\u00e9 pour une distribution uniforme<\/p>\n<\/li>\n<\/ul>\n<\/li>\n<\/ul>\n<p data-start=\"732\" data-end=\"759\"><strong data-start=\"732\" data-end=\"757\">Utilisation recommand\u00e9e :<\/strong><\/p>\n<ul data-start=\"760\" data-end=\"849\">\n<li data-start=\"760\" data-end=\"789\">\n<p data-start=\"762\" data-end=\"789\">Dose : 1,5 &#8211; 2 g de plantes<\/p>\n<\/li>\n<li data-start=\"790\" data-end=\"826\">\n<p data-start=\"792\" data-end=\"826\">Extraction : 150-180 ml en 60 secondes<\/p>\n<\/li>\n<li data-start=\"827\" data-end=\"849\">\n<p data-start=\"829\" data-end=\"849\">Pression : 8-9 bar<\/p>\n<\/li>\n<\/ul>\n<p data-start=\"856\" data-end=\"1298\"><strong data-start=\"856\" data-end=\"883\">Compatibilit\u00e0 completa:<\/strong><br data-start=\"883\" data-end=\"886\">Ascaso, Astoria, Bezzera, Bfc, Bianchi, Brasilia, Brugnetti, Conti, DID Orchestrale, ECM, Elektra, Emanuale, Expobar, Faema, Faema E61, Fiorenzato, Fracino, Grimac, Kees Van Der Westen, La Marzocco, La Nuova Era, La Pavoni, La Scala, Londinium, Magister, Nuova Simonelli, Promac, Quality Espresso, Rancilio, Rocket, Royal First, SAB, Sanremo, Slayer, Superkop, SV, Synesso, VFA, Vibiemme, Victoria Arduino, Wega.<\/p>\n","protected":false},"excerpt":{"rendered":"<p>Herbpress : infusion pr\u00eate en 60 secondes avec votre machine \u00e0 espresso Herbpress est la premi\u00e8re technologie brevet\u00e9e, d\u00e9velopp\u00e9e par Wilden Herbals en collaboration avec IMS, qui vous permet de pr\u00e9parer des tisanes et des infusions avec votre machine \u00e0 espresso. Elle allie pr\u00e9cision, rapidit\u00e9 et intensit\u00e9 aromatique pour un r\u00e9sultat \u00e9tonnant, pr\u00eat en seulement [&hellip;]<\/p>\n","protected":false},"featured_media":44507,"template":"","meta":{"_acf_changed":false,"inline_featured_image":false,"_mbp_gutenberg_autopost":false},"product_brand":[],"product_cat":[1641],"product_tag":[],"partner":[],"line":[],"class_list":{"0":"post-45711","1":"product","2":"type-product","3":"status-publish","4":"has-post-thumbnail","6":"product_cat-herbpress-fr","7":"product_shipping_class-herbpress-spedizione-da-it-fr","9":"first","10":"instock","11":"taxable","12":"shipping-taxable","13":"purchasable","14":"product-type-simple"},"bundle_layout":"","bundled_by":[],"bundled_items":[],"acf":[],"_links":{"self":[{"href":"https:\/\/wildenherbals.com\/fr\/wp-json\/wp\/v2\/product\/45711","targetHints":{"allow":["GET"]}}],"collection":[{"href":"https:\/\/wildenherbals.com\/fr\/wp-json\/wp\/v2\/product"}],"about":[{"href":"https:\/\/wildenherbals.com\/fr\/wp-json\/wp\/v2\/types\/product"}],"wp:featuredmedia":[{"embeddable":true,"href":"https:\/\/wildenherbals.com\/fr\/wp-json\/wp\/v2\/media\/44507"}],"wp:attachment":[{"href":"https:\/\/wildenherbals.com\/fr\/wp-json\/wp\/v2\/media?parent=45711"}],"wp:term":[{"taxonomy":"product_brand","embeddable":true,"href":"https:\/\/wildenherbals.com\/fr\/wp-json\/wp\/v2\/product_brand?post=45711"},{"taxonomy":"product_cat","embeddable":true,"href":"https:\/\/wildenherbals.com\/fr\/wp-json\/wp\/v2\/product_cat?post=45711"},{"taxonomy":"product_tag","embeddable":true,"href":"https:\/\/wildenherbals.com\/fr\/wp-json\/wp\/v2\/product_tag?post=45711"},{"taxonomy":"partner","embeddable":true,"href":"https:\/\/wildenherbals.com\/fr\/wp-json\/wp\/v2\/partner?post=45711"},{"taxonomy":"line","embeddable":true,"href":"https:\/\/wildenherbals.com\/fr\/wp-json\/wp\/v2\/line?post=45711"}],"curies":[{"name":"wp","href":"https:\/\/api.w.org\/{rel}","templated":true}]}}