{"id":44240,"date":"2025-06-04T15:42:47","date_gmt":"2025-06-04T13:42:47","guid":{"rendered":"https:\/\/wildenherbals.com\/?post_type=product&#038;p=44240"},"modified":"2025-10-09T11:36:39","modified_gmt":"2025-10-09T09:36:39","slug":"tisane-froide-detox-24-boites-copia-copia-copia-copia-copia-copia-copia-copia-copia","status":"publish","type":"product","link":"https:\/\/wildenherbals.com\/fr\/shop\/herbpress-fr\/tisane-froide-detox-24-boites-copia-copia-copia-copia-copia-copia-copia-copia-copia\/","title":{"rendered":"Herbpress Lemon Verbena Softpack 20 filtres carr\u00e9s"},"content":{"rendered":"<p data-start=\"59\" data-end=\"349\">D\u00e9tendez-vous avec la puret\u00e9 de la nature gr\u00e2ce \u00e0 <strong data-start=\"106\" data-end=\"133\">Herbpress Lemon Verbena<\/strong>, un softpack contenant <strong data-start=\"158\" data-end=\"180\">20 filtres carr\u00e9s<\/strong> pr\u00e9-dos\u00e9s fabriqu\u00e9s exclusivement \u00e0 partir de <strong data-start=\"223\" data-end=\"276\">Lemon Verbena monobotanica<\/strong>, une plante connue pour ses propri\u00e9t\u00e9s b\u00e9n\u00e9fiques et son ar\u00f4me d\u00e9licat.<\/p>\n<p data-start=\"351\" data-end=\"377\"><strong data-start=\"351\" data-end=\"375\">Principaux avantages :<\/strong><\/p>\n<ul data-start=\"378\" data-end=\"540\">\n<li data-start=\"378\" data-end=\"405\">\n<p data-start=\"380\" data-end=\"405\">Favorise la digestion<\/p>\n<\/li>\n<li data-start=\"406\" data-end=\"442\">\n<p data-start=\"408\" data-end=\"442\">Il a des effets calmants et relaxants<\/p>\n<\/li>\n<li data-start=\"443\" data-end=\"489\">\n<p data-start=\"445\" data-end=\"489\">Contribue au bien-\u00eatre mental et physique<\/p>\n<\/li>\n<li data-start=\"490\" data-end=\"540\">\n<p data-start=\"492\" data-end=\"540\">Peut aider \u00e0 lutter contre le stress et l&rsquo;insomnie<\/p>\n<\/li>\n<\/ul>\n<p data-start=\"542\" data-end=\"797\"><strong data-start=\"542\" data-end=\"562\">Go\u00fbt dans la tasse :<\/strong><br data-start=\"562\" data-end=\"565\">En infusion, la verveine citronn\u00e9e lib\u00e8re une saveur <strong data-start=\"615\" data-end=\"636\">fra\u00eeche et citronn\u00e9e<\/strong> avec de l\u00e9g\u00e8res notes florales. Le r\u00e9sultat est une boisson <strong data-start=\"694\" data-end=\"754\">rafra\u00eechissante, harmonieuse et naturellement sans caf\u00e9ine<\/strong>, id\u00e9ale \u00e0 tout moment de la journ\u00e9e. <\/p>\n<p data-start=\"799\" data-end=\"980\"><strong data-start=\"799\" data-end=\"817\">Compatibilit\u00e9 :<\/strong><br data-start=\"817\" data-end=\"820\">A utiliser exclusivement avec la technologie <strong data-start=\"867\" data-end=\"880\">Herbpress<\/strong>, qui garantit une extraction optimale des principes actifs botaniques et une tasse riche en ar\u00f4mes et en bienfaits.<\/p>\n<p data-start=\"982\" data-end=\"1052\" data-is-last-node=\"\" data-is-only-node=\"\"><em><strong>D\u00e9couvrez le plaisir d&rsquo;une tisane express, fonctionnelle et 100% naturelle.<\/strong><\/em><\/p>\n","protected":false},"excerpt":{"rendered":"<p>Tisane de <strong data-start=\"89\" data-end=\"106\">verveine citronn\u00e9e<\/strong>, id\u00e9ale pour faciliter la <strong data-start=\"128\" data-end=\"150\">digestion et la relaxation<\/strong>. Chaque paquet contient <strong data-start=\"177\" data-end=\"199\">20 filtres carr\u00e9s<\/strong> <strong data-start=\"230\" data-end=\"243\">compatibles avec Herbpress<\/strong>. Avec son go\u00fbt <strong data-start=\"257\" data-end=\"288\">frais, citronn\u00e9 et naturel<\/strong>, elle est parfaite \u00e0 tout moment de la journ\u00e9e.  <\/p>\n","protected":false},"featured_media":47708,"template":"","meta":{"_acf_changed":false,"inline_featured_image":false,"_mbp_gutenberg_autopost":false},"product_brand":[],"product_cat":[1641],"product_tag":[],"partner":[],"line":[],"class_list":{"0":"post-44240","1":"product","2":"type-product","3":"status-publish","4":"has-post-thumbnail","6":"product_cat-herbpress-fr","7":"product_shipping_class-herbpress-spedizione-da-it-fr","9":"first","10":"instock","11":"taxable","12":"shipping-taxable","13":"purchasable","14":"product-type-simple"},"bundle_layout":"","bundled_by":[],"bundled_items":[],"acf":[],"_links":{"self":[{"href":"https:\/\/wildenherbals.com\/fr\/wp-json\/wp\/v2\/product\/44240","targetHints":{"allow":["GET"]}}],"collection":[{"href":"https:\/\/wildenherbals.com\/fr\/wp-json\/wp\/v2\/product"}],"about":[{"href":"https:\/\/wildenherbals.com\/fr\/wp-json\/wp\/v2\/types\/product"}],"wp:featuredmedia":[{"embeddable":true,"href":"https:\/\/wildenherbals.com\/fr\/wp-json\/wp\/v2\/media\/47708"}],"wp:attachment":[{"href":"https:\/\/wildenherbals.com\/fr\/wp-json\/wp\/v2\/media?parent=44240"}],"wp:term":[{"taxonomy":"product_brand","embeddable":true,"href":"https:\/\/wildenherbals.com\/fr\/wp-json\/wp\/v2\/product_brand?post=44240"},{"taxonomy":"product_cat","embeddable":true,"href":"https:\/\/wildenherbals.com\/fr\/wp-json\/wp\/v2\/product_cat?post=44240"},{"taxonomy":"product_tag","embeddable":true,"href":"https:\/\/wildenherbals.com\/fr\/wp-json\/wp\/v2\/product_tag?post=44240"},{"taxonomy":"partner","embeddable":true,"href":"https:\/\/wildenherbals.com\/fr\/wp-json\/wp\/v2\/partner?post=44240"},{"taxonomy":"line","embeddable":true,"href":"https:\/\/wildenherbals.com\/fr\/wp-json\/wp\/v2\/line?post=44240"}],"curies":[{"name":"wp","href":"https:\/\/api.w.org\/{rel}","templated":true}]}}