{"id":44234,"date":"2025-06-04T15:40:33","date_gmt":"2025-06-04T13:40:33","guid":{"rendered":"https:\/\/wildenherbals.com\/?post_type=product&#038;p=44234"},"modified":"2025-10-09T11:39:55","modified_gmt":"2025-10-09T09:39:55","slug":"tisane-froide-detox-24-boites-copia-copia-copia-copia-copia-copia-copia-copia","status":"publish","type":"product","link":"https:\/\/wildenherbals.com\/fr\/shop\/herbpress-fr\/tisane-froide-detox-24-boites-copia-copia-copia-copia-copia-copia-copia-copia\/","title":{"rendered":"Herbpress Bancha Tea Hoji Cha Softpack 20 filtres carr\u00e9s"},"content":{"rendered":"<p data-start=\"63\" data-end=\"324\">Go\u00fbtez \u00e0 l&rsquo;authenticit\u00e9 du Japon avec <strong data-start=\"100\" data-end=\"128\">Herbpress Bancha H\u014djicha<\/strong>, un softpack de <strong data-start=\"145\" data-end=\"178\">20 filtres carr\u00e9s pr\u00e9-dos\u00e9s<\/strong> contenant exclusivement du <strong data-start=\"206\" data-end=\"240\">Bancha H\u014djicha monobotanica<\/strong> &#8211; un th\u00e9 vert japonais obtenu par torr\u00e9faction de feuilles de th\u00e9 Bancha m\u00fbres.<\/p>\n<h3 data-start=\"326\" data-end=\"350\">Principaux avantages :<\/h3>\n<ul data-start=\"351\" data-end=\"629\">\n<li data-start=\"351\" data-end=\"414\">\n<p data-start=\"353\" data-end=\"414\"><strong data-start=\"353\" data-end=\"388\">Naturellement pauvre en caf\u00e9ine<\/strong>, parfait pour le soir.<\/p>\n<\/li>\n<li data-start=\"415\" data-end=\"492\">\n<p data-start=\"417\" data-end=\"492\">Favorise la <strong data-start=\"430\" data-end=\"444\">digestion<\/strong> et a un effet \u00e9quilibrant sur l&rsquo;organisme<\/p>\n<\/li>\n<li data-start=\"493\" data-end=\"574\">\n<p data-start=\"495\" data-end=\"574\">Riche en <strong data-start=\"504\" data-end=\"534\">polyph\u00e9nols et en antioxydants<\/strong> pour lutter contre le stress oxydatif<\/p>\n<\/li>\n<li data-start=\"575\" data-end=\"629\">\n<p data-start=\"577\" data-end=\"629\">Peut contribuer \u00e0 la <strong data-start=\"596\" data-end=\"629\">relaxation mentale et physique<\/strong><\/p>\n<\/li>\n<\/ul>\n<h3 data-start=\"631\" data-end=\"653\">Go\u00fbtez dans une tasse :<\/h3>\n<p data-start=\"654\" data-end=\"869\">Le Bancha H\u014djicha offre un profil aromatique <strong data-start=\"699\" data-end=\"729\">torr\u00e9fi\u00e9, doux et rond<\/strong>, avec des notes de noisette, de bois et de cacao l\u00e9ger. Une boisson chaude et enveloppante au go\u00fbt profond et d\u00e9licat qui s\u00e9duit d\u00e8s la premi\u00e8re gorg\u00e9e. <\/p>\n<h3 data-start=\"871\" data-end=\"891\">Compatibilit\u00e9 :<\/h3>\n<p data-start=\"892\" data-end=\"1075\">Il ne peut \u00eatre utilis\u00e9 qu&rsquo;avec la technologie <strong data-start=\"938\" data-end=\"951\">Herbpress<\/strong>, pour une extraction compl\u00e8te et \u00e9quilibr\u00e9e des ingr\u00e9dients botaniques actifs, garantissant \u00e0 chaque fois une tasse riche en saveurs et en bienfaits.<\/p>\n","protected":false},"excerpt":{"rendered":"<p>Th\u00e9 vert Bancha japonais torr\u00e9fi\u00e9, riche en antioxydants et pauvre en caf\u00e9ine. Avec un go\u00fbt doux, torr\u00e9fi\u00e9 et d\u00e9licat, il facilite la digestion et la relaxation. Compatible avec la technologie Herbpress pour une infusion parfaite.  <\/p>\n","protected":false},"featured_media":47732,"template":"","meta":{"_acf_changed":false,"inline_featured_image":false,"_mbp_gutenberg_autopost":false},"product_brand":[],"product_cat":[1641],"product_tag":[],"partner":[],"line":[],"class_list":{"0":"post-44234","1":"product","2":"type-product","3":"status-publish","4":"has-post-thumbnail","6":"product_cat-herbpress-fr","7":"product_shipping_class-herbpress-spedizione-da-it-fr","9":"first","10":"instock","11":"taxable","12":"shipping-taxable","13":"purchasable","14":"product-type-simple"},"bundle_layout":"","bundled_by":[],"bundled_items":[],"acf":[],"_links":{"self":[{"href":"https:\/\/wildenherbals.com\/fr\/wp-json\/wp\/v2\/product\/44234","targetHints":{"allow":["GET"]}}],"collection":[{"href":"https:\/\/wildenherbals.com\/fr\/wp-json\/wp\/v2\/product"}],"about":[{"href":"https:\/\/wildenherbals.com\/fr\/wp-json\/wp\/v2\/types\/product"}],"wp:featuredmedia":[{"embeddable":true,"href":"https:\/\/wildenherbals.com\/fr\/wp-json\/wp\/v2\/media\/47732"}],"wp:attachment":[{"href":"https:\/\/wildenherbals.com\/fr\/wp-json\/wp\/v2\/media?parent=44234"}],"wp:term":[{"taxonomy":"product_brand","embeddable":true,"href":"https:\/\/wildenherbals.com\/fr\/wp-json\/wp\/v2\/product_brand?post=44234"},{"taxonomy":"product_cat","embeddable":true,"href":"https:\/\/wildenherbals.com\/fr\/wp-json\/wp\/v2\/product_cat?post=44234"},{"taxonomy":"product_tag","embeddable":true,"href":"https:\/\/wildenherbals.com\/fr\/wp-json\/wp\/v2\/product_tag?post=44234"},{"taxonomy":"partner","embeddable":true,"href":"https:\/\/wildenherbals.com\/fr\/wp-json\/wp\/v2\/partner?post=44234"},{"taxonomy":"line","embeddable":true,"href":"https:\/\/wildenherbals.com\/fr\/wp-json\/wp\/v2\/line?post=44234"}],"curies":[{"name":"wp","href":"https:\/\/api.w.org\/{rel}","templated":true}]}}