{"id":44222,"date":"2025-06-04T14:53:01","date_gmt":"2025-06-04T12:53:01","guid":{"rendered":"https:\/\/wildenherbals.com\/?post_type=product&#038;p=44222"},"modified":"2025-10-09T11:37:58","modified_gmt":"2025-10-09T09:37:58","slug":"tisane-froide-detox-24-boites-copia-copia-copia-copia-copia-copia","status":"publish","type":"product","link":"https:\/\/wildenherbals.com\/fr\/shop\/herbpress-fr\/tisane-froide-detox-24-boites-copia-copia-copia-copia-copia-copia\/","title":{"rendered":"Herbpress Hibiscus Harmony Softpack 20 filtres carr\u00e9s"},"content":{"rendered":"<p data-start=\"191\" data-end=\"621\">Une infusion con\u00e7ue pour r\u00e9g\u00e9n\u00e9rer le corps et l&rsquo;esprit : <em data-start=\"310\" data-end=\"328\">Hibiscus Harmony<\/em> est un m\u00e9lange botanique harmonieux de <strong data-start=\"372\" data-end=\"430\">r\u00e9glisse, de gingembre, de fenouil, de verveine citronn\u00e9e et d&rsquo;hibiscus<\/strong>, soigneusement s\u00e9lectionn\u00e9s pour leurs propri\u00e9t\u00e9s b\u00e9n\u00e9fiques et leur go\u00fbt enveloppant. Le softpack contient 20 filtres carr\u00e9s pr\u00e9-dos\u00e9s, pr\u00eats \u00e0 vous accompagner \u00e0 tout moment de la journ\u00e9e. <\/p>\n<ul data-start=\"653\" data-end=\"969\">\n<li data-start=\"653\" data-end=\"734\">\n<p data-start=\"655\" data-end=\"734\"><strong data-start=\"655\" data-end=\"692\">Favorise la purification naturelle de<\/strong> l&rsquo;organisme et soutient la digestion<\/p>\n<\/li>\n<li data-start=\"735\" data-end=\"793\">\n<p data-start=\"737\" data-end=\"793\"><strong data-start=\"737\" data-end=\"791\">Contribue au bien-\u00eatre du syst\u00e8me circulatoire<\/strong><\/p>\n<\/li>\n<li data-start=\"794\" data-end=\"881\">\n<p data-start=\"796\" data-end=\"881\"><strong data-start=\"796\" data-end=\"831\">Riche en antioxydants naturels<\/strong>, qui aident \u00e0 lutter contre le stress oxydatif<\/p>\n<\/li>\n<li data-start=\"882\" data-end=\"969\">\n<p data-start=\"884\" data-end=\"969\"><strong data-start=\"884\" data-end=\"921\">Effet rafra\u00eechissant et d\u00e9salt\u00e9rant<\/strong>, \u00e9galement parfait froid lors des journ\u00e9es chaudes.<\/p>\n<\/li>\n<\/ul>\n<p data-start=\"997\" data-end=\"1331\">L&rsquo;infusion s&rsquo;ouvre sur le go\u00fbt vif et l\u00e9g\u00e8rement acidul\u00e9 de l&rsquo;hibiscus, adouci par la douceur naturelle de la r\u00e9glisse, le piquant du gingembre, la fra\u00eecheur du fenouil et les notes d&rsquo;agrumes de la verveine citronn\u00e9e. Une combinaison harmonieuse, <strong data-start=\"1257\" data-end=\"1291\">naturellement sans caf\u00e9ine<\/strong>, id\u00e9ale \u00e0 tout moment de la journ\u00e9e. <\/p>\n<p data-start=\"1364\" data-end=\"1523\"><strong data-start=\"1364\" data-end=\"1400\">Adapt\u00e9 \u00e0 la technologie Herbpress<\/strong>, qui garantit une extraction optimale et \u00e9quilibr\u00e9e des principes actifs botaniques, pour une tasse riche en ar\u00f4mes, en go\u00fbt et en bienfaits.<\/p>\n","protected":false},"excerpt":{"rendered":"<p>Une infusion con\u00e7ue pour r\u00e9g\u00e9n\u00e9rer le corps et l&rsquo;esprit : Hibiscus Harmony est un m\u00e9lange botanique harmonieux de r\u00e9glisse, de gingembre, de fenouil, de verveine citronn\u00e9e et d&rsquo;hibiscus, soigneusement s\u00e9lectionn\u00e9s pour leurs propri\u00e9t\u00e9s b\u00e9n\u00e9fiques et leur go\u00fbt enveloppant. Le softpack contient 20 filtres carr\u00e9s pr\u00e9-dos\u00e9s, pr\u00eats \u00e0 vous accompagner \u00e0 tout moment de la journ\u00e9e. [&hellip;]<\/p>\n","protected":false},"featured_media":47720,"template":"","meta":{"_acf_changed":false,"inline_featured_image":false,"_mbp_gutenberg_autopost":false},"product_brand":[],"product_cat":[1641],"product_tag":[],"partner":[],"line":[],"class_list":{"0":"post-44222","1":"product","2":"type-product","3":"status-publish","4":"has-post-thumbnail","6":"product_cat-herbpress-fr","7":"product_shipping_class-herbpress-spedizione-da-it-fr","9":"first","10":"instock","11":"taxable","12":"shipping-taxable","13":"purchasable","14":"product-type-simple"},"bundle_layout":"","bundled_by":[],"bundled_items":[],"acf":[],"_links":{"self":[{"href":"https:\/\/wildenherbals.com\/fr\/wp-json\/wp\/v2\/product\/44222","targetHints":{"allow":["GET"]}}],"collection":[{"href":"https:\/\/wildenherbals.com\/fr\/wp-json\/wp\/v2\/product"}],"about":[{"href":"https:\/\/wildenherbals.com\/fr\/wp-json\/wp\/v2\/types\/product"}],"wp:featuredmedia":[{"embeddable":true,"href":"https:\/\/wildenherbals.com\/fr\/wp-json\/wp\/v2\/media\/47720"}],"wp:attachment":[{"href":"https:\/\/wildenherbals.com\/fr\/wp-json\/wp\/v2\/media?parent=44222"}],"wp:term":[{"taxonomy":"product_brand","embeddable":true,"href":"https:\/\/wildenherbals.com\/fr\/wp-json\/wp\/v2\/product_brand?post=44222"},{"taxonomy":"product_cat","embeddable":true,"href":"https:\/\/wildenherbals.com\/fr\/wp-json\/wp\/v2\/product_cat?post=44222"},{"taxonomy":"product_tag","embeddable":true,"href":"https:\/\/wildenherbals.com\/fr\/wp-json\/wp\/v2\/product_tag?post=44222"},{"taxonomy":"partner","embeddable":true,"href":"https:\/\/wildenherbals.com\/fr\/wp-json\/wp\/v2\/partner?post=44222"},{"taxonomy":"line","embeddable":true,"href":"https:\/\/wildenherbals.com\/fr\/wp-json\/wp\/v2\/line?post=44222"}],"curies":[{"name":"wp","href":"https:\/\/api.w.org\/{rel}","templated":true}]}}