{"id":42593,"date":"2020-07-27T14:11:28","date_gmt":"2020-07-27T14:11:28","guid":{"rendered":"https:\/\/wildenherbals.com\/?post_type=product&#038;p=42593"},"modified":"2025-10-14T12:41:54","modified_gmt":"2025-10-14T10:41:54","slug":"gobelet-kinto-to-go-360ml","status":"publish","type":"product","link":"https:\/\/wildenherbals.com\/fr\/shop\/accessoires\/gobelet-kinto-to-go-360ml\/","title":{"rendered":"Gobelet Kinto To Go 360ml"},"content":{"rendered":"<p>TO GO TUMBLER est votre compagnon id\u00e9al \u00e0 diff\u00e9rents moments de la journ\u00e9e : en allant au travail, en conduisant ou tout simplement en vous relaxant.<\/p>\n<p>Le couvercle a une structure minimale pour une consommation confortable.<\/p>\n<p>Le verre isotherme sous vide conserve la temp\u00e9rature et la saveur des boissons pendant longtemps. Sa forme fusel\u00e9e facilite le transport. <\/p>\n<p>Le design \u00e9pur\u00e9, avec une texture mate et des couleurs discr\u00e8tes, permet de se d\u00e9tendre en d\u00e9placement.<\/p>\n","protected":false},"excerpt":{"rendered":"<p>TO GO TUMBLER est votre compagnon id\u00e9al \u00e0 diff\u00e9rents moments de la journ\u00e9e : en allant au travail, en conduisant ou simplement en se relaxant. Le couvercle est dot\u00e9 d&rsquo;une structure minimale pour vous permettre de boire confortablement. Le verre isotherme sous vide conserve la temp\u00e9rature et la saveur des boissons pendant longtemps. Sa forme fusel\u00e9e permet de le transporter facilement. Le design \u00e9pur\u00e9, avec sa texture mate et ses couleurs sourdes, apporte de la d\u00e9tente en d\u00e9placement.    <\/p>\n","protected":false},"featured_media":25584,"template":"","meta":{"_acf_changed":false,"inline_featured_image":false,"_mbp_gutenberg_autopost":false},"product_brand":[],"product_cat":[563],"product_tag":[],"partner":[],"line":[],"class_list":{"0":"post-42593","1":"product","2":"type-product","3":"status-publish","4":"has-post-thumbnail","6":"product_cat-accessoires","8":"first","9":"instock","10":"taxable","11":"shipping-taxable","12":"purchasable","13":"product-type-simple"},"bundle_layout":"","bundled_by":[],"bundled_items":[],"acf":[],"_links":{"self":[{"href":"https:\/\/wildenherbals.com\/fr\/wp-json\/wp\/v2\/product\/42593","targetHints":{"allow":["GET"]}}],"collection":[{"href":"https:\/\/wildenherbals.com\/fr\/wp-json\/wp\/v2\/product"}],"about":[{"href":"https:\/\/wildenherbals.com\/fr\/wp-json\/wp\/v2\/types\/product"}],"wp:featuredmedia":[{"embeddable":true,"href":"https:\/\/wildenherbals.com\/fr\/wp-json\/wp\/v2\/media\/25584"}],"wp:attachment":[{"href":"https:\/\/wildenherbals.com\/fr\/wp-json\/wp\/v2\/media?parent=42593"}],"wp:term":[{"taxonomy":"product_brand","embeddable":true,"href":"https:\/\/wildenherbals.com\/fr\/wp-json\/wp\/v2\/product_brand?post=42593"},{"taxonomy":"product_cat","embeddable":true,"href":"https:\/\/wildenherbals.com\/fr\/wp-json\/wp\/v2\/product_cat?post=42593"},{"taxonomy":"product_tag","embeddable":true,"href":"https:\/\/wildenherbals.com\/fr\/wp-json\/wp\/v2\/product_tag?post=42593"},{"taxonomy":"partner","embeddable":true,"href":"https:\/\/wildenherbals.com\/fr\/wp-json\/wp\/v2\/partner?post=42593"},{"taxonomy":"line","embeddable":true,"href":"https:\/\/wildenherbals.com\/fr\/wp-json\/wp\/v2\/line?post=42593"}],"curies":[{"name":"wp","href":"https:\/\/api.w.org\/{rel}","templated":true}]}}