{"id":36225,"date":"2024-11-15T13:25:58","date_gmt":"2024-11-15T12:25:58","guid":{"rendered":"https:\/\/wildenherbals.com\/?post_type=product&#038;p=36225"},"modified":"2025-05-31T10:06:24","modified_gmt":"2025-05-31T08:06:24","slug":"wilden-box-3-caisses-energize-copia","status":"publish","type":"product","link":"https:\/\/wildenherbals.com\/fr\/shop\/boite-cadeau\/mix-box-fr\/wilden-box-3-caisses-energize-copia\/","title":{"rendered":"HERBES \u00c0 BOIRE &#8211; Bo\u00eete de gobelets + m\u00e9lange en vrac collaboration Wilden &#8211; Codalunga"},"content":{"rendered":"<p>D\u00e9couvrez le raffinement de notre bo\u00eete cadeau en \u00e9dition limit\u00e9e, n\u00e9e de la collaboration exclusive avec <strong>Codalunga<\/strong> et disponible en noir et blanc. Une id\u00e9e cadeau parfaite pour ceux qui aiment le go\u00fbt authentique des herbes et du design essentiel. <\/p>\n<p>A l&rsquo;int\u00e9rieur, vous trouverez :<\/p>\n<ul>\n<li><strong>Bo\u00eete de 45 g de tisane en vrac \u00ab Bere Erbe \u00bb<\/strong>, un m\u00e9lange unique d \u00ab <strong>ortie<\/strong>, d \u00bb<strong>asp\u00e9rule<\/strong>, de <strong>thym<\/strong> et de <strong>citron vert<\/strong>, con\u00e7u pour faciliter la <strong>digestion<\/strong> et offrir une<strong>alternative naturelle<\/strong> aux <strong>amers traditionnels.<\/strong><\/li>\n<li><strong>La tasse exclusive en aluminium de Codalunga<\/strong>, id\u00e9ale pour d\u00e9guster une tisane dans les meilleures conditions.<\/li>\n<\/ul>\n<p>&nbsp;<\/p>\n<p>La tisane \u00ab Drink Herbs \u00bb enveloppe les sens de l&rsquo;ar\u00f4me frais des herbes, rehauss\u00e9 par la douceur du citron vert, pour une exp\u00e9rience qui rappelle une promenade relaxante dans les bois. Parfaite pour \u00eatre d\u00e9gust\u00e9e apr\u00e8s un repas ou pour un moment de pur bien-\u00eatre. <\/p>\n","protected":false},"excerpt":{"rendered":"<p>D\u00e9couvrez le raffinement de notre bo\u00eete cadeau en \u00e9dition limit\u00e9e, n\u00e9e de la collaboration exclusive avec Codalunga et disponible en noir et blanc. Une id\u00e9e cadeau parfaite pour ceux qui aiment le go\u00fbt authentique des herbes et du design essentiel. A l&rsquo;int\u00e9rieur, vous trouverez : Bo\u00eete de 45 g de tisane en vrac \u00ab Bere [&hellip;]<\/p>\n","protected":false},"featured_media":36290,"template":"","meta":{"_acf_changed":false,"inline_featured_image":false,"_mbp_gutenberg_autopost":false},"product_brand":[],"product_cat":[614,597],"product_tag":[],"partner":[],"line":[],"class_list":{"0":"post-36225","1":"product","2":"type-product","3":"status-publish","4":"has-post-thumbnail","6":"product_cat-mix-box-fr","7":"product_cat-nos-mix","9":"first","10":"instock","11":"taxable","12":"shipping-taxable","13":"purchasable","14":"product-type-variable"},"bundle_layout":"","bundled_by":[],"bundled_items":[],"acf":[],"_links":{"self":[{"href":"https:\/\/wildenherbals.com\/fr\/wp-json\/wp\/v2\/product\/36225","targetHints":{"allow":["GET"]}}],"collection":[{"href":"https:\/\/wildenherbals.com\/fr\/wp-json\/wp\/v2\/product"}],"about":[{"href":"https:\/\/wildenherbals.com\/fr\/wp-json\/wp\/v2\/types\/product"}],"wp:featuredmedia":[{"embeddable":true,"href":"https:\/\/wildenherbals.com\/fr\/wp-json\/wp\/v2\/media\/36290"}],"wp:attachment":[{"href":"https:\/\/wildenherbals.com\/fr\/wp-json\/wp\/v2\/media?parent=36225"}],"wp:term":[{"taxonomy":"product_brand","embeddable":true,"href":"https:\/\/wildenherbals.com\/fr\/wp-json\/wp\/v2\/product_brand?post=36225"},{"taxonomy":"product_cat","embeddable":true,"href":"https:\/\/wildenherbals.com\/fr\/wp-json\/wp\/v2\/product_cat?post=36225"},{"taxonomy":"product_tag","embeddable":true,"href":"https:\/\/wildenherbals.com\/fr\/wp-json\/wp\/v2\/product_tag?post=36225"},{"taxonomy":"partner","embeddable":true,"href":"https:\/\/wildenherbals.com\/fr\/wp-json\/wp\/v2\/partner?post=36225"},{"taxonomy":"line","embeddable":true,"href":"https:\/\/wildenherbals.com\/fr\/wp-json\/wp\/v2\/line?post=36225"}],"curies":[{"name":"wp","href":"https:\/\/api.w.org\/{rel}","templated":true}]}}