{"id":32371,"date":"2023-12-21T11:27:06","date_gmt":"2023-12-21T10:27:06","guid":{"rendered":"https:\/\/wildenherbals.com\/?post_type=product&#038;p=32371"},"modified":"2025-07-07T18:04:44","modified_gmt":"2025-07-07T16:04:44","slug":"remedium-n-7-tisane-bio-%c2%b7-detox-carton-de-10-sachets-copia","status":"publish","type":"product","link":"https:\/\/wildenherbals.com\/fr\/shop\/tisanes\/remedium-n-7-tisane-bio-%c2%b7-detox-carton-de-10-sachets-copia\/","title":{"rendered":"Remedium Organic Herbal Tea No. 8 &#8211; Rena\u00eetre"},"content":{"rendered":"<p>Les fonctions de Remedium No. 8 &#8211; Reborn sont d\u00e9di\u00e9es \u00e0 la purification, \u00e0 la revitalisation et \u00e0 l&rsquo;augmentation de l&rsquo;\u00e9nergie. Une analogie qui nous semble tr\u00e8s appropri\u00e9e est celle des appareils \u00e9lectroniques qui, de temps en temps, ont besoin d&rsquo;une mise \u00e0 jour, d&rsquo;une mise \u00e0 niveau. Nous avons donc nous aussi besoin d&rsquo;un moment pour nous recharger au sens le plus litt\u00e9ral du terme, c&rsquo;est-\u00e0-dire pour trouver la charge n\u00e9cessaire \u00e0 un nouveau d\u00e9part.  <\/p>\n<p>Mode de consommation : chaque sachet est con\u00e7u pour \u00eatre utilis\u00e9 dans de l&rsquo;eau d&rsquo;une contenance maximale de 500 ml.<\/p>\n<p>Lorsque vous achetez nos tisanes dans le format de <em>30 sachets en coton<\/em>, <strong>vous recevez en cadeau<\/strong> notre <strong>sac en coton<\/strong> pratique et \u00e9l\u00e9gant. R\u00e9utilisable et parfait comme paquet cadeau, c&rsquo;est un petit geste qui rendra vos moments de d\u00e9tente encore plus sp\u00e9ciaux. <\/p>\n","protected":false},"excerpt":{"rendered":"<p>Les fonctions de Remedium No. 8 &#8211; Reborn sont d\u00e9di\u00e9es \u00e0 la purification, \u00e0 la revitalisation et \u00e0 l&rsquo;augmentation de l&rsquo;\u00e9nergie. Une analogie qui nous semble tr\u00e8s appropri\u00e9e est celle des appareils \u00e9lectroniques qui, de temps en temps, ont besoin d&rsquo;une mise \u00e0 jour, d&rsquo;une mise \u00e0 niveau. Nous avons donc nous aussi besoin d&rsquo;un [&hellip;]<\/p>\n","protected":false},"featured_media":32379,"template":"","meta":{"_acf_changed":false,"inline_featured_image":false,"_mbp_gutenberg_autopost":false},"product_brand":[],"product_cat":[542,544],"product_tag":[545,1510,1509,680,1508],"partner":[],"line":[608,627],"class_list":{"0":"post-32371","1":"product","2":"type-product","3":"status-publish","4":"has-post-thumbnail","6":"product_cat-tisanes","7":"product_cat-en-sachet","8":"product_tag-bien-etre","9":"product_tag-depuratif","10":"product_tag-purification-fr-2","11":"product_tag-relaxant","12":"product_tag-revitaliser","13":"line-ligne-de-remedia","14":"line-tisane-bio-remedium-n-8--reborn","16":"first","17":"instock","18":"taxable","19":"shipping-taxable","20":"purchasable","21":"product-type-variable"},"bundle_layout":"","bundled_by":[],"bundled_items":[],"acf":[],"_links":{"self":[{"href":"https:\/\/wildenherbals.com\/fr\/wp-json\/wp\/v2\/product\/32371","targetHints":{"allow":["GET"]}}],"collection":[{"href":"https:\/\/wildenherbals.com\/fr\/wp-json\/wp\/v2\/product"}],"about":[{"href":"https:\/\/wildenherbals.com\/fr\/wp-json\/wp\/v2\/types\/product"}],"wp:featuredmedia":[{"embeddable":true,"href":"https:\/\/wildenherbals.com\/fr\/wp-json\/wp\/v2\/media\/32379"}],"wp:attachment":[{"href":"https:\/\/wildenherbals.com\/fr\/wp-json\/wp\/v2\/media?parent=32371"}],"wp:term":[{"taxonomy":"product_brand","embeddable":true,"href":"https:\/\/wildenherbals.com\/fr\/wp-json\/wp\/v2\/product_brand?post=32371"},{"taxonomy":"product_cat","embeddable":true,"href":"https:\/\/wildenherbals.com\/fr\/wp-json\/wp\/v2\/product_cat?post=32371"},{"taxonomy":"product_tag","embeddable":true,"href":"https:\/\/wildenherbals.com\/fr\/wp-json\/wp\/v2\/product_tag?post=32371"},{"taxonomy":"partner","embeddable":true,"href":"https:\/\/wildenherbals.com\/fr\/wp-json\/wp\/v2\/partner?post=32371"},{"taxonomy":"line","embeddable":true,"href":"https:\/\/wildenherbals.com\/fr\/wp-json\/wp\/v2\/line?post=32371"}],"curies":[{"name":"wp","href":"https:\/\/api.w.org\/{rel}","templated":true}]}}