{"id":32084,"date":"2023-12-11T14:24:36","date_gmt":"2023-12-11T13:24:37","guid":{"rendered":"https:\/\/wildenherbals.com\/?post_type=product&#038;p=32084"},"modified":"2025-05-31T10:22:52","modified_gmt":"2025-05-31T08:22:52","slug":"sachet-coton-mix-balance-33-sachets-detox-boost-et-focus","status":"publish","type":"product","link":"https:\/\/wildenherbals.com\/fr\/shop\/boite-cadeau\/mix-box-fr\/sachet-coton-mix-balance-33-sachets-detox-boost-et-focus\/","title":{"rendered":"Sac de m\u00e9lange de coton BALANCE &#8211; (Boost, Detox et Reborn) &#8211; 33 sachets"},"content":{"rendered":"<p>Remedium, du latin \u00ab rem\u00e8de, m\u00e9decine, aide \u00bb.<\/p>\n<p>Les Wilden&rsquo;s Remedia sont des tisanes fonctionnelles cr\u00e9\u00e9es pour vous apporter un d\u00e9licieux soutien quotidien en toute occasion.<\/p>\n<p>Cette ligne est le r\u00e9sultat d&rsquo;une recherche, d&rsquo;une s\u00e9lection et d&rsquo;une exp\u00e9rimentation minutieuses, visant \u00e0 offrir des infusions \u00e9quilibr\u00e9es en termes de saveur et synergiques en termes d&rsquo;effet.<\/p>\n<p>Les tisanes Remedia de Wilden&rsquo;s, associ\u00e9es \u00e0 un mode de vie sain et \u00e0 une alimentation savoureuse, vari\u00e9e et \u00e9quilibr\u00e9e, sont id\u00e9ales pour prendre soin de soi.<\/p>\n<p>33 Sachets (Boost, Detox, Reborn)<\/p>\n<p>No. 11 Remedium 2 &#8211; Boost<br \/>\nNo. 11 Remedium 7 &#8211; Detox<br \/>\nNo. 11 Remedium 8 &#8211; Reborn   <\/p>\n<p>Lorsque vous achetez nos tisanes, vous recevez en cadeau notre pochette en coton, pratique et \u00e9l\u00e9gante. R\u00e9utilisable et parfait comme paquet cadeau, c&rsquo;est un petit geste destin\u00e9 \u00e0 rendre vos moments de d\u00e9tente encore plus sp\u00e9ciaux. <\/p>\n","protected":false},"excerpt":{"rendered":"<p>Remedium, du latin \u00ab rem\u00e8de, m\u00e9decine, aide \u00bb. Les Wilden&rsquo;s Remedia sont des tisanes fonctionnelles cr\u00e9\u00e9es pour vous apporter un d\u00e9licieux soutien quotidien en toute occasion. Cette ligne est le r\u00e9sultat d&rsquo;une recherche, d&rsquo;une s\u00e9lection et d&rsquo;une exp\u00e9rimentation minutieuses, visant \u00e0 offrir des infusions \u00e9quilibr\u00e9es en termes de saveur et synergiques en termes d&rsquo;effet. Les [&hellip;]<\/p>\n","protected":false},"featured_media":32087,"template":"","meta":{"_acf_changed":false,"inline_featured_image":false,"_mbp_gutenberg_autopost":false},"product_brand":[],"product_cat":[614,597],"product_tag":[],"partner":[],"line":[],"class_list":{"0":"post-32084","1":"product","2":"type-product","3":"status-publish","4":"has-post-thumbnail","6":"product_cat-mix-box-fr","7":"product_cat-nos-mix","9":"first","10":"instock","11":"taxable","12":"shipping-taxable","13":"purchasable","14":"product-type-simple"},"bundle_layout":"","bundled_by":[],"bundled_items":[],"acf":[],"_links":{"self":[{"href":"https:\/\/wildenherbals.com\/fr\/wp-json\/wp\/v2\/product\/32084","targetHints":{"allow":["GET"]}}],"collection":[{"href":"https:\/\/wildenherbals.com\/fr\/wp-json\/wp\/v2\/product"}],"about":[{"href":"https:\/\/wildenherbals.com\/fr\/wp-json\/wp\/v2\/types\/product"}],"wp:featuredmedia":[{"embeddable":true,"href":"https:\/\/wildenherbals.com\/fr\/wp-json\/wp\/v2\/media\/32087"}],"wp:attachment":[{"href":"https:\/\/wildenherbals.com\/fr\/wp-json\/wp\/v2\/media?parent=32084"}],"wp:term":[{"taxonomy":"product_brand","embeddable":true,"href":"https:\/\/wildenherbals.com\/fr\/wp-json\/wp\/v2\/product_brand?post=32084"},{"taxonomy":"product_cat","embeddable":true,"href":"https:\/\/wildenherbals.com\/fr\/wp-json\/wp\/v2\/product_cat?post=32084"},{"taxonomy":"product_tag","embeddable":true,"href":"https:\/\/wildenherbals.com\/fr\/wp-json\/wp\/v2\/product_tag?post=32084"},{"taxonomy":"partner","embeddable":true,"href":"https:\/\/wildenherbals.com\/fr\/wp-json\/wp\/v2\/partner?post=32084"},{"taxonomy":"line","embeddable":true,"href":"https:\/\/wildenherbals.com\/fr\/wp-json\/wp\/v2\/line?post=32084"}],"curies":[{"name":"wp","href":"https:\/\/api.w.org\/{rel}","templated":true}]}}