{"id":31772,"date":"2023-11-22T14:55:04","date_gmt":"2023-11-22T13:55:04","guid":{"rendered":"https:\/\/wildenherbals.com\/?post_type=product&#038;p=31772"},"modified":"2025-05-31T10:19:03","modified_gmt":"2025-05-31T08:19:03","slug":"remedia-energize-mix-48-sachets-morning-boost-et-focus-copia","status":"publish","type":"product","link":"https:\/\/wildenherbals.com\/fr\/shop\/boite-cadeau\/mix-box-fr\/remedia-energize-mix-48-sachets-morning-boost-et-focus-copia\/","title":{"rendered":"Mix Box 9 Remedium &#8211; 54 sachets"},"content":{"rendered":"<p>Remedium, du latin \u00ab rem\u00e8de, m\u00e9decine, aide \u00bb.<\/p>\n<p>Les Wilden&rsquo;s Remedia sont des tisanes fonctionnelles cr\u00e9\u00e9es pour vous apporter un d\u00e9licieux soutien quotidien en toute occasion.<\/p>\n<p>Cette ligne est le r\u00e9sultat d&rsquo;une recherche, d&rsquo;une s\u00e9lection et d&rsquo;une exp\u00e9rimentation minutieuses, visant \u00e0 offrir des infusions \u00e9quilibr\u00e9es en termes de saveur et synergiques en termes d&rsquo;effet.<\/p>\n<p>Les tisanes Remedia de Wilden&rsquo;s, associ\u00e9es \u00e0 un mode de vie sain et \u00e0 une alimentation savoureuse, vari\u00e9e et \u00e9quilibr\u00e9e, sont id\u00e9ales pour prendre soin de soi.<\/p>\n<p>54 sachets (Matin, Nuit, Boost, Digestif, Gueule de bois, Concentration, D\u00e9tente, D\u00e9tox et Rena\u00eetre)<\/p>\n<p>no. 6 Remedium 0 &#8211; Matin<br \/>\nno. 6 Remedium 1 &#8211; Nuit<br \/>\nn. 6 Remedium 2 &#8211; Boost<br \/>\nn. 6 Remedium 3 &#8211; Digestif<br \/>\nn. 6 Remedium 4 &#8211; Gueule de bois<br \/>\nn. 6 Remedium 5 &#8211; Concentration<br \/>\nn. 6 Remedium 6 &#8211; Relax<br \/>\nn. 6 Remedium 7 &#8211; Detox<br \/>\nn. 6 Remedium 8 &#8211; Reborn         <\/p>\n<p>&nbsp;<\/p>\n<p>&nbsp;<\/p>\n","protected":false},"excerpt":{"rendered":"<p>Remedium, du latin \u00ab rem\u00e8de, m\u00e9decine, aide \u00bb. Les Wilden&rsquo;s Remedia sont des tisanes fonctionnelles cr\u00e9\u00e9es pour vous apporter un d\u00e9licieux soutien quotidien en toute occasion. Cette ligne est le r\u00e9sultat d&rsquo;une recherche, d&rsquo;une s\u00e9lection et d&rsquo;une exp\u00e9rimentation minutieuses, visant \u00e0 offrir des infusions \u00e9quilibr\u00e9es en termes de saveur et synergiques en termes d&rsquo;effet. Les [&hellip;]<\/p>\n","protected":false},"featured_media":31502,"template":"","meta":{"_acf_changed":false,"inline_featured_image":false,"_mbp_gutenberg_autopost":false},"product_brand":[],"product_cat":[614,597],"product_tag":[],"partner":[],"line":[],"class_list":{"0":"post-31772","1":"product","2":"type-product","3":"status-publish","4":"has-post-thumbnail","6":"product_cat-mix-box-fr","7":"product_cat-nos-mix","9":"first","10":"instock","11":"taxable","12":"shipping-taxable","13":"purchasable","14":"product-type-simple"},"bundle_layout":"","bundled_by":[],"bundled_items":[],"acf":[],"_links":{"self":[{"href":"https:\/\/wildenherbals.com\/fr\/wp-json\/wp\/v2\/product\/31772","targetHints":{"allow":["GET"]}}],"collection":[{"href":"https:\/\/wildenherbals.com\/fr\/wp-json\/wp\/v2\/product"}],"about":[{"href":"https:\/\/wildenherbals.com\/fr\/wp-json\/wp\/v2\/types\/product"}],"wp:featuredmedia":[{"embeddable":true,"href":"https:\/\/wildenherbals.com\/fr\/wp-json\/wp\/v2\/media\/31502"}],"wp:attachment":[{"href":"https:\/\/wildenherbals.com\/fr\/wp-json\/wp\/v2\/media?parent=31772"}],"wp:term":[{"taxonomy":"product_brand","embeddable":true,"href":"https:\/\/wildenherbals.com\/fr\/wp-json\/wp\/v2\/product_brand?post=31772"},{"taxonomy":"product_cat","embeddable":true,"href":"https:\/\/wildenherbals.com\/fr\/wp-json\/wp\/v2\/product_cat?post=31772"},{"taxonomy":"product_tag","embeddable":true,"href":"https:\/\/wildenherbals.com\/fr\/wp-json\/wp\/v2\/product_tag?post=31772"},{"taxonomy":"partner","embeddable":true,"href":"https:\/\/wildenherbals.com\/fr\/wp-json\/wp\/v2\/partner?post=31772"},{"taxonomy":"line","embeddable":true,"href":"https:\/\/wildenherbals.com\/fr\/wp-json\/wp\/v2\/line?post=31772"}],"curies":[{"name":"wp","href":"https:\/\/api.w.org\/{rel}","templated":true}]}}