{"id":31378,"date":"2023-11-08T15:19:48","date_gmt":"2023-11-08T14:19:48","guid":{"rendered":"https:\/\/wildenherbals.com\/?post_type=product&#038;p=31378"},"modified":"2025-05-31T10:03:45","modified_gmt":"2025-05-31T08:03:45","slug":"wilden-set-oolong-par-giulia-valentino-ceramics-copia","status":"publish","type":"product","link":"https:\/\/wildenherbals.com\/fr\/shop\/accessoires\/wilden-set-oolong-par-giulia-valentino-ceramics-copia\/","title":{"rendered":"Wilden. Th\u00e9i\u00e8re de 650 ml | MILK par Giulia Valentino Ceramics"},"content":{"rendered":"<p>Th\u00e9i\u00e8re inspir\u00e9e des formes classiques japonaises. La forme sph\u00e9rique du corps est harmonieusement associ\u00e9e \u00e0 un petit bec et \u00e0 une poign\u00e9e ergonomique tir\u00e9e \u00e0 la main. Le bouchon a un long col, pour assurer la stabilit\u00e9, et un anneau en gr\u00e8s massif, pour permettre une prise en main confortable sans risque de surchauffe.  <\/p>\n<p>R\u00e9alis\u00e9 au tour avec du gr\u00e8s espagnol blanc et \u00e9maill\u00e9 avec de l \u00ab \u00e9mail satin\u00e9 blanc. Les m\u00e9langes semi-r\u00e9fractaires \u00e0 haute teneur en chamotte, cuits \u00e0 1260\u00b0C, garantissent une porosit\u00e9 minimale du mat\u00e9riau et une excellente r\u00e9sistance ; l \u00bb \u00e9mail n&rsquo;utilise que des ingr\u00e9dients provenant de sources europ\u00e9ennes et est certifi\u00e9 alimentaire. <\/p>\n<p>Couleur : lait<\/p>\n<p>Il peut \u00eatre lav\u00e9 au lave-vaisselle.<\/p>\n","protected":false},"excerpt":{"rendered":"<p>Th\u00e9i\u00e8re inspir\u00e9e des formes classiques japonaises. La forme sph\u00e9rique du corps est harmonieusement associ\u00e9e \u00e0 un petit bec et \u00e0 une poign\u00e9e ergonomique tir\u00e9e \u00e0 la main. Le bouchon a un long col, pour assurer la stabilit\u00e9, et un anneau en gr\u00e8s massif, pour permettre une prise en main confortable sans risque de surchauffe. R\u00e9alis\u00e9 [&hellip;]<\/p>\n","protected":false},"featured_media":31404,"template":"","meta":{"_acf_changed":false,"inline_featured_image":false,"_mbp_gutenberg_autopost":false},"product_brand":[],"product_cat":[563,564],"product_tag":[],"partner":[],"line":[],"class_list":{"0":"post-31378","1":"product","2":"type-product","3":"status-publish","4":"has-post-thumbnail","6":"product_cat-accessoires","7":"product_cat-bouteilles-tasses-et-theieres","9":"first","10":"outofstock","11":"taxable","12":"shipping-taxable","13":"purchasable","14":"product-type-simple"},"bundle_layout":"","bundled_by":["27896"],"bundled_items":[],"acf":[],"_links":{"self":[{"href":"https:\/\/wildenherbals.com\/fr\/wp-json\/wp\/v2\/product\/31378","targetHints":{"allow":["GET"]}}],"collection":[{"href":"https:\/\/wildenherbals.com\/fr\/wp-json\/wp\/v2\/product"}],"about":[{"href":"https:\/\/wildenherbals.com\/fr\/wp-json\/wp\/v2\/types\/product"}],"wp:featuredmedia":[{"embeddable":true,"href":"https:\/\/wildenherbals.com\/fr\/wp-json\/wp\/v2\/media\/31404"}],"wp:attachment":[{"href":"https:\/\/wildenherbals.com\/fr\/wp-json\/wp\/v2\/media?parent=31378"}],"wp:term":[{"taxonomy":"product_brand","embeddable":true,"href":"https:\/\/wildenherbals.com\/fr\/wp-json\/wp\/v2\/product_brand?post=31378"},{"taxonomy":"product_cat","embeddable":true,"href":"https:\/\/wildenherbals.com\/fr\/wp-json\/wp\/v2\/product_cat?post=31378"},{"taxonomy":"product_tag","embeddable":true,"href":"https:\/\/wildenherbals.com\/fr\/wp-json\/wp\/v2\/product_tag?post=31378"},{"taxonomy":"partner","embeddable":true,"href":"https:\/\/wildenherbals.com\/fr\/wp-json\/wp\/v2\/partner?post=31378"},{"taxonomy":"line","embeddable":true,"href":"https:\/\/wildenherbals.com\/fr\/wp-json\/wp\/v2\/line?post=31378"}],"curies":[{"name":"wp","href":"https:\/\/api.w.org\/{rel}","templated":true}]}}