{"id":31288,"date":"2023-11-07T11:46:41","date_gmt":"2023-11-07T10:46:41","guid":{"rendered":"https:\/\/wildenherbals.com\/?post_type=product&#038;p=31288"},"modified":"2025-09-29T09:50:24","modified_gmt":"2025-09-29T07:50:24","slug":"sauvage-mug-oat-et-milk-by-giulia-valentino-ceramics-copia","status":"publish","type":"product","link":"https:\/\/wildenherbals.com\/fr\/shop\/accessoires\/sauvage-mug-oat-et-milk-by-giulia-valentino-ceramics-copia\/","title":{"rendered":"Wilden. yunomi OAT and MILK by Giulia Valentino Ceramics"},"content":{"rendered":"<p>Tasse \u00e0 th\u00e9 japonaise traditionnelle. (Au Japon, le th\u00e9 est toujours bu \u00e0 une temp\u00e9rature d&rsquo;environ 65\u00b0C afin de profiter au mieux de tous ses parfums, c&rsquo;est pourquoi une anse n&rsquo;est pas utile). <\/p>\n<p>Fabriqu\u00e9 sur un tour \u00e0 partir de gr\u00e8s brun fran\u00e7ais\/blanc espagnol, \u00e9maill\u00e9 avec un \u00e9mail blanc satin\u00e9. Les m\u00e9langes semi-r\u00e9fractaires \u00e0 haute teneur en chamotte, cuits \u00e0 1260\u00b0C, garantissent une porosit\u00e9 minimale du mat\u00e9riau et une excellente r\u00e9sistance ; l&rsquo;\u00e9mail n&rsquo;utilise que des ingr\u00e9dients d&rsquo;origine europ\u00e9enne et est certifi\u00e9 alimentaire. <\/p>\n<p>Il peut \u00eatre lav\u00e9 au lave-vaisselle.<\/p>\n","protected":false},"excerpt":{"rendered":"<p>Tasse \u00e0 th\u00e9 japonaise traditionnelle. (Au Japon, le th\u00e9 est toujours bu \u00e0 une temp\u00e9rature d&rsquo;environ 65\u00b0C afin de profiter au mieux de tous ses parfums, c&rsquo;est pourquoi une anse n&rsquo;est pas utile). Fabriqu\u00e9 sur un tour \u00e0 partir de gr\u00e8s brun fran\u00e7ais\/blanc espagnol, \u00e9maill\u00e9 avec un \u00e9mail blanc satin\u00e9. Les m\u00e9langes semi-r\u00e9fractaires \u00e0 haute [&hellip;]<\/p>\n","protected":false},"featured_media":31414,"template":"","meta":{"_acf_changed":false,"inline_featured_image":false,"_mbp_gutenberg_autopost":false},"product_brand":[],"product_cat":[563,564],"product_tag":[],"partner":[],"line":[],"class_list":{"0":"post-31288","1":"product","2":"type-product","3":"status-publish","4":"has-post-thumbnail","6":"product_cat-accessoires","7":"product_cat-bouteilles-tasses-et-theieres","9":"first","10":"instock","11":"taxable","12":"shipping-taxable","13":"purchasable","14":"product-type-variable"},"bundle_layout":"","bundled_by":[],"bundled_items":[],"acf":[],"_links":{"self":[{"href":"https:\/\/wildenherbals.com\/fr\/wp-json\/wp\/v2\/product\/31288","targetHints":{"allow":["GET"]}}],"collection":[{"href":"https:\/\/wildenherbals.com\/fr\/wp-json\/wp\/v2\/product"}],"about":[{"href":"https:\/\/wildenherbals.com\/fr\/wp-json\/wp\/v2\/types\/product"}],"wp:featuredmedia":[{"embeddable":true,"href":"https:\/\/wildenherbals.com\/fr\/wp-json\/wp\/v2\/media\/31414"}],"wp:attachment":[{"href":"https:\/\/wildenherbals.com\/fr\/wp-json\/wp\/v2\/media?parent=31288"}],"wp:term":[{"taxonomy":"product_brand","embeddable":true,"href":"https:\/\/wildenherbals.com\/fr\/wp-json\/wp\/v2\/product_brand?post=31288"},{"taxonomy":"product_cat","embeddable":true,"href":"https:\/\/wildenherbals.com\/fr\/wp-json\/wp\/v2\/product_cat?post=31288"},{"taxonomy":"product_tag","embeddable":true,"href":"https:\/\/wildenherbals.com\/fr\/wp-json\/wp\/v2\/product_tag?post=31288"},{"taxonomy":"partner","embeddable":true,"href":"https:\/\/wildenherbals.com\/fr\/wp-json\/wp\/v2\/partner?post=31288"},{"taxonomy":"line","embeddable":true,"href":"https:\/\/wildenherbals.com\/fr\/wp-json\/wp\/v2\/line?post=31288"}],"curies":[{"name":"wp","href":"https:\/\/api.w.org\/{rel}","templated":true}]}}