{"id":30911,"date":"2023-11-07T10:29:29","date_gmt":"2023-11-07T09:29:30","guid":{"rendered":"https:\/\/wildenherbals.com\/?post_type=product&#038;p=30911"},"modified":"2025-05-31T10:18:39","modified_gmt":"2025-05-31T08:18:39","slug":"remedia-purify-3-mix-48-sachets-detox-digestive-et-hangover","status":"publish","type":"product","link":"https:\/\/wildenherbals.com\/fr\/shop\/boite-cadeau\/mix-box-fr\/remedia-purify-3-mix-48-sachets-detox-digestive-et-hangover\/","title":{"rendered":"Mix Purify 3 Remedia &#8211; 48 sachets &#8211; Digestif, Gueule de bois et Detox"},"content":{"rendered":"<p>Cr\u00e9\u00e9es pour soutenir et renforcer les processus naturels de votre corps, nos infusions biologiques utilisent les meilleures plantes m\u00e9dicinales aux propri\u00e9t\u00e9s purifiantes pour vous aider \u00e0 retrouver votre \u00e9quilibre et \u00e0 adopter un nouveau rythme.<\/p>\n<p>Les tisanes Remedia de Wilden&rsquo;s, associ\u00e9es \u00e0 un mode de vie sain et \u00e0 une alimentation savoureuse, vari\u00e9e et \u00e9quilibr\u00e9e, sont id\u00e9ales pour prendre soin de vous.<\/p>\n<p>48 Sachets<\/p>\n<p>Remedium 3 &#8211; Digestif<br \/>\nRemedium 4 &#8211; Gueule de bois<br \/>\nRemedium 7 &#8211; D\u00e9sintoxication<\/p>\n","protected":false},"excerpt":{"rendered":"<p>Cr\u00e9\u00e9es pour soutenir et renforcer les processus naturels de votre corps, nos infusions biologiques utilisent les meilleures plantes m\u00e9dicinales aux propri\u00e9t\u00e9s purifiantes pour vous aider \u00e0 retrouver votre \u00e9quilibre et \u00e0 adopter un nouveau rythme. Les tisanes Remedia de Wilden&rsquo;s, associ\u00e9es \u00e0 un mode de vie sain et \u00e0 une alimentation savoureuse, vari\u00e9e et \u00e9quilibr\u00e9e, [&hellip;]<\/p>\n","protected":false},"featured_media":31482,"template":"","meta":{"_acf_changed":false,"inline_featured_image":false,"_mbp_gutenberg_autopost":false},"product_brand":[],"product_cat":[614,597],"product_tag":[],"partner":[],"line":[],"class_list":{"0":"post-30911","1":"product","2":"type-product","3":"status-publish","4":"has-post-thumbnail","6":"product_cat-mix-box-fr","7":"product_cat-nos-mix","9":"first","10":"instock","11":"taxable","12":"shipping-taxable","13":"purchasable","14":"product-type-simple"},"bundle_layout":"","bundled_by":[],"bundled_items":[],"acf":[],"_links":{"self":[{"href":"https:\/\/wildenherbals.com\/fr\/wp-json\/wp\/v2\/product\/30911","targetHints":{"allow":["GET"]}}],"collection":[{"href":"https:\/\/wildenherbals.com\/fr\/wp-json\/wp\/v2\/product"}],"about":[{"href":"https:\/\/wildenherbals.com\/fr\/wp-json\/wp\/v2\/types\/product"}],"wp:featuredmedia":[{"embeddable":true,"href":"https:\/\/wildenherbals.com\/fr\/wp-json\/wp\/v2\/media\/31482"}],"wp:attachment":[{"href":"https:\/\/wildenherbals.com\/fr\/wp-json\/wp\/v2\/media?parent=30911"}],"wp:term":[{"taxonomy":"product_brand","embeddable":true,"href":"https:\/\/wildenherbals.com\/fr\/wp-json\/wp\/v2\/product_brand?post=30911"},{"taxonomy":"product_cat","embeddable":true,"href":"https:\/\/wildenherbals.com\/fr\/wp-json\/wp\/v2\/product_cat?post=30911"},{"taxonomy":"product_tag","embeddable":true,"href":"https:\/\/wildenherbals.com\/fr\/wp-json\/wp\/v2\/product_tag?post=30911"},{"taxonomy":"partner","embeddable":true,"href":"https:\/\/wildenherbals.com\/fr\/wp-json\/wp\/v2\/partner?post=30911"},{"taxonomy":"line","embeddable":true,"href":"https:\/\/wildenherbals.com\/fr\/wp-json\/wp\/v2\/line?post=30911"}],"curies":[{"name":"wp","href":"https:\/\/api.w.org\/{rel}","templated":true}]}}