{"id":30889,"date":"2023-11-07T10:25:01","date_gmt":"2023-11-07T09:25:01","guid":{"rendered":"https:\/\/wildenherbals.com\/?post_type=product&#038;p=30889"},"modified":"2025-05-31T10:19:10","modified_gmt":"2025-05-31T08:19:10","slug":"remedia-balance-mix-48-sachets-boost-focus-et-detox","status":"publish","type":"product","link":"https:\/\/wildenherbals.com\/fr\/shop\/boite-cadeau\/mix-box-fr\/remedia-balance-mix-48-sachets-boost-focus-et-detox\/","title":{"rendered":"Mix Balance 3 Remedia &#8211; 48 sachets &#8211; Boost, Detox and Reborn"},"content":{"rendered":"<p>Cr\u00e9\u00e9es pour favoriser la concentration, le calme et le bien-\u00eatre int\u00e9rieur, nos infusions biologiques utilisent les meilleures plantes m\u00e9dicinales aux propri\u00e9t\u00e9s stimulantes et antioxydantes pour vous aider \u00e0 vivre pleinement l&rsquo;instant pr\u00e9sent.<\/p>\n<p>Les tisanes Remedia de Wilden&rsquo;s, associ\u00e9es \u00e0 un mode de vie sain et \u00e0 une alimentation savoureuse, vari\u00e9e et \u00e9quilibr\u00e9e, sont id\u00e9ales pour prendre soin de soi.<\/p>\n<p>48 Sachets<\/p>\n<p>Remedium 2 &#8211; Boost<br \/>\nRemedium 7 &#8211; Detox<br \/>\nRemedium 9 &#8211; Reborn<\/p>\n","protected":false},"excerpt":{"rendered":"<p>Cr\u00e9\u00e9es pour favoriser la concentration, le calme et le bien-\u00eatre int\u00e9rieur, nos infusions biologiques utilisent les meilleures plantes m\u00e9dicinales aux propri\u00e9t\u00e9s stimulantes et antioxydantes pour vous aider \u00e0 vivre pleinement l&rsquo;instant pr\u00e9sent. Les tisanes Remedia de Wilden&rsquo;s, associ\u00e9es \u00e0 un mode de vie sain et \u00e0 une alimentation savoureuse, vari\u00e9e et \u00e9quilibr\u00e9e, sont id\u00e9ales pour [&hellip;]<\/p>\n","protected":false},"featured_media":31492,"template":"","meta":{"_acf_changed":false,"inline_featured_image":false,"_mbp_gutenberg_autopost":false},"product_brand":[],"product_cat":[614,597],"product_tag":[],"partner":[],"line":[],"class_list":{"0":"post-30889","1":"product","2":"type-product","3":"status-publish","4":"has-post-thumbnail","6":"product_cat-mix-box-fr","7":"product_cat-nos-mix","9":"first","10":"instock","11":"taxable","12":"shipping-taxable","13":"purchasable","14":"product-type-simple"},"bundle_layout":"","bundled_by":[],"bundled_items":[],"acf":[],"_links":{"self":[{"href":"https:\/\/wildenherbals.com\/fr\/wp-json\/wp\/v2\/product\/30889","targetHints":{"allow":["GET"]}}],"collection":[{"href":"https:\/\/wildenherbals.com\/fr\/wp-json\/wp\/v2\/product"}],"about":[{"href":"https:\/\/wildenherbals.com\/fr\/wp-json\/wp\/v2\/types\/product"}],"wp:featuredmedia":[{"embeddable":true,"href":"https:\/\/wildenherbals.com\/fr\/wp-json\/wp\/v2\/media\/31492"}],"wp:attachment":[{"href":"https:\/\/wildenherbals.com\/fr\/wp-json\/wp\/v2\/media?parent=30889"}],"wp:term":[{"taxonomy":"product_brand","embeddable":true,"href":"https:\/\/wildenherbals.com\/fr\/wp-json\/wp\/v2\/product_brand?post=30889"},{"taxonomy":"product_cat","embeddable":true,"href":"https:\/\/wildenherbals.com\/fr\/wp-json\/wp\/v2\/product_cat?post=30889"},{"taxonomy":"product_tag","embeddable":true,"href":"https:\/\/wildenherbals.com\/fr\/wp-json\/wp\/v2\/product_tag?post=30889"},{"taxonomy":"partner","embeddable":true,"href":"https:\/\/wildenherbals.com\/fr\/wp-json\/wp\/v2\/partner?post=30889"},{"taxonomy":"line","embeddable":true,"href":"https:\/\/wildenherbals.com\/fr\/wp-json\/wp\/v2\/line?post=30889"}],"curies":[{"name":"wp","href":"https:\/\/api.w.org\/{rel}","templated":true}]}}