{"id":30869,"date":"2023-11-07T10:10:23","date_gmt":"2023-11-07T09:10:24","guid":{"rendered":"https:\/\/wildenherbals.com\/?post_type=product&#038;p=30869"},"modified":"2025-05-31T10:18:55","modified_gmt":"2025-05-31T08:18:55","slug":"remedia-calm-mix-48-sachets-night-digestive-et-relax","status":"publish","type":"product","link":"https:\/\/wildenherbals.com\/fr\/shop\/boite-cadeau\/mix-box-fr\/remedia-calm-mix-48-sachets-night-digestive-et-relax\/","title":{"rendered":"Mix Calm 3 Remedia &#8211; 48 sachets &#8211; Nuit, Digestif et D\u00e9tente"},"content":{"rendered":"<p>Cr\u00e9\u00e9es pour vous offrir la meilleure pause possible et vous inspirer un sommeil r\u00e9parateur, nos infusions biologiques utilisent les meilleures plantes m\u00e9dicinales aux propri\u00e9t\u00e9s apaisantes et relaxantes pour vous aider \u00e0 all\u00e9ger le poids de la journ\u00e9e.<\/p>\n<p>Les tisanes Remedia de Wilden&rsquo;s, combin\u00e9es \u00e0 un mode de vie sain et \u00e0 une alimentation savoureuse, vari\u00e9e et \u00e9quilibr\u00e9e, sont id\u00e9ales pour prendre soin de vous.<\/p>\n<p>48 Sachets<\/p>\n<p>Remedium 1 &#8211; Nuit<br \/>\nRemedium 3 &#8211; Digestif<br \/>\nRemedium 6 &#8211; D\u00e9tente<\/p>\n","protected":false},"excerpt":{"rendered":"<p>Cr\u00e9\u00e9es pour vous offrir la meilleure pause possible et vous inspirer un sommeil r\u00e9parateur, nos infusions biologiques utilisent les meilleures plantes m\u00e9dicinales aux propri\u00e9t\u00e9s apaisantes et relaxantes pour vous aider \u00e0 all\u00e9ger le poids de la journ\u00e9e. Les tisanes Remedia de Wilden&rsquo;s, combin\u00e9es \u00e0 un mode de vie sain et \u00e0 une alimentation savoureuse, vari\u00e9e [&hellip;]<\/p>\n","protected":false},"featured_media":31497,"template":"","meta":{"_acf_changed":false,"inline_featured_image":false,"_mbp_gutenberg_autopost":false},"product_brand":[],"product_cat":[614,597],"product_tag":[],"partner":[],"line":[],"class_list":{"0":"post-30869","1":"product","2":"type-product","3":"status-publish","4":"has-post-thumbnail","6":"product_cat-mix-box-fr","7":"product_cat-nos-mix","9":"first","10":"instock","11":"taxable","12":"shipping-taxable","13":"purchasable","14":"product-type-simple"},"bundle_layout":"","bundled_by":[],"bundled_items":[],"acf":[],"_links":{"self":[{"href":"https:\/\/wildenherbals.com\/fr\/wp-json\/wp\/v2\/product\/30869","targetHints":{"allow":["GET"]}}],"collection":[{"href":"https:\/\/wildenherbals.com\/fr\/wp-json\/wp\/v2\/product"}],"about":[{"href":"https:\/\/wildenherbals.com\/fr\/wp-json\/wp\/v2\/types\/product"}],"wp:featuredmedia":[{"embeddable":true,"href":"https:\/\/wildenherbals.com\/fr\/wp-json\/wp\/v2\/media\/31497"}],"wp:attachment":[{"href":"https:\/\/wildenherbals.com\/fr\/wp-json\/wp\/v2\/media?parent=30869"}],"wp:term":[{"taxonomy":"product_brand","embeddable":true,"href":"https:\/\/wildenherbals.com\/fr\/wp-json\/wp\/v2\/product_brand?post=30869"},{"taxonomy":"product_cat","embeddable":true,"href":"https:\/\/wildenherbals.com\/fr\/wp-json\/wp\/v2\/product_cat?post=30869"},{"taxonomy":"product_tag","embeddable":true,"href":"https:\/\/wildenherbals.com\/fr\/wp-json\/wp\/v2\/product_tag?post=30869"},{"taxonomy":"partner","embeddable":true,"href":"https:\/\/wildenherbals.com\/fr\/wp-json\/wp\/v2\/partner?post=30869"},{"taxonomy":"line","embeddable":true,"href":"https:\/\/wildenherbals.com\/fr\/wp-json\/wp\/v2\/line?post=30869"}],"curies":[{"name":"wp","href":"https:\/\/api.w.org\/{rel}","templated":true}]}}