{"id":30693,"date":"2023-11-03T15:56:14","date_gmt":"2023-11-03T14:56:14","guid":{"rendered":"https:\/\/wildenherbals.com\/?post_type=product&#038;p=30693"},"modified":"2025-09-29T20:21:26","modified_gmt":"2025-09-29T18:21:26","slug":"wilden-mug-oat-et-milk-by-giulia-valentino-ceramics","status":"publish","type":"product","link":"https:\/\/wildenherbals.com\/fr\/shop\/accessoires\/wilden-mug-oat-et-milk-by-giulia-valentino-ceramics\/","title":{"rendered":"Tasse Wilden. | AVOINE et LAIT par Giulia Valentino Ceramics"},"content":{"rendered":"<p>Mug de forme douce avec poign\u00e9e ergonomique tir\u00e9e \u00e0 la main.<\/p>\n<p>Fabriqu\u00e9 sur un tour \u00e0 partir de gr\u00e8s brun fran\u00e7ais\/blanc espagnol, \u00e9maill\u00e9 avec un \u00e9mail blanc satin\u00e9. Les m\u00e9langes semi-r\u00e9fractaires \u00e0 haute teneur en chamotte, cuits \u00e0 1260\u00b0C, garantissent une porosit\u00e9 minimale du mat\u00e9riau et une excellente r\u00e9sistance ; l&rsquo;\u00e9mail n&rsquo;utilise que des ingr\u00e9dients d&rsquo;origine europ\u00e9enne et est certifi\u00e9 alimentaire. <\/p>\n<p>Il peut \u00eatre lav\u00e9 au lave-vaisselle.<\/p>\n","protected":false},"excerpt":{"rendered":"<p>Mug de forme douce avec poign\u00e9e ergonomique tir\u00e9e \u00e0 la main. Fabriqu\u00e9 sur un tour \u00e0 partir de gr\u00e8s brun fran\u00e7ais\/blanc espagnol, \u00e9maill\u00e9 avec un \u00e9mail blanc satin\u00e9. Les m\u00e9langes semi-r\u00e9fractaires \u00e0 haute teneur en chamotte, cuits \u00e0 1260\u00b0C, garantissent une porosit\u00e9 minimale du mat\u00e9riau et une excellente r\u00e9sistance ; l&rsquo;\u00e9mail n&rsquo;utilise que des ingr\u00e9dients [&hellip;]<\/p>\n","protected":false},"featured_media":31409,"template":"","meta":{"_acf_changed":false,"inline_featured_image":false,"_mbp_gutenberg_autopost":false},"product_brand":[],"product_cat":[563,564],"product_tag":[],"partner":[],"line":[],"class_list":{"0":"post-30693","1":"product","2":"type-product","3":"status-publish","4":"has-post-thumbnail","6":"product_cat-accessoires","7":"product_cat-bouteilles-tasses-et-theieres","9":"first","10":"instock","11":"taxable","12":"shipping-taxable","13":"purchasable","14":"product-type-variable"},"bundle_layout":"","bundled_by":[],"bundled_items":[],"acf":[],"_links":{"self":[{"href":"https:\/\/wildenherbals.com\/fr\/wp-json\/wp\/v2\/product\/30693","targetHints":{"allow":["GET"]}}],"collection":[{"href":"https:\/\/wildenherbals.com\/fr\/wp-json\/wp\/v2\/product"}],"about":[{"href":"https:\/\/wildenherbals.com\/fr\/wp-json\/wp\/v2\/types\/product"}],"wp:featuredmedia":[{"embeddable":true,"href":"https:\/\/wildenherbals.com\/fr\/wp-json\/wp\/v2\/media\/31409"}],"wp:attachment":[{"href":"https:\/\/wildenherbals.com\/fr\/wp-json\/wp\/v2\/media?parent=30693"}],"wp:term":[{"taxonomy":"product_brand","embeddable":true,"href":"https:\/\/wildenherbals.com\/fr\/wp-json\/wp\/v2\/product_brand?post=30693"},{"taxonomy":"product_cat","embeddable":true,"href":"https:\/\/wildenherbals.com\/fr\/wp-json\/wp\/v2\/product_cat?post=30693"},{"taxonomy":"product_tag","embeddable":true,"href":"https:\/\/wildenherbals.com\/fr\/wp-json\/wp\/v2\/product_tag?post=30693"},{"taxonomy":"partner","embeddable":true,"href":"https:\/\/wildenherbals.com\/fr\/wp-json\/wp\/v2\/partner?post=30693"},{"taxonomy":"line","embeddable":true,"href":"https:\/\/wildenherbals.com\/fr\/wp-json\/wp\/v2\/line?post=30693"}],"curies":[{"name":"wp","href":"https:\/\/api.w.org\/{rel}","templated":true}]}}