{"id":30636,"date":"2023-11-02T11:57:03","date_gmt":"2023-11-02T10:57:03","guid":{"rendered":"https:\/\/wildenherbals.com\/?post_type=product&#038;p=30636"},"modified":"2025-05-31T10:18:47","modified_gmt":"2025-05-31T08:18:47","slug":"remedia-energize-mix-48-sachets-morning-boost-et-focus","status":"publish","type":"product","link":"https:\/\/wildenherbals.com\/fr\/shop\/boite-cadeau\/mix-box-fr\/remedia-energize-mix-48-sachets-morning-boost-et-focus\/","title":{"rendered":"Remedia Energize 3 Mix &#8211; 48 sachets &#8211; Matin, Boost et Concentration"},"content":{"rendered":"<p>Cr\u00e9\u00e9es pour vous aider \u00e0 vivre le moment pr\u00e9sent et vous donner de l&rsquo;\u00e9nergie de mani\u00e8re naturelle, nos infusions biologiques utilisent les meilleures plantes m\u00e9dicinales aux propri\u00e9t\u00e9s revigorantes pour vous donner un coup de pouce et vous sentir bien.<\/p>\n<p>Les tisanes Remedia de Wilden&rsquo;s, associ\u00e9es \u00e0 un mode de vie sain et \u00e0 une alimentation savoureuse, vari\u00e9e et \u00e9quilibr\u00e9e, sont id\u00e9ales pour prendre soin de soi.<\/p>\n<p>48 Sachets<\/p>\n<p>Remedium 0 &#8211; Morning<br \/>\nRemedium 2 &#8211; Boost<br \/>\nRemedium 5 &#8211; Concentration<\/p>\n","protected":false},"excerpt":{"rendered":"<p>Cr\u00e9\u00e9es pour vous aider \u00e0 vivre le moment pr\u00e9sent et vous donner de l&rsquo;\u00e9nergie de mani\u00e8re naturelle, nos infusions biologiques utilisent les meilleures plantes m\u00e9dicinales aux propri\u00e9t\u00e9s revigorantes pour vous donner un coup de pouce et vous sentir bien. Les tisanes Remedia de Wilden&rsquo;s, associ\u00e9es \u00e0 un mode de vie sain et \u00e0 une alimentation [&hellip;]<\/p>\n","protected":false},"featured_media":31502,"template":"","meta":{"_acf_changed":false,"inline_featured_image":false,"_mbp_gutenberg_autopost":false},"product_brand":[],"product_cat":[614,597],"product_tag":[],"partner":[],"line":[],"class_list":{"0":"post-30636","1":"product","2":"type-product","3":"status-publish","4":"has-post-thumbnail","6":"product_cat-mix-box-fr","7":"product_cat-nos-mix","9":"first","10":"instock","11":"taxable","12":"shipping-taxable","13":"purchasable","14":"product-type-simple"},"bundle_layout":"","bundled_by":[],"bundled_items":[],"acf":[],"_links":{"self":[{"href":"https:\/\/wildenherbals.com\/fr\/wp-json\/wp\/v2\/product\/30636","targetHints":{"allow":["GET"]}}],"collection":[{"href":"https:\/\/wildenherbals.com\/fr\/wp-json\/wp\/v2\/product"}],"about":[{"href":"https:\/\/wildenherbals.com\/fr\/wp-json\/wp\/v2\/types\/product"}],"wp:featuredmedia":[{"embeddable":true,"href":"https:\/\/wildenherbals.com\/fr\/wp-json\/wp\/v2\/media\/31502"}],"wp:attachment":[{"href":"https:\/\/wildenherbals.com\/fr\/wp-json\/wp\/v2\/media?parent=30636"}],"wp:term":[{"taxonomy":"product_brand","embeddable":true,"href":"https:\/\/wildenherbals.com\/fr\/wp-json\/wp\/v2\/product_brand?post=30636"},{"taxonomy":"product_cat","embeddable":true,"href":"https:\/\/wildenherbals.com\/fr\/wp-json\/wp\/v2\/product_cat?post=30636"},{"taxonomy":"product_tag","embeddable":true,"href":"https:\/\/wildenherbals.com\/fr\/wp-json\/wp\/v2\/product_tag?post=30636"},{"taxonomy":"partner","embeddable":true,"href":"https:\/\/wildenherbals.com\/fr\/wp-json\/wp\/v2\/partner?post=30636"},{"taxonomy":"line","embeddable":true,"href":"https:\/\/wildenherbals.com\/fr\/wp-json\/wp\/v2\/line?post=30636"}],"curies":[{"name":"wp","href":"https:\/\/api.w.org\/{rel}","templated":true}]}}