{"id":29230,"date":"2020-06-23T11:21:00","date_gmt":"2020-06-23T09:21:00","guid":{"rendered":"https:\/\/wildenherbals.com\/shop\/non%20class\u00e9\/graines-de-melisse\/"},"modified":"2025-09-29T09:35:20","modified_gmt":"2025-09-29T07:35:20","slug":"melisse","status":"publish","type":"product","link":"https:\/\/wildenherbals.com\/fr\/shop\/le-garde-manger\/autre\/melisse\/","title":{"rendered":"Melissa Seeds"},"content":{"rendered":"<p>La vari\u00e9t\u00e9 \u00ab Quedlinburger Niederliegende \u00bb est r\u00e9put\u00e9e pour sa teneur en huiles essentielles sup\u00e9rieure \u00e0 celle de la m\u00e9lisse commune.<\/p>\n<p>Pour nous, les raisons d&rsquo;aimer et de cultiver la m\u00e9lisse sont infinies : parfaite en cuisine, indispensable en cosm\u00e9tique, utile en m\u00e9decine et surtout avec une odeur fabuleuse, quelque part entre la menthe et le citron.<\/p>\n<p>Le nom compliqu\u00e9 provient de la ville de Quedlinburg, situ\u00e9e juste au nord des montagnes du Harz, en Saxe. Le terme \u00ab\u00a0Niederliegende\u00a0\u00bb peut \u00eatre traduit par \u00ab\u00a0procombant\u00a0\u00bb, un adjectif botanique signifiant \u00ab\u00a0qui s&rsquo;\u00e9tend sur le sol sans prendre racine\u00a0\u00bb. <\/p>\n<p>Une plante qui devrait se trouver dans tous les jardins.<\/p>\n","protected":false},"excerpt":{"rendered":"<p>La vari\u00e9t\u00e9 Quedlinburger Niederliegende est r\u00e9put\u00e9e pour sa teneur plus \u00e9lev\u00e9e en huiles essentielles que la m\u00e9lisse commune. Pour nous, les raisons d&rsquo;aimer et de cultiver la m\u00e9lisse sont innombrables : parfaite en cuisine, indispensable en cosm\u00e9tique, utile en m\u00e9decine et surtout dot\u00e9e d&rsquo;une odeur fabuleuse, quelque part entre la menthe et le citron. Le nom compliqu\u00e9 de la m\u00e9lisse provient de la ville de Quedlinburg, situ\u00e9e juste au nord des montagnes du Harz, en Saxe. Quant \u00e0 \u00ab\u00a0Niederliegende\u00a0\u00bb, il se traduit par \u00ab\u00a0procombant\u00a0\u00bb, un adjectif botanique qui signifie \u00ab\u00a0qui s&rsquo;\u00e9tend sur le sol sans prendre racine\u00a0\u00bb. Une plante qui devrait se trouver dans tous les jardins.    <\/p>\n","protected":false},"featured_media":22233,"template":"","meta":{"_acf_changed":false,"inline_featured_image":false,"_mbp_gutenberg_autopost":false},"product_brand":[],"product_cat":[695,598],"product_tag":[],"partner":[],"line":[],"class_list":{"0":"post-29230","1":"product","2":"type-product","3":"status-publish","4":"has-post-thumbnail","6":"product_cat-autre","7":"product_cat-le-garde-manger","9":"first","10":"instock","11":"taxable","12":"shipping-taxable","13":"purchasable","14":"product-type-simple"},"bundle_layout":"","bundled_by":[],"bundled_items":[],"acf":[],"_links":{"self":[{"href":"https:\/\/wildenherbals.com\/fr\/wp-json\/wp\/v2\/product\/29230","targetHints":{"allow":["GET"]}}],"collection":[{"href":"https:\/\/wildenherbals.com\/fr\/wp-json\/wp\/v2\/product"}],"about":[{"href":"https:\/\/wildenherbals.com\/fr\/wp-json\/wp\/v2\/types\/product"}],"wp:featuredmedia":[{"embeddable":true,"href":"https:\/\/wildenherbals.com\/fr\/wp-json\/wp\/v2\/media\/22233"}],"wp:attachment":[{"href":"https:\/\/wildenherbals.com\/fr\/wp-json\/wp\/v2\/media?parent=29230"}],"wp:term":[{"taxonomy":"product_brand","embeddable":true,"href":"https:\/\/wildenherbals.com\/fr\/wp-json\/wp\/v2\/product_brand?post=29230"},{"taxonomy":"product_cat","embeddable":true,"href":"https:\/\/wildenherbals.com\/fr\/wp-json\/wp\/v2\/product_cat?post=29230"},{"taxonomy":"product_tag","embeddable":true,"href":"https:\/\/wildenherbals.com\/fr\/wp-json\/wp\/v2\/product_tag?post=29230"},{"taxonomy":"partner","embeddable":true,"href":"https:\/\/wildenherbals.com\/fr\/wp-json\/wp\/v2\/partner?post=29230"},{"taxonomy":"line","embeddable":true,"href":"https:\/\/wildenherbals.com\/fr\/wp-json\/wp\/v2\/line?post=29230"}],"curies":[{"name":"wp","href":"https:\/\/api.w.org\/{rel}","templated":true}]}}