{"id":29193,"date":"2020-06-23T11:21:00","date_gmt":"2020-06-23T09:21:00","guid":{"rendered":"https:\/\/wildenherbals.com\/shop\/non%20class\u00e9\/miel-de-fleurs-sauvages-250g\/"},"modified":"2025-09-29T09:41:12","modified_gmt":"2025-09-29T07:41:12","slug":"miel-de-fleurs-2","status":"publish","type":"product","link":"https:\/\/wildenherbals.com\/fr\/shop\/le-garde-manger\/miel-et-confitures\/miel-de-fleurs-2\/","title":{"rendered":"Miel Millefiori (250g)"},"content":{"rendered":"<p>Arch\u00e9types de la complexit\u00e9 et de la pluralit\u00e9 des miels, les Millefiori sont le fruit des combinaisons infinies de nectars dont les couleurs, les parfums et les ar\u00f4mes photographient leurs milieux d&rsquo;origine comme des instantan\u00e9s.<\/p>\n<p>Blond, ambr\u00e9, aux reflets verts, cuivr\u00e9, rouge et fruit\u00e9, floral, menthol\u00e9, tannique, caram\u00e9lis\u00e9, vanill\u00e9, amer, de sous-bois, balsamique, astringent, sal\u00e9, ph\u00e9nolique, malt\u00e9, v\u00e9g\u00e9tal, r\u00e9gliss\u00e9, liquide ou cr\u00e9meux.<\/p>\n<p>La d\u00e9nomination Millefiori est souvent accompagn\u00e9e de d\u00e9signations territoriales et donc caract\u00e9ristiques de chaque apiculture.<\/p>\n<p>Poids : 250g<\/p>\n","protected":false},"excerpt":{"rendered":"<p>Arch\u00e9types de la complexit\u00e9 et de la pluralit\u00e9 des miels, les Millefiori sont le fruit des combinaisons infinies de nectars dont les couleurs, les parfums et les ar\u00f4mes photographient leurs milieux d&rsquo;origine comme des instantan\u00e9s.<br \/>\nBlonds, ambr\u00e9s, aux reflets verts, cuivr\u00e9s, rouges et fruit\u00e9s, floraux, menthol\u00e9s, tanniques, caram\u00e9lis\u00e9s, vanill\u00e9s, amers, de sous-bois, balsamiques, astringents, sal\u00e9s, ph\u00e9noliques, malt\u00e9s, v\u00e9g\u00e9taux, r\u00e9gliss\u00e9s, liquides ou cr\u00e9meux. La d\u00e9nomination Millefiori est souvent accompagn\u00e9e de d\u00e9signations territoriales et donc caract\u00e9ristiques de chaque apiculture. <\/p>\n","protected":false},"featured_media":22257,"template":"","meta":{"_acf_changed":false,"inline_featured_image":false,"_mbp_gutenberg_autopost":false},"product_brand":[],"product_cat":[598,599],"product_tag":[],"partner":[526],"line":[],"class_list":{"0":"post-29193","1":"product","2":"type-product","3":"status-publish","4":"has-post-thumbnail","6":"product_cat-le-garde-manger","7":"product_cat-miel-et-confitures","8":"partner-miels-thoune","10":"first","11":"outofstock","12":"taxable","13":"shipping-taxable","14":"purchasable","15":"product-type-simple"},"bundle_layout":"","bundled_by":["28834","28805"],"bundled_items":[],"acf":[],"_links":{"self":[{"href":"https:\/\/wildenherbals.com\/fr\/wp-json\/wp\/v2\/product\/29193","targetHints":{"allow":["GET"]}}],"collection":[{"href":"https:\/\/wildenherbals.com\/fr\/wp-json\/wp\/v2\/product"}],"about":[{"href":"https:\/\/wildenherbals.com\/fr\/wp-json\/wp\/v2\/types\/product"}],"wp:featuredmedia":[{"embeddable":true,"href":"https:\/\/wildenherbals.com\/fr\/wp-json\/wp\/v2\/media\/22257"}],"wp:attachment":[{"href":"https:\/\/wildenherbals.com\/fr\/wp-json\/wp\/v2\/media?parent=29193"}],"wp:term":[{"taxonomy":"product_brand","embeddable":true,"href":"https:\/\/wildenherbals.com\/fr\/wp-json\/wp\/v2\/product_brand?post=29193"},{"taxonomy":"product_cat","embeddable":true,"href":"https:\/\/wildenherbals.com\/fr\/wp-json\/wp\/v2\/product_cat?post=29193"},{"taxonomy":"product_tag","embeddable":true,"href":"https:\/\/wildenherbals.com\/fr\/wp-json\/wp\/v2\/product_tag?post=29193"},{"taxonomy":"partner","embeddable":true,"href":"https:\/\/wildenherbals.com\/fr\/wp-json\/wp\/v2\/partner?post=29193"},{"taxonomy":"line","embeddable":true,"href":"https:\/\/wildenherbals.com\/fr\/wp-json\/wp\/v2\/line?post=29193"}],"curies":[{"name":"wp","href":"https:\/\/api.w.org\/{rel}","templated":true}]}}