{"id":29188,"date":"2020-06-23T11:21:00","date_gmt":"2023-07-18T09:16:34","guid":{"rendered":"https:\/\/wildenherbals.com\/shop\/non%20class\u00e9\/miel-de-foret-250g\/"},"modified":"2025-05-31T10:11:46","modified_gmt":"2025-05-31T08:11:46","slug":"foret-miel-2","status":"publish","type":"product","link":"https:\/\/wildenherbals.com\/fr\/shop\/le-garde-manger\/miel-et-confitures\/foret-miel-2\/","title":{"rendered":"Miel de for\u00eat (250g)"},"content":{"rendered":"<p>L&rsquo;odeur de ce miel est forte et p\u00e9n\u00e9trante, de vin saint, de compote d&rsquo;abricot, de figue m\u00fbre, d \u00ab \u00e9pices noires, avec une finale de r\u00e9glisse. Le go\u00fbt est marqu\u00e9 par des tonalit\u00e9s de caroube, de rhubarbe et de confiture de tomates vertes, avec un arri\u00e8re-go\u00fbt de sucre de canne cuit. C&rsquo;est de loin le plus riche en min\u00e9raux, jusqu \u00bb \u00e0 1,5 %, avec une pr\u00e9dominance de potassium. C&rsquo;est le miel des sportifs !<br \/>\n* En g\u00e9n\u00e9ral, la cristallisation est lente et se fait en pr\u00e9sence de nectar de tournesol et de solidago.<\/p>\n<p>&nbsp;<\/p>\n","protected":false},"excerpt":{"rendered":"<p>L&rsquo;odeur de ce miel est forte et p\u00e9n\u00e9trante, de vin saint, de compote d&rsquo;abricot, de figue m\u00fbre, d \u00ab \u00e9pices noires, avec une finale de r\u00e9glisse. Le go\u00fbt est marqu\u00e9 par des tonalit\u00e9s de caroube, de rhubarbe et de confiture de tomates vertes, avec un arri\u00e8re-go\u00fbt de sucre de canne cuit. C&rsquo;est de loin le plus riche en min\u00e9raux, jusqu \u00bb \u00e0 1,5 %, avec une pr\u00e9dominance de potassium. C&rsquo;est le miel des sportifs !<br \/>\n* En g\u00e9n\u00e9ral, la cristallisation est lente et se fait en pr\u00e9sence de nectar de tournesol et de solidago.<\/p>\n","protected":false},"featured_media":22253,"template":"","meta":{"_acf_changed":false,"inline_featured_image":false,"_mbp_gutenberg_autopost":false},"product_brand":[],"product_cat":[598,599],"product_tag":[],"partner":[526],"line":[],"class_list":{"0":"post-29188","1":"product","2":"type-product","3":"status-publish","4":"has-post-thumbnail","6":"product_cat-le-garde-manger","7":"product_cat-miel-et-confitures","8":"partner-miels-thoune","10":"first","11":"outofstock","12":"taxable","13":"shipping-taxable","14":"purchasable","15":"product-type-simple"},"bundle_layout":"","bundled_by":[],"bundled_items":[],"acf":[],"_links":{"self":[{"href":"https:\/\/wildenherbals.com\/fr\/wp-json\/wp\/v2\/product\/29188","targetHints":{"allow":["GET"]}}],"collection":[{"href":"https:\/\/wildenherbals.com\/fr\/wp-json\/wp\/v2\/product"}],"about":[{"href":"https:\/\/wildenherbals.com\/fr\/wp-json\/wp\/v2\/types\/product"}],"wp:featuredmedia":[{"embeddable":true,"href":"https:\/\/wildenherbals.com\/fr\/wp-json\/wp\/v2\/media\/22253"}],"wp:attachment":[{"href":"https:\/\/wildenherbals.com\/fr\/wp-json\/wp\/v2\/media?parent=29188"}],"wp:term":[{"taxonomy":"product_brand","embeddable":true,"href":"https:\/\/wildenherbals.com\/fr\/wp-json\/wp\/v2\/product_brand?post=29188"},{"taxonomy":"product_cat","embeddable":true,"href":"https:\/\/wildenherbals.com\/fr\/wp-json\/wp\/v2\/product_cat?post=29188"},{"taxonomy":"product_tag","embeddable":true,"href":"https:\/\/wildenherbals.com\/fr\/wp-json\/wp\/v2\/product_tag?post=29188"},{"taxonomy":"partner","embeddable":true,"href":"https:\/\/wildenherbals.com\/fr\/wp-json\/wp\/v2\/partner?post=29188"},{"taxonomy":"line","embeddable":true,"href":"https:\/\/wildenherbals.com\/fr\/wp-json\/wp\/v2\/line?post=29188"}],"curies":[{"name":"wp","href":"https:\/\/api.w.org\/{rel}","templated":true}]}}