{"id":29164,"date":"2020-06-23T11:21:00","date_gmt":"2020-06-23T09:21:00","guid":{"rendered":"https:\/\/wildenherbals.com\/shop\/non%20class\u00e9\/carafe-bottlit-en-verre\/"},"modified":"2025-10-14T12:17:28","modified_gmt":"2025-10-14T10:17:28","slug":"bottlit-carafe-1l","status":"publish","type":"product","link":"https:\/\/wildenherbals.com\/fr\/shop\/accessoires\/bottlit-carafe-1l\/","title":{"rendered":"Carafe en verre BOTTLIT"},"content":{"rendered":"<p>En forme de bouteille, BOTTLIT ajoute de la personnalit\u00e9 \u00e0 votre int\u00e9rieur. Les pichets BOTTLIT sont agr\u00e9ables \u00e0 tenir et leur contenu s&rsquo;\u00e9coule facilement lorsqu&rsquo;on les incline. <\/p>\n<p>La couleur du contenu int\u00e9rieur, le verre raffin\u00e9 et la forme ronde organique donnent de l&rsquo;\u00e9l\u00e9gance \u00e0 votre cuisine et \u00e0 votre table.<\/p>\n<p>Capacit\u00e9 : 1 litre.<\/p>\n","protected":false},"excerpt":{"rendered":"<p>En forme de bouteille, BOTTLIT ajoute de la personnalit\u00e9 \u00e0 votre int\u00e9rieur. Les pichets BOTTLIT sont agr\u00e9ables \u00e0 tenir et leur contenu s&rsquo;\u00e9coule facilement lorsqu&rsquo;on les incline. La couleur du contenu int\u00e9rieur, le verre raffin\u00e9 et la forme ronde organique donnent de l&rsquo;\u00e9l\u00e9gance \u00e0 votre cuisine et \u00e0 votre table. Capacit\u00e9 : 1 litre.<\/p>\n","protected":false},"featured_media":22415,"template":"","meta":{"_acf_changed":false,"inline_featured_image":false,"_mbp_gutenberg_autopost":false},"product_brand":[],"product_cat":[563,812],"product_tag":[],"partner":[],"line":[],"class_list":{"0":"post-29164","1":"product","2":"type-product","3":"status-publish","4":"has-post-thumbnail","6":"product_cat-accessoires","7":"product_cat-autre-fr-2","9":"first","10":"instock","11":"taxable","12":"shipping-taxable","13":"purchasable","14":"product-type-simple"},"bundle_layout":"","bundled_by":[],"bundled_items":[],"acf":[],"_links":{"self":[{"href":"https:\/\/wildenherbals.com\/fr\/wp-json\/wp\/v2\/product\/29164","targetHints":{"allow":["GET"]}}],"collection":[{"href":"https:\/\/wildenherbals.com\/fr\/wp-json\/wp\/v2\/product"}],"about":[{"href":"https:\/\/wildenherbals.com\/fr\/wp-json\/wp\/v2\/types\/product"}],"wp:featuredmedia":[{"embeddable":true,"href":"https:\/\/wildenherbals.com\/fr\/wp-json\/wp\/v2\/media\/22415"}],"wp:attachment":[{"href":"https:\/\/wildenherbals.com\/fr\/wp-json\/wp\/v2\/media?parent=29164"}],"wp:term":[{"taxonomy":"product_brand","embeddable":true,"href":"https:\/\/wildenherbals.com\/fr\/wp-json\/wp\/v2\/product_brand?post=29164"},{"taxonomy":"product_cat","embeddable":true,"href":"https:\/\/wildenherbals.com\/fr\/wp-json\/wp\/v2\/product_cat?post=29164"},{"taxonomy":"product_tag","embeddable":true,"href":"https:\/\/wildenherbals.com\/fr\/wp-json\/wp\/v2\/product_tag?post=29164"},{"taxonomy":"partner","embeddable":true,"href":"https:\/\/wildenherbals.com\/fr\/wp-json\/wp\/v2\/partner?post=29164"},{"taxonomy":"line","embeddable":true,"href":"https:\/\/wildenherbals.com\/fr\/wp-json\/wp\/v2\/line?post=29164"}],"curies":[{"name":"wp","href":"https:\/\/api.w.org\/{rel}","templated":true}]}}