{"id":29140,"date":"2020-06-23T11:21:00","date_gmt":"2020-06-23T09:21:00","guid":{"rendered":"https:\/\/wildenherbals.com\/shop\/non%20class\u00e9\/theiere-en-verre\/"},"modified":"2025-10-14T12:09:36","modified_gmt":"2025-10-14T10:09:36","slug":"theiere-en-verre","status":"publish","type":"product","link":"https:\/\/wildenherbals.com\/fr\/shop\/accessoires\/theiere-en-verre\/","title":{"rendered":"Th\u00e9i\u00e8re en verre"},"content":{"rendered":"<p>La th\u00e9i\u00e8re en verre <strong>Wilden.herbals<\/strong> est l&rsquo;accessoire id\u00e9al pour ceux qui souhaitent s&rsquo;immerger dans l&rsquo;exp\u00e9rience authentique des infusions naturelles. Fabriqu\u00e9e en verre r\u00e9sistant et au design raffin\u00e9, elle est con\u00e7ue pour faire ressortir toutes les nuances et tous les ar\u00f4mes des tisanes de la gamme Wilden.herbals. <a href=\"https:\/\/wildenherbals.com\/fr\/product-type\/tisanes\/?filter_line=linea-remedia\" target=\"_blank\" rel=\"noopener\"><strong>ligne<\/strong> <strong>Remedia<\/strong><\/a>et vous permet d&rsquo;admirer les couleurs d\u00e9licates pendant la pr\u00e9paration. <\/p>\n<p>Id\u00e9ale comme cadeau, surtout lorsqu&rsquo;elle est associ\u00e9e \u00e0 une ou plusieurs tisanes <strong>Remedia<\/strong>, cette th\u00e9i\u00e8re est une invitation \u00e0 d\u00e9couvrir un rituel quotidien de <em>slow<\/em> wellness. A chaque infusion, vous vous offrez un moment de calme et d&rsquo;harmonie, id\u00e9al pour les amateurs de pauses relaxantes et de saveurs naturelles et authentiques. <\/p>\n<p>\u2713 Id\u00e9e cadeau parfaite pour les amateurs de tisanes<br \/>\n\u2713 A offrir avec l&rsquo;une de nos tisanes <a href=\"https:\/\/wildenherbals.com\/fr\/product-type\/tisanes\/\" target=\"_blank\" rel=\"noopener\"><strong>tisanes<\/strong><\/a><em>disponible en <strong>diff\u00e9rentes tailles<\/strong><\/em>!<br \/>\n\u2713 Fabriqu\u00e9 en verre durable et au design raffin\u00e9<\/p>\n","protected":false},"excerpt":{"rendered":"<p>La th\u00e9i\u00e8re en verre Wilden.herbals est l&rsquo;accessoire id\u00e9al pour ceux qui souhaitent s&rsquo;immerger dans l&rsquo;exp\u00e9rience authentique des infusions naturelles. Fabriqu\u00e9e en verre r\u00e9sistant et au design raffin\u00e9, elle est con\u00e7ue pour faire ressortir toutes les nuances et tous les ar\u00f4mes des tisanes de la gamme Wilden.herbals. ligne Remediaet vous permet d&rsquo;admirer les couleurs d\u00e9licates pendant [&hellip;]<\/p>\n","protected":false},"featured_media":22177,"template":"","meta":{"_acf_changed":false,"inline_featured_image":false,"_mbp_gutenberg_autopost":false},"product_brand":[],"product_cat":[563,564],"product_tag":[],"partner":[],"line":[],"class_list":{"0":"post-29140","1":"product","2":"type-product","3":"status-publish","4":"has-post-thumbnail","6":"product_cat-accessoires","7":"product_cat-bouteilles-tasses-et-theieres","9":"first","10":"instock","11":"taxable","12":"shipping-taxable","13":"purchasable","14":"product-type-simple"},"bundle_layout":"","bundled_by":["27879"],"bundled_items":[],"acf":[],"_links":{"self":[{"href":"https:\/\/wildenherbals.com\/fr\/wp-json\/wp\/v2\/product\/29140","targetHints":{"allow":["GET"]}}],"collection":[{"href":"https:\/\/wildenherbals.com\/fr\/wp-json\/wp\/v2\/product"}],"about":[{"href":"https:\/\/wildenherbals.com\/fr\/wp-json\/wp\/v2\/types\/product"}],"wp:featuredmedia":[{"embeddable":true,"href":"https:\/\/wildenherbals.com\/fr\/wp-json\/wp\/v2\/media\/22177"}],"wp:attachment":[{"href":"https:\/\/wildenherbals.com\/fr\/wp-json\/wp\/v2\/media?parent=29140"}],"wp:term":[{"taxonomy":"product_brand","embeddable":true,"href":"https:\/\/wildenherbals.com\/fr\/wp-json\/wp\/v2\/product_brand?post=29140"},{"taxonomy":"product_cat","embeddable":true,"href":"https:\/\/wildenherbals.com\/fr\/wp-json\/wp\/v2\/product_cat?post=29140"},{"taxonomy":"product_tag","embeddable":true,"href":"https:\/\/wildenherbals.com\/fr\/wp-json\/wp\/v2\/product_tag?post=29140"},{"taxonomy":"partner","embeddable":true,"href":"https:\/\/wildenherbals.com\/fr\/wp-json\/wp\/v2\/partner?post=29140"},{"taxonomy":"line","embeddable":true,"href":"https:\/\/wildenherbals.com\/fr\/wp-json\/wp\/v2\/line?post=29140"}],"curies":[{"name":"wp","href":"https:\/\/api.w.org\/{rel}","templated":true}]}}