{"id":28958,"date":"2020-10-08T16:33:00","date_gmt":"2020-10-08T14:33:00","guid":{"rendered":"https:\/\/wildenherbals.com\/shop\/non%20class\u00e9\/tablier-poche-couleur-naturelle\/"},"modified":"2025-09-29T09:58:43","modified_gmt":"2025-09-29T07:58:43","slug":"tablier","status":"publish","type":"product","link":"https:\/\/wildenherbals.com\/fr\/shop\/textile-fr\/tablier\/","title":{"rendered":"Tablier avec poche &#8211; Couleur naturelle"},"content":{"rendered":"<p><span style=\"font-weight: 400;\">Tablier unisexe polyvalent en lin italien. Confortable et \u00e9l\u00e9gant. Poche frontale pratique.    <\/span><\/p>\n<p><span style=\"font-weight: 400;\">Parfait pour utiliser pendant votre temps libre dans la cuisine, dans le jardin, \u00e0 la maison.<\/span><\/p>\n<p><span style=\"font-weight: 400;\">Couleurs : Naturel  <\/span><\/p>\n<p>Dimensions : 50&#215;32 cm &#8211; profondeur : 10\/12 cm<\/p>\n<p>\u00ab\u00a0<em>Merci d&rsquo;avoir choisi cet objet, fabriqu\u00e9 \u00e0 la main \u00e0 partir d&rsquo;un tissu en fibres v\u00e9g\u00e9tales naturelles. <\/em><br \/>\n<em>Chaque pi\u00e8ce a \u00e9t\u00e9 teinte \u00e0 la main avec des couleurs naturelles extraites de plantes selon des recettes de teinture ancestrales.  <\/em><\/p>\n","protected":false},"excerpt":{"rendered":"<p>Tablier unisexe polyvalent en lin italien. Confortable et \u00e9l\u00e9gant. Poche frontale pratique. Parfait pour utiliser pendant votre temps libre dans la cuisine, dans le jardin, \u00e0 la maison. Couleurs : Naturel Dimensions : 50&#215;32 cm &#8211; profondeur : 10\/12 cm \u00ab\u00a0Merci d&rsquo;avoir choisi cet objet, fabriqu\u00e9 \u00e0 la main \u00e0 partir d&rsquo;un tissu en fibres [&hellip;]<\/p>\n","protected":false},"featured_media":25299,"template":"","meta":{"_acf_changed":false,"inline_featured_image":false,"_mbp_gutenberg_autopost":false},"product_brand":[],"product_cat":[660,792],"product_tag":[],"partner":[489],"line":[],"class_list":{"0":"post-28958","1":"product","2":"type-product","3":"status-publish","4":"has-post-thumbnail","6":"product_cat-textile-fr","7":"product_cat-autre-fr","8":"partner-paola-barzano-pour-wilden","10":"first","11":"instock","12":"taxable","13":"shipping-taxable","14":"purchasable","15":"product-type-simple"},"bundle_layout":"","bundled_by":[],"bundled_items":[],"acf":[],"_links":{"self":[{"href":"https:\/\/wildenherbals.com\/fr\/wp-json\/wp\/v2\/product\/28958","targetHints":{"allow":["GET"]}}],"collection":[{"href":"https:\/\/wildenherbals.com\/fr\/wp-json\/wp\/v2\/product"}],"about":[{"href":"https:\/\/wildenherbals.com\/fr\/wp-json\/wp\/v2\/types\/product"}],"wp:featuredmedia":[{"embeddable":true,"href":"https:\/\/wildenherbals.com\/fr\/wp-json\/wp\/v2\/media\/25299"}],"wp:attachment":[{"href":"https:\/\/wildenherbals.com\/fr\/wp-json\/wp\/v2\/media?parent=28958"}],"wp:term":[{"taxonomy":"product_brand","embeddable":true,"href":"https:\/\/wildenherbals.com\/fr\/wp-json\/wp\/v2\/product_brand?post=28958"},{"taxonomy":"product_cat","embeddable":true,"href":"https:\/\/wildenherbals.com\/fr\/wp-json\/wp\/v2\/product_cat?post=28958"},{"taxonomy":"product_tag","embeddable":true,"href":"https:\/\/wildenherbals.com\/fr\/wp-json\/wp\/v2\/product_tag?post=28958"},{"taxonomy":"partner","embeddable":true,"href":"https:\/\/wildenherbals.com\/fr\/wp-json\/wp\/v2\/partner?post=28958"},{"taxonomy":"line","embeddable":true,"href":"https:\/\/wildenherbals.com\/fr\/wp-json\/wp\/v2\/line?post=28958"}],"curies":[{"name":"wp","href":"https:\/\/api.w.org\/{rel}","templated":true}]}}