{"id":28912,"date":"2020-10-09T14:15:06","date_gmt":"2023-07-18T09:09:59","guid":{"rendered":"https:\/\/wildenherbals.com\/shop\/non%20class\u00e9\/tisane-bio-remedium-n-2-%c2%b7-boost-carton-de-10-sachets\/"},"modified":"2025-07-07T18:04:30","modified_gmt":"2025-07-07T16:04:30","slug":"remede-n-2-boost-boost-10-sachets","status":"publish","type":"product","link":"https:\/\/wildenherbals.com\/fr\/shop\/tisanes\/remede-n-2-boost-boost-10-sachets\/","title":{"rendered":"Remedium Organic Herbal Tea No. 2 &#8211; Boost"},"content":{"rendered":"<p>Remedium &#8211; 2 est un m\u00e9lange aux propri\u00e9t\u00e9s antioxydantes et immunostimulantes, capable de renforcer le syst\u00e8me immunitaire, de prot\u00e9ger l&rsquo;organisme des facteurs de risque et de pr\u00e9venir et traiter les sympt\u00f4mes du rhume.<\/p>\n<p>Remedium &#8211; 2 est un m\u00e9lange de 9 plantes dans lequel les propri\u00e9t\u00e9s pharmacologiques du curcuma sont soutenues par l&rsquo;action d&rsquo;autres plantes telles que le sureau et le laurier. Les principes actifs et la saveur fra\u00eeche et piquante du gingembre sont associ\u00e9s au poivre l\u00e9g\u00e8rement piquant, \u00e0 l&rsquo;ar\u00f4me agr\u00e9able de la citronnelle et au go\u00fbt sucr\u00e9 de l&rsquo;orange. <\/p>\n<p>Mode de consommation : chaque sachet est con\u00e7u pour \u00eatre utilis\u00e9 dans de l&rsquo;eau d&rsquo;une contenance maximale de 500 ml.<\/p>\n<p>Lorsque vous achetez nos tisanes dans le format de <em>30 sachets en coton<\/em>, <strong>vous recevez en cadeau<\/strong> notre <strong>sac en coton<\/strong> pratique et \u00e9l\u00e9gant. R\u00e9utilisable et parfait comme paquet cadeau, c&rsquo;est un petit geste qui rendra vos moments de d\u00e9tente encore plus sp\u00e9ciaux. <\/p>\n","protected":false},"excerpt":{"rendered":"<p>Remedium &#8211; 2 est un m\u00e9lange aux propri\u00e9t\u00e9s antioxydantes et immunostimulantes, capable de renforcer le syst\u00e8me immunitaire, de prot\u00e9ger l&rsquo;organisme des facteurs de risque et de pr\u00e9venir et traiter les sympt\u00f4mes du rhume. Remedium &#8211; 2 est un m\u00e9lange de 9 plantes dans lequel les propri\u00e9t\u00e9s pharmacologiques du curcuma sont soutenues par l&rsquo;action d&rsquo;autres plantes [&hellip;]<\/p>\n","protected":false},"featured_media":26008,"template":"","meta":{"_acf_changed":false,"inline_featured_image":false,"_mbp_gutenberg_autopost":false},"product_brand":[],"product_cat":[542,544],"product_tag":[545,756,754],"partner":[],"line":[608,780],"class_list":{"0":"post-28912","1":"product","2":"type-product","3":"status-publish","4":"has-post-thumbnail","6":"product_cat-tisanes","7":"product_cat-en-sachet","8":"product_tag-bien-etre","9":"product_tag-pouvoir","10":"product_tag-renforcement","11":"line-ligne-de-remedia","12":"line-tisane-bio-remedium-n-2--boost","14":"first","15":"instock","16":"taxable","17":"shipping-taxable","18":"purchasable","19":"product-type-variable"},"bundle_layout":"","bundled_by":["27830","27861","27870","27866"],"bundled_items":[],"acf":[],"_links":{"self":[{"href":"https:\/\/wildenherbals.com\/fr\/wp-json\/wp\/v2\/product\/28912","targetHints":{"allow":["GET"]}}],"collection":[{"href":"https:\/\/wildenherbals.com\/fr\/wp-json\/wp\/v2\/product"}],"about":[{"href":"https:\/\/wildenherbals.com\/fr\/wp-json\/wp\/v2\/types\/product"}],"wp:featuredmedia":[{"embeddable":true,"href":"https:\/\/wildenherbals.com\/fr\/wp-json\/wp\/v2\/media\/26008"}],"wp:attachment":[{"href":"https:\/\/wildenherbals.com\/fr\/wp-json\/wp\/v2\/media?parent=28912"}],"wp:term":[{"taxonomy":"product_brand","embeddable":true,"href":"https:\/\/wildenherbals.com\/fr\/wp-json\/wp\/v2\/product_brand?post=28912"},{"taxonomy":"product_cat","embeddable":true,"href":"https:\/\/wildenherbals.com\/fr\/wp-json\/wp\/v2\/product_cat?post=28912"},{"taxonomy":"product_tag","embeddable":true,"href":"https:\/\/wildenherbals.com\/fr\/wp-json\/wp\/v2\/product_tag?post=28912"},{"taxonomy":"partner","embeddable":true,"href":"https:\/\/wildenherbals.com\/fr\/wp-json\/wp\/v2\/partner?post=28912"},{"taxonomy":"line","embeddable":true,"href":"https:\/\/wildenherbals.com\/fr\/wp-json\/wp\/v2\/line?post=28912"}],"curies":[{"name":"wp","href":"https:\/\/api.w.org\/{rel}","templated":true}]}}