{"id":28886,"date":"2020-10-09T14:34:38","date_gmt":"2020-10-09T12:34:38","guid":{"rendered":"https:\/\/wildenherbals.com\/shop\/non%20class\u00e9\/remedium-n-3-tisane-bio-%c2%b7-digestif-carton-de-10-sachets\/"},"modified":"2026-02-18T10:04:52","modified_gmt":"2026-02-18T09:04:52","slug":"remede-n-3-digestif-etui-10-sachets","status":"publish","type":"product","link":"https:\/\/wildenherbals.com\/fr\/shop\/tisanes\/remede-n-3-digestif-etui-10-sachets\/","title":{"rendered":"Remedium Organic Herbal Tea No. 3 &#8211; Digestive"},"content":{"rendered":"<p>Remedium &#8211; 3 est une tisane l\u00e9g\u00e8re et fra\u00eeche \u00e0 d\u00e9guster apr\u00e8s chaque repas, qui facilite la digestion et r\u00e9tablit un cycle intestinal correct.<\/p>\n<p>8 plantes classiques qui se combinent, s&rsquo;\u00e9quilibrent et agissent en synergie. La saveur fra\u00eeche et intense du citron, de la menthe et du gingembre est rehauss\u00e9e par la r\u00e9glisse et le romarin. La sauge, la m\u00e9lisse et le fenouil cl\u00f4turent le cercle des saveurs avec un arri\u00e8re-go\u00fbt doux et d\u00e9licat qui assure un effet b\u00e9n\u00e9fique et protecteur pour le foie.<\/p>\n<p>Mode de consommation : chaque sachet est con\u00e7u pour \u00eatre utilis\u00e9 dans de l&rsquo;eau d&rsquo;une contenance maximale de 500 ml.<\/p>\n<p>Lorsque vous achetez nos tisanes dans le format de <em>30 sachets en coton<\/em>, <strong>vous recevez en cadeau<\/strong> notre <strong>sac en coton<\/strong> pratique et \u00e9l\u00e9gant. R\u00e9utilisable et parfait comme paquet cadeau, c&rsquo;est un petit geste qui rendra vos moments de d\u00e9tente encore plus sp\u00e9ciaux.<\/p>\n","protected":false},"excerpt":{"rendered":"<p>Remedium &#8211; 3 est une tisane l\u00e9g\u00e8re et fra\u00eeche \u00e0 d\u00e9guster apr\u00e8s chaque repas, qui facilite la digestion et r\u00e9tablit un cycle intestinal correct. 8 plantes classiques qui se combinent, s&rsquo;\u00e9quilibrent et agissent en synergie. La saveur fra\u00eeche et intense du citron, de la menthe et du gingembre est rehauss\u00e9e par la r\u00e9glisse et le [&hellip;]<\/p>\n","protected":false},"featured_media":26017,"template":"","meta":{"_acf_changed":false,"inline_featured_image":false,"_mbp_gutenberg_autopost":false},"product_brand":[],"product_cat":[542,544],"product_tag":[683,630,680],"partner":[],"line":[608,777],"class_list":{"0":"post-28886","1":"product","2":"type-product","3":"status-publish","4":"has-post-thumbnail","6":"product_cat-tisanes","7":"product_cat-en-sachet","8":"product_tag-calme","9":"product_tag-purification-fr","10":"product_tag-relaxant","11":"line-ligne-de-remedia","12":"line-remedium-n-3-tisane-bio--digestive","14":"first","15":"instock","16":"taxable","17":"shipping-taxable","18":"purchasable","19":"product-type-variable"},"bundle_layout":"","bundled_by":["27830","27861","27870","27866"],"bundled_items":[],"acf":[],"_links":{"self":[{"href":"https:\/\/wildenherbals.com\/fr\/wp-json\/wp\/v2\/product\/28886","targetHints":{"allow":["GET"]}}],"collection":[{"href":"https:\/\/wildenherbals.com\/fr\/wp-json\/wp\/v2\/product"}],"about":[{"href":"https:\/\/wildenherbals.com\/fr\/wp-json\/wp\/v2\/types\/product"}],"wp:featuredmedia":[{"embeddable":true,"href":"https:\/\/wildenherbals.com\/fr\/wp-json\/wp\/v2\/media\/26017"}],"wp:attachment":[{"href":"https:\/\/wildenherbals.com\/fr\/wp-json\/wp\/v2\/media?parent=28886"}],"wp:term":[{"taxonomy":"product_brand","embeddable":true,"href":"https:\/\/wildenherbals.com\/fr\/wp-json\/wp\/v2\/product_brand?post=28886"},{"taxonomy":"product_cat","embeddable":true,"href":"https:\/\/wildenherbals.com\/fr\/wp-json\/wp\/v2\/product_cat?post=28886"},{"taxonomy":"product_tag","embeddable":true,"href":"https:\/\/wildenherbals.com\/fr\/wp-json\/wp\/v2\/product_tag?post=28886"},{"taxonomy":"partner","embeddable":true,"href":"https:\/\/wildenherbals.com\/fr\/wp-json\/wp\/v2\/partner?post=28886"},{"taxonomy":"line","embeddable":true,"href":"https:\/\/wildenherbals.com\/fr\/wp-json\/wp\/v2\/line?post=28886"}],"curies":[{"name":"wp","href":"https:\/\/api.w.org\/{rel}","templated":true}]}}