{"id":28884,"date":"2020-10-09T14:44:00","date_gmt":"2023-07-18T09:09:45","guid":{"rendered":"https:\/\/wildenherbals.com\/shop\/non%20class\u00e9\/remedium-n-4-tisane-bio-%c2%b7-gueule-de-bois-carton-de-10-sachets\/"},"modified":"2025-07-07T17:58:17","modified_gmt":"2025-07-07T15:58:17","slug":"remede-n-4-gueule-de-bois-10-sachets","status":"publish","type":"product","link":"https:\/\/wildenherbals.com\/fr\/shop\/tisanes\/remede-n-4-gueule-de-bois-10-sachets\/","title":{"rendered":"Remedium Organic Herbal Tea No. 4 &#8211; Gueule de bois"},"content":{"rendered":"<p>Remedium &#8211; 4 est une recette complexe compos\u00e9e de 12 plantes sp\u00e9cialement s\u00e9lectionn\u00e9es et choisies pour assurer une sensation de rajeunissement et pour se remettre sur les rails, en particulier en cas de \u00ab gueule de bois \u00bb.<\/p>\n<p>Ce rem\u00e8de contient du citron, de la citronnelle et de l&rsquo;orange, ingr\u00e9dients riches en vitamine C et aux propri\u00e9t\u00e9s revigorantes. La menthe et le gingembre caract\u00e9risent le go\u00fbt et donnent \u00e0 l&rsquo;infusion une saveur fra\u00eeche et parfum\u00e9e. Le poivre noir et le curcuma se compl\u00e8tent, tandis que la mauve, la gentiane et la camomille assurent l \u00ab \u00e9quilibre entre toutes les herbes, favorisant une action synergique en faveur du foie, de l&rsquo;estomac et de l&rsquo;intestin, en lib\u00e9rant une sensation marqu\u00e9e de tonicit\u00e9 et d \u00bb \u00e9nergie. <\/p>\n<p>Mode de consommation : chaque sachet est con\u00e7u pour \u00eatre utilis\u00e9 dans de l&rsquo;eau d&rsquo;une contenance maximale de 500 ml.<\/p>\n<p>Lorsque vous achetez nos tisanes dans le format de <em>30 sachets en coton<\/em>, <strong>vous recevez en cadeau<\/strong> notre <strong>sac en coton<\/strong> pratique et \u00e9l\u00e9gant. R\u00e9utilisable et parfait comme paquet cadeau, c&rsquo;est un petit geste qui rendra vos moments de d\u00e9tente encore plus sp\u00e9ciaux. <\/p>\n","protected":false},"excerpt":{"rendered":"<p>Remedium &#8211; 4 est une recette complexe compos\u00e9e de 12 plantes sp\u00e9cialement s\u00e9lectionn\u00e9es et choisies pour assurer une sensation de rajeunissement et pour se remettre sur les rails, en particulier en cas de \u00ab gueule de bois \u00bb. Ce rem\u00e8de contient du citron, de la citronnelle et de l&rsquo;orange, ingr\u00e9dients riches en vitamine C et [&hellip;]<\/p>\n","protected":false},"featured_media":26026,"template":"","meta":{"_acf_changed":false,"inline_featured_image":false,"_mbp_gutenberg_autopost":false},"product_brand":[],"product_cat":[542,544],"product_tag":[630],"partner":[],"line":[608,774],"class_list":{"0":"post-28884","1":"product","2":"type-product","3":"status-publish","4":"has-post-thumbnail","6":"product_cat-tisanes","7":"product_cat-en-sachet","8":"product_tag-purification-fr","9":"line-ligne-de-remedia","10":"line-tisane-bio-remede-n-4--hangover","12":"first","13":"instock","14":"taxable","15":"shipping-taxable","16":"purchasable","17":"product-type-variable"},"bundle_layout":"","bundled_by":["27830","27861","27870","27866"],"bundled_items":[],"acf":[],"_links":{"self":[{"href":"https:\/\/wildenherbals.com\/fr\/wp-json\/wp\/v2\/product\/28884","targetHints":{"allow":["GET"]}}],"collection":[{"href":"https:\/\/wildenherbals.com\/fr\/wp-json\/wp\/v2\/product"}],"about":[{"href":"https:\/\/wildenherbals.com\/fr\/wp-json\/wp\/v2\/types\/product"}],"wp:featuredmedia":[{"embeddable":true,"href":"https:\/\/wildenherbals.com\/fr\/wp-json\/wp\/v2\/media\/26026"}],"wp:attachment":[{"href":"https:\/\/wildenherbals.com\/fr\/wp-json\/wp\/v2\/media?parent=28884"}],"wp:term":[{"taxonomy":"product_brand","embeddable":true,"href":"https:\/\/wildenherbals.com\/fr\/wp-json\/wp\/v2\/product_brand?post=28884"},{"taxonomy":"product_cat","embeddable":true,"href":"https:\/\/wildenherbals.com\/fr\/wp-json\/wp\/v2\/product_cat?post=28884"},{"taxonomy":"product_tag","embeddable":true,"href":"https:\/\/wildenherbals.com\/fr\/wp-json\/wp\/v2\/product_tag?post=28884"},{"taxonomy":"partner","embeddable":true,"href":"https:\/\/wildenherbals.com\/fr\/wp-json\/wp\/v2\/partner?post=28884"},{"taxonomy":"line","embeddable":true,"href":"https:\/\/wildenherbals.com\/fr\/wp-json\/wp\/v2\/line?post=28884"}],"curies":[{"name":"wp","href":"https:\/\/api.w.org\/{rel}","templated":true}]}}