{"id":28864,"date":"2020-10-11T10:24:06","date_gmt":"2020-10-11T08:24:06","guid":{"rendered":"https:\/\/wildenherbals.com\/shop\/non%20class\u00e9\/remedium-n-0-tisane-bio-%c2%b7-matin-carton-de-10-sachets\/"},"modified":"2025-12-10T11:14:08","modified_gmt":"2025-12-10T10:14:08","slug":"remede-n-0-matin-etui-10-sachets","status":"publish","type":"product","link":"https:\/\/wildenherbals.com\/fr\/shop\/tisanes\/remede-n-0-matin-etui-10-sachets\/","title":{"rendered":"Remedium Organic Herbal Tea No. 0 &#8211; Matin"},"content":{"rendered":"<p>Remedium &#8211; 0 est le premier m\u00e9lange d&rsquo;infusion de Wilden. Ce m\u00e9lange d&rsquo;herbes s\u00e8ches sert de tonique et d&rsquo;\u00e9nergisant matinal, parfait pour commencer la journ\u00e9e. <\/p>\n<p>Un m\u00e9lange de 8 plantes qui s \u00ab \u00e9quilibrent et se renforcent mutuellement : la saveur piquante et forte du cacao et de la cannelle s&rsquo;harmonise avec l&rsquo;ar\u00f4me sucr\u00e9 du miel et le parfum de noisette du rooibos. Enfin, le ginkgo, le millepertuis, le cyclopia et le karkad\u00e8 agissent en synergie, favorisant le tonus, la bonne humeur et l \u00bb \u00e9nergie. <\/p>\n<p>Mode de consommation : chaque sachet est con\u00e7u pour \u00eatre utilis\u00e9 dans de l&rsquo;eau d&rsquo;une contenance maximale de 500 ml.<\/p>\n<p>Lorsque vous achetez nos tisanes dans le format de <em>30 sachets en coton<\/em>, <strong>vous recevez en cadeau<\/strong> notre <strong>sac en coton<\/strong> pratique et \u00e9l\u00e9gant. R\u00e9utilisable et parfait comme paquet cadeau, c&rsquo;est un petit geste qui rendra vos moments de d\u00e9tente encore plus sp\u00e9ciaux. <\/p>\n","protected":false},"excerpt":{"rendered":"<p>Remedium &#8211; 0 est le premier m\u00e9lange d&rsquo;infusion de Wilden. Ce m\u00e9lange d&rsquo;herbes s\u00e8ches sert de tonique et d&rsquo;\u00e9nergisant matinal, parfait pour commencer la journ\u00e9e. Un m\u00e9lange de 8 plantes qui s \u00ab \u00e9quilibrent et se renforcent mutuellement : la saveur piquante et forte du cacao et de la cannelle s&rsquo;harmonise avec l&rsquo;ar\u00f4me sucr\u00e9 du [&hellip;]<\/p>\n","protected":false},"featured_media":25993,"template":"","meta":{"_acf_changed":false,"inline_featured_image":false,"_mbp_gutenberg_autopost":false},"product_brand":[],"product_cat":[542,544],"product_tag":[756,669],"partner":[],"line":[608,771],"class_list":{"0":"post-28864","1":"product","2":"type-product","3":"status-publish","4":"has-post-thumbnail","6":"product_cat-tisanes","7":"product_cat-en-sachet","8":"product_tag-pouvoir","9":"product_tag-tonique","10":"line-ligne-de-remedia","11":"line-tisane-bio-remedium-n-0--morning","13":"first","14":"instock","15":"taxable","16":"shipping-taxable","17":"purchasable","18":"product-type-variable"},"bundle_layout":"","bundled_by":["27862","27830","27861","27870","27866","27896","27891"],"bundled_items":[],"acf":[],"_links":{"self":[{"href":"https:\/\/wildenherbals.com\/fr\/wp-json\/wp\/v2\/product\/28864","targetHints":{"allow":["GET"]}}],"collection":[{"href":"https:\/\/wildenherbals.com\/fr\/wp-json\/wp\/v2\/product"}],"about":[{"href":"https:\/\/wildenherbals.com\/fr\/wp-json\/wp\/v2\/types\/product"}],"wp:featuredmedia":[{"embeddable":true,"href":"https:\/\/wildenherbals.com\/fr\/wp-json\/wp\/v2\/media\/25993"}],"wp:attachment":[{"href":"https:\/\/wildenherbals.com\/fr\/wp-json\/wp\/v2\/media?parent=28864"}],"wp:term":[{"taxonomy":"product_brand","embeddable":true,"href":"https:\/\/wildenherbals.com\/fr\/wp-json\/wp\/v2\/product_brand?post=28864"},{"taxonomy":"product_cat","embeddable":true,"href":"https:\/\/wildenherbals.com\/fr\/wp-json\/wp\/v2\/product_cat?post=28864"},{"taxonomy":"product_tag","embeddable":true,"href":"https:\/\/wildenherbals.com\/fr\/wp-json\/wp\/v2\/product_tag?post=28864"},{"taxonomy":"partner","embeddable":true,"href":"https:\/\/wildenherbals.com\/fr\/wp-json\/wp\/v2\/partner?post=28864"},{"taxonomy":"line","embeddable":true,"href":"https:\/\/wildenherbals.com\/fr\/wp-json\/wp\/v2\/line?post=28864"}],"curies":[{"name":"wp","href":"https:\/\/api.w.org\/{rel}","templated":true}]}}