{"id":28846,"date":"2020-10-24T09:18:54","date_gmt":"2020-10-24T07:18:54","guid":{"rendered":"https:\/\/wildenherbals.com\/shop\/non%20class\u00e9\/remedium-n-5-tisane-bio-%c2%b7-focus-carton-de-10-sachets\/"},"modified":"2026-03-02T09:58:55","modified_gmt":"2026-03-02T08:58:55","slug":"remedium-n-5-%c2%b7-focus-case-10-sachets","status":"publish","type":"product","link":"https:\/\/wildenherbals.com\/fr\/shop\/tisanes\/remedium-n-5-%c2%b7-focus-case-10-sachets\/","title":{"rendered":"Remedium Organic Herbal Tea No. 5 &#8211; Focus"},"content":{"rendered":"<p>Remedium &#8211; 5 est une infusion faite pour r\u00e9fl\u00e9chir. L&rsquo;\u00e9quilibre de cette tisane s&rsquo;appuie sur les saveurs et les ar\u00f4mes pour r\u00e9tablir l&rsquo;harmonie et sublimer chaque moment de pause.<\/p>\n<p>Il est compos\u00e9 de 9 herbes qui \u00e9voluent en bouche et apportent un juste \u00e9quilibre de saveurs. Un voyage tout m\u00e9diterran\u00e9en, gr\u00e2ce \u00e0 la fra\u00eecheur de la menthe et du basilic, qui se fait douce avec la verveine et la m\u00e9lisse. Le romarin et la rhodiola rosea compl\u00e8tent la boucle et, avec le corps astringent d\u00e9velopp\u00e9 sur le mat\u00e9, le ginkgo et la centella asiatica, font de ce Remedium le compagnon de voyage id\u00e9al pour se recentrer.<\/p>\n<p>Mode de consommation : chaque sachet est con\u00e7u pour \u00eatre utilis\u00e9 dans de l&rsquo;eau d&rsquo;une contenance maximale de 500 ml.<\/p>\n<p>Lorsque vous achetez nos tisanes dans le format de <em>30 sachets en coton<\/em>, <strong>vous recevez en cadeau<\/strong> notre <strong>sac en coton<\/strong> pratique et \u00e9l\u00e9gant. R\u00e9utilisable et parfait comme paquet cadeau, c&rsquo;est un petit geste qui rendra vos moments de d\u00e9tente encore plus sp\u00e9ciaux.<\/p>\n","protected":false},"excerpt":{"rendered":"<p>Remedium &#8211; 5 est une infusion faite pour r\u00e9fl\u00e9chir. L&rsquo;\u00e9quilibre de cette tisane s&rsquo;appuie sur les saveurs et les ar\u00f4mes pour r\u00e9tablir l&rsquo;harmonie et sublimer chaque moment de pause. Il est compos\u00e9 de 9 herbes qui \u00e9voluent en bouche et apportent un juste \u00e9quilibre de saveurs. Un voyage tout m\u00e9diterran\u00e9en, gr\u00e2ce \u00e0 la fra\u00eecheur de [&hellip;]<\/p>\n","protected":false},"featured_media":26035,"template":"","meta":{"_acf_changed":false,"inline_featured_image":false,"_mbp_gutenberg_autopost":false},"product_brand":[],"product_cat":[542,544],"product_tag":[756,755,754],"partner":[],"line":[608,753],"class_list":{"0":"post-28846","1":"product","2":"type-product","3":"status-publish","4":"has-post-thumbnail","6":"product_cat-tisanes","7":"product_cat-en-sachet","8":"product_tag-pouvoir","9":"product_tag-regenerant","10":"product_tag-renforcement","11":"line-ligne-de-remedia","12":"line-remedium-n-5-tisane-bio--focus","14":"first","15":"instock","16":"taxable","17":"shipping-taxable","18":"purchasable","19":"product-type-variable"},"bundle_layout":"","bundled_by":["27830","27861","27870","27866"],"bundled_items":[],"acf":[],"_links":{"self":[{"href":"https:\/\/wildenherbals.com\/fr\/wp-json\/wp\/v2\/product\/28846","targetHints":{"allow":["GET"]}}],"collection":[{"href":"https:\/\/wildenherbals.com\/fr\/wp-json\/wp\/v2\/product"}],"about":[{"href":"https:\/\/wildenherbals.com\/fr\/wp-json\/wp\/v2\/types\/product"}],"wp:featuredmedia":[{"embeddable":true,"href":"https:\/\/wildenherbals.com\/fr\/wp-json\/wp\/v2\/media\/26035"}],"wp:attachment":[{"href":"https:\/\/wildenherbals.com\/fr\/wp-json\/wp\/v2\/media?parent=28846"}],"wp:term":[{"taxonomy":"product_brand","embeddable":true,"href":"https:\/\/wildenherbals.com\/fr\/wp-json\/wp\/v2\/product_brand?post=28846"},{"taxonomy":"product_cat","embeddable":true,"href":"https:\/\/wildenherbals.com\/fr\/wp-json\/wp\/v2\/product_cat?post=28846"},{"taxonomy":"product_tag","embeddable":true,"href":"https:\/\/wildenherbals.com\/fr\/wp-json\/wp\/v2\/product_tag?post=28846"},{"taxonomy":"partner","embeddable":true,"href":"https:\/\/wildenherbals.com\/fr\/wp-json\/wp\/v2\/partner?post=28846"},{"taxonomy":"line","embeddable":true,"href":"https:\/\/wildenherbals.com\/fr\/wp-json\/wp\/v2\/line?post=28846"}],"curies":[{"name":"wp","href":"https:\/\/api.w.org\/{rel}","templated":true}]}}