{"id":28758,"date":"2021-10-15T11:53:02","date_gmt":"2021-10-15T09:53:02","guid":{"rendered":"https:\/\/wildenherbals.com\/?post_type=product&#038;p=28758"},"modified":"2025-09-29T09:37:59","modified_gmt":"2025-09-29T07:37:59","slug":"citron-miel-vinaigre-375ml","status":"publish","type":"product","link":"https:\/\/wildenherbals.com\/fr\/shop\/le-garde-manger\/citron-miel-vinaigre-375ml\/","title":{"rendered":"Vinaigre au miel et aux agrumes (375ml)"},"content":{"rendered":"<p><span style=\"font-weight: 400;\">Un vinaigre d&rsquo;agrumes au parfum doux, \u00e9l\u00e9gant, floral, acide et en m\u00eame temps sucr\u00e9 qui t\u00e9moigne de la polyvalence du miel, ic\u00f4ne incontest\u00e9e de l&rsquo;univers aigre-doux. Il s&rsquo;av\u00e8re tr\u00e8s utile en cuisine lorsqu&rsquo;une note aromatique imm\u00e9diate mais discr\u00e8te est n\u00e9cessaire. <\/span><\/p>\n<p><span style=\"text-decoration: underline;\"><span style=\"font-weight: 400;\">Comment l&rsquo;utiliser<\/span><\/span><\/p>\n<p><span style=\"font-weight: 400;\">Quelques gouttes suffisent \u00e0 rehausser une soupe de poisson ou \u00e0 embellir un poulpe ; excellent dans les bouillons de champignons ou d&rsquo;algues qui ont besoin d&rsquo;une note fra\u00eeche et l\u00e9g\u00e8re.<\/span><\/p>\n<p><span style=\"font-weight: 400;\">En cuisine, elle est souvent utilis\u00e9e dans les marinades et est extraordinaire dans la pr\u00e9paration de la mayonnaise, du pinzimonio et avec les cinqui\u00e8mes quarts de viande. Parfaite avec les l\u00e9gumes cuits, elle est capable de donner un \u00e9quilibre aigre-doux \u00e0 la caponata. <\/span><\/p>\n<p>Conditionnement : 375ml<\/p>\n","protected":false},"excerpt":{"rendered":"<p><span style=\"font-weight: 400;\">Comment l&rsquo;utiliser<\/span><\/p>\n<p><span style=\"font-weight: 400;\">Quelques gouttes suffisent pour rehausser une soupe de poisson ou enrichir un poulpe ; excellent dans les bouillons de champignons ou d&rsquo;algues qui ont besoin d&rsquo;une note fra\u00eeche et l\u00e9g\u00e8re.<\/span><\/p>\n<p><span style=\"font-weight: 400;\">Dans la cuisine, il est souvent utilis\u00e9 dans les marinades et est extraordinaire dans la pr\u00e9paration de la mayonnaise, du pinzimonio (crudit\u00e9s de l\u00e9gumes) et avec la sauce \u00e0 l&rsquo;ail. <\/span><i><span style=\"font-weight: 400;\">quinto quarto <\/span><\/i><span style=\"font-weight: 400;\">ou des abats<\/span> <span style=\"font-weight: 400;\">viandes. Parfait avec des l\u00e9gumes cuits ou pour donner un \u00e9quilibre aigre-doux \u00e0 la caponata. <\/span><\/p>\n","protected":false},"featured_media":23675,"template":"","meta":{"_acf_changed":false,"inline_featured_image":false,"_mbp_gutenberg_autopost":false},"product_brand":[],"product_cat":[598,695],"product_tag":[],"partner":[526],"line":[],"class_list":{"0":"post-28758","1":"product","2":"type-product","3":"status-publish","4":"has-post-thumbnail","6":"product_cat-le-garde-manger","7":"product_cat-autre","8":"partner-miels-thoune","10":"first","11":"outofstock","12":"taxable","13":"shipping-taxable","14":"purchasable","15":"product-type-simple"},"bundle_layout":"","bundled_by":[],"bundled_items":[],"acf":[],"_links":{"self":[{"href":"https:\/\/wildenherbals.com\/fr\/wp-json\/wp\/v2\/product\/28758","targetHints":{"allow":["GET"]}}],"collection":[{"href":"https:\/\/wildenherbals.com\/fr\/wp-json\/wp\/v2\/product"}],"about":[{"href":"https:\/\/wildenherbals.com\/fr\/wp-json\/wp\/v2\/types\/product"}],"wp:featuredmedia":[{"embeddable":true,"href":"https:\/\/wildenherbals.com\/fr\/wp-json\/wp\/v2\/media\/23675"}],"wp:attachment":[{"href":"https:\/\/wildenherbals.com\/fr\/wp-json\/wp\/v2\/media?parent=28758"}],"wp:term":[{"taxonomy":"product_brand","embeddable":true,"href":"https:\/\/wildenherbals.com\/fr\/wp-json\/wp\/v2\/product_brand?post=28758"},{"taxonomy":"product_cat","embeddable":true,"href":"https:\/\/wildenherbals.com\/fr\/wp-json\/wp\/v2\/product_cat?post=28758"},{"taxonomy":"product_tag","embeddable":true,"href":"https:\/\/wildenherbals.com\/fr\/wp-json\/wp\/v2\/product_tag?post=28758"},{"taxonomy":"partner","embeddable":true,"href":"https:\/\/wildenherbals.com\/fr\/wp-json\/wp\/v2\/partner?post=28758"},{"taxonomy":"line","embeddable":true,"href":"https:\/\/wildenherbals.com\/fr\/wp-json\/wp\/v2\/line?post=28758"}],"curies":[{"name":"wp","href":"https:\/\/api.w.org\/{rel}","templated":true}]}}