{"id":28745,"date":"2021-07-20T15:00:51","date_gmt":"2023-07-18T09:08:29","guid":{"rendered":"https:\/\/wildenherbals.com\/shop\/non%20class\u00e9\/frecc-n2-boost-kombucha-botanique\/"},"modified":"2025-05-31T10:14:49","modified_gmt":"2025-05-31T08:14:49","slug":"frecc-n2-boost-botanique-kombucha","status":"publish","type":"product","link":"https:\/\/wildenherbals.com\/fr\/shop\/boissons\/frecc-n2-boost-botanique-kombucha\/","title":{"rendered":"Fr\u00e8cc No. 2 Boost &#8211; Kombucha botanique"},"content":{"rendered":"<p class=\"p1\"><span class=\"s1\">Fra\u00eeche, p\u00e9tillante et cors\u00e9e, Fr\u00e8cc est la ligne de boissons ferment\u00e9es issue de la collaboration entre Wilden.herbals et Latta. Le kombucha, pr\u00e9sent dans cette boisson, rencontre les herbes de la tisane biologique Remedium No.2 &#8211; Boost : le r\u00e9sultat est une boisson ferment\u00e9e \u00e0 base d&rsquo;herbes qui est excellente pour un ap\u00e9ritif sans alcool sans sacrifier le go\u00fbt.   <\/span><\/p>\n<p>I Kombucha<br \/>\nLa fermentation initi\u00e9e par les cultures bact\u00e9riennes b\u00e9n\u00e9fiques du kombucha rencontre les infusions de plantes m\u00e9dicinales biologiques dans nos recettes. La boisson \u00e9quilibr\u00e9e qui en r\u00e9sulte, avec une bulle et une acidit\u00e9 agr\u00e9ables, se pr\u00e9sente dans une canette de 25 cl et constitue une boisson rafra\u00eechissante parfaite pour l&rsquo;\u00e9t\u00e9 et toute l&rsquo;ann\u00e9e, nutritive et riche en probiotiques. <\/p>\n","protected":false},"excerpt":{"rendered":"<p>Fra\u00eeche, p\u00e9tillante et cors\u00e9e, Fr\u00e8cc est la ligne de boissons ferment\u00e9es issue de la collaboration entre Wilden.herbals et Latta. Le kombucha, pr\u00e9sent dans cette boisson, rencontre les herbes de la tisane biologique Remedium No.2 &#8211; Boost : le r\u00e9sultat est une boisson ferment\u00e9e \u00e0 base d&rsquo;herbes qui est excellente pour un ap\u00e9ritif sans alcool sans [&hellip;]<\/p>\n","protected":false},"featured_media":37126,"template":"","meta":{"_acf_changed":false,"inline_featured_image":false,"_mbp_gutenberg_autopost":false},"product_brand":[],"product_cat":[656,657],"product_tag":[],"partner":[516],"line":[],"class_list":{"0":"post-28745","1":"product","2":"type-product","3":"status-publish","4":"has-post-thumbnail","6":"product_cat-boissons","7":"product_cat-frecc-fr","8":"partner-etain-ferments-et-melanges","10":"first","11":"instock","12":"taxable","13":"shipping-taxable","14":"purchasable","15":"product-type-simple"},"bundle_layout":"","bundled_by":[],"bundled_items":[],"acf":[],"_links":{"self":[{"href":"https:\/\/wildenherbals.com\/fr\/wp-json\/wp\/v2\/product\/28745","targetHints":{"allow":["GET"]}}],"collection":[{"href":"https:\/\/wildenherbals.com\/fr\/wp-json\/wp\/v2\/product"}],"about":[{"href":"https:\/\/wildenherbals.com\/fr\/wp-json\/wp\/v2\/types\/product"}],"wp:featuredmedia":[{"embeddable":true,"href":"https:\/\/wildenherbals.com\/fr\/wp-json\/wp\/v2\/media\/37126"}],"wp:attachment":[{"href":"https:\/\/wildenherbals.com\/fr\/wp-json\/wp\/v2\/media?parent=28745"}],"wp:term":[{"taxonomy":"product_brand","embeddable":true,"href":"https:\/\/wildenherbals.com\/fr\/wp-json\/wp\/v2\/product_brand?post=28745"},{"taxonomy":"product_cat","embeddable":true,"href":"https:\/\/wildenherbals.com\/fr\/wp-json\/wp\/v2\/product_cat?post=28745"},{"taxonomy":"product_tag","embeddable":true,"href":"https:\/\/wildenherbals.com\/fr\/wp-json\/wp\/v2\/product_tag?post=28745"},{"taxonomy":"partner","embeddable":true,"href":"https:\/\/wildenherbals.com\/fr\/wp-json\/wp\/v2\/partner?post=28745"},{"taxonomy":"line","embeddable":true,"href":"https:\/\/wildenherbals.com\/fr\/wp-json\/wp\/v2\/line?post=28745"}],"curies":[{"name":"wp","href":"https:\/\/api.w.org\/{rel}","templated":true}]}}