{"id":28725,"date":"2021-10-15T17:33:26","date_gmt":"2024-10-23T17:49:56","guid":{"rendered":"https:\/\/wildenherbals.com\/?post_type=product&#038;p=28725"},"modified":"2025-05-31T10:21:55","modified_gmt":"2025-05-31T08:21:55","slug":"tasse-avec-couvercle-soucoupe-beige","status":"publish","type":"product","link":"https:\/\/wildenherbals.com\/fr\/shop\/accessoires\/tasse-avec-couvercle-soucoupe-beige\/","title":{"rendered":"Tasse avec couvercle\/ soucoupe (Beige)"},"content":{"rendered":"<p><span style=\"font-weight: 400;\">Tasse \u00e9vas\u00e9e avec couvercle \u00e0 double fonction qui se transforme en soucoupe ou en porte-sachet, fabriqu\u00e9e \u00e0 la main \u00e0 l&rsquo;aide d&rsquo;un tour.  <\/span><\/p>\n<p><span style=\"font-weight: 400;\">La terre utilis\u00e9e est un m\u00e9lange semi-r\u00e9fractaire blanc avec 40% de chamotte 0-0.2 mm, tr\u00e8s r\u00e9sistant.<\/span><\/p>\n<p><span style=\"font-weight: 400;\">Finition en \u00e9mail c\u00e9ramique haute temp\u00e9rature.  <\/span><\/p>\n<p><span style=\"font-weight: 400;\">Compatible avec le lave-vaisselle et le micro-ondes.<\/span><\/p>\n<p>&nbsp;<\/p>\n<p><span style=\"font-weight: 400;\">Couleur : Beige<\/span><\/p>\n<p>&nbsp;<\/p>\n","protected":false},"excerpt":{"rendered":"<p>Tasse \u00e9vas\u00e9e avec couvercle \u00e0 double fonction qui se transforme en soucoupe ou en porte-sachet, fabriqu\u00e9e \u00e0 la main \u00e0 l&rsquo;aide d&rsquo;un tour. La terre utilis\u00e9e est un m\u00e9lange semi-r\u00e9fractaire blanc avec 40% de chamotte 0-0.2 mm, tr\u00e8s r\u00e9sistant. Finition en \u00e9mail c\u00e9ramique haute temp\u00e9rature. Compatible avec le lave-vaisselle et le micro-ondes. &nbsp; Couleur : [&hellip;]<\/p>\n","protected":false},"featured_media":31444,"template":"","meta":{"_acf_changed":false,"inline_featured_image":false,"_mbp_gutenberg_autopost":false},"product_brand":[],"product_cat":[563,564],"product_tag":[],"partner":[498],"line":[],"class_list":{"0":"post-28725","1":"product","2":"type-product","3":"status-publish","4":"has-post-thumbnail","6":"product_cat-accessoires","7":"product_cat-bouteilles-tasses-et-theieres","8":"partner-ceramique-morena","10":"first","11":"instock","12":"taxable","13":"shipping-taxable","14":"purchasable","15":"product-type-simple"},"bundle_layout":"","bundled_by":[],"bundled_items":[],"acf":[],"_links":{"self":[{"href":"https:\/\/wildenherbals.com\/fr\/wp-json\/wp\/v2\/product\/28725","targetHints":{"allow":["GET"]}}],"collection":[{"href":"https:\/\/wildenherbals.com\/fr\/wp-json\/wp\/v2\/product"}],"about":[{"href":"https:\/\/wildenherbals.com\/fr\/wp-json\/wp\/v2\/types\/product"}],"wp:featuredmedia":[{"embeddable":true,"href":"https:\/\/wildenherbals.com\/fr\/wp-json\/wp\/v2\/media\/31444"}],"wp:attachment":[{"href":"https:\/\/wildenherbals.com\/fr\/wp-json\/wp\/v2\/media?parent=28725"}],"wp:term":[{"taxonomy":"product_brand","embeddable":true,"href":"https:\/\/wildenherbals.com\/fr\/wp-json\/wp\/v2\/product_brand?post=28725"},{"taxonomy":"product_cat","embeddable":true,"href":"https:\/\/wildenherbals.com\/fr\/wp-json\/wp\/v2\/product_cat?post=28725"},{"taxonomy":"product_tag","embeddable":true,"href":"https:\/\/wildenherbals.com\/fr\/wp-json\/wp\/v2\/product_tag?post=28725"},{"taxonomy":"partner","embeddable":true,"href":"https:\/\/wildenherbals.com\/fr\/wp-json\/wp\/v2\/partner?post=28725"},{"taxonomy":"line","embeddable":true,"href":"https:\/\/wildenherbals.com\/fr\/wp-json\/wp\/v2\/line?post=28725"}],"curies":[{"name":"wp","href":"https:\/\/api.w.org\/{rel}","templated":true}]}}