{"id":28612,"date":"2021-04-06T15:19:10","date_gmt":"2021-04-06T13:19:10","guid":{"rendered":"https:\/\/wildenherbals.com\/shop\/non%20class\u00e9\/kinto-day-off-gobelet-500ml-moutarde\/"},"modified":"2025-10-14T12:07:04","modified_gmt":"2025-10-14T10:07:04","slug":"kinto-day-off-tumbler-500ml-moutarde","status":"publish","type":"product","link":"https:\/\/wildenherbals.com\/fr\/shop\/accessoires\/kinto-day-off-tumbler-500ml-moutarde\/","title":{"rendered":"Kinto Day Off Tumbler 500ml (Mustard)"},"content":{"rendered":"<p>Le flacon Day Off est con\u00e7u pour les journ\u00e9es de d\u00e9tente et d&rsquo;activit\u00e9.<\/p>\n<p>L&rsquo;isolation sous vide permet de maintenir la temp\u00e9rature et la saveur de la boisson pendant longtemps. La poign\u00e9e arrondie vous permet de l&#8217;emporter avec vous lors de vos promenades et sorties. <\/p>\n<p>Le bouchon est lisse et confortable sur la bouche et est con\u00e7u pour emp\u00eacher la glace et les boissons chaudes de se d\u00e9verser brusquement, permettant une consommation confortable jusqu&rsquo;\u00e0 la derni\u00e8re goutte.<\/p>\n<p>Les couleurs vives rappellent une station baln\u00e9aire relaxante et s&rsquo;accordent avec toutes les humeurs.<\/p>\n","protected":false},"excerpt":{"rendered":"<p>La bouteille Day Off a \u00e9t\u00e9 con\u00e7ue pour une journ\u00e9e de repos \u00e0 la fois relaxante et active. Isol\u00e9e sous vide, elle conserve la temp\u00e9rature et la saveur des boissons pendant longtemps. Dot\u00e9e d&rsquo;une poign\u00e9e arrondie agr\u00e9able \u00e0 tenir, elle est parfaite pour les promenades et les excursions d&rsquo;une journ\u00e9e. Le bouchon est doux en bouche et sa structure est con\u00e7ue pour emp\u00eacher les gla\u00e7ons et les boissons chaudes de sortir vigoureusement, afin que vous puissiez boire confortablement jusqu&rsquo;\u00e0 la derni\u00e8re gorg\u00e9e. Les couleurs vives s&rsquo;inspirent d&rsquo;une station baln\u00e9aire d\u00e9contract\u00e9e et s&rsquo;accordent bien avec votre mode de sortie.    <\/p>\n","protected":false},"featured_media":22545,"template":"","meta":{"_acf_changed":false,"inline_featured_image":false,"_mbp_gutenberg_autopost":false},"product_brand":[],"product_cat":[563,564],"product_tag":[],"partner":[],"line":[],"class_list":{"0":"post-28612","1":"product","2":"type-product","3":"status-publish","4":"has-post-thumbnail","6":"product_cat-accessoires","7":"product_cat-bouteilles-tasses-et-theieres","9":"first","10":"instock","11":"taxable","12":"shipping-taxable","13":"purchasable","14":"product-type-simple"},"bundle_layout":"","bundled_by":["27830"],"bundled_items":[],"acf":[],"_links":{"self":[{"href":"https:\/\/wildenherbals.com\/fr\/wp-json\/wp\/v2\/product\/28612","targetHints":{"allow":["GET"]}}],"collection":[{"href":"https:\/\/wildenherbals.com\/fr\/wp-json\/wp\/v2\/product"}],"about":[{"href":"https:\/\/wildenherbals.com\/fr\/wp-json\/wp\/v2\/types\/product"}],"wp:featuredmedia":[{"embeddable":true,"href":"https:\/\/wildenherbals.com\/fr\/wp-json\/wp\/v2\/media\/22545"}],"wp:attachment":[{"href":"https:\/\/wildenherbals.com\/fr\/wp-json\/wp\/v2\/media?parent=28612"}],"wp:term":[{"taxonomy":"product_brand","embeddable":true,"href":"https:\/\/wildenherbals.com\/fr\/wp-json\/wp\/v2\/product_brand?post=28612"},{"taxonomy":"product_cat","embeddable":true,"href":"https:\/\/wildenherbals.com\/fr\/wp-json\/wp\/v2\/product_cat?post=28612"},{"taxonomy":"product_tag","embeddable":true,"href":"https:\/\/wildenherbals.com\/fr\/wp-json\/wp\/v2\/product_tag?post=28612"},{"taxonomy":"partner","embeddable":true,"href":"https:\/\/wildenherbals.com\/fr\/wp-json\/wp\/v2\/partner?post=28612"},{"taxonomy":"line","embeddable":true,"href":"https:\/\/wildenherbals.com\/fr\/wp-json\/wp\/v2\/line?post=28612"}],"curies":[{"name":"wp","href":"https:\/\/api.w.org\/{rel}","templated":true}]}}