{"id":28611,"date":"2021-03-19T10:45:23","date_gmt":"2023-07-18T09:06:10","guid":{"rendered":"https:\/\/wildenherbals.com\/shop\/non%20class\u00e9\/la-saveur-du-bois\/"},"modified":"2025-05-31T10:01:24","modified_gmt":"2025-05-31T08:01:24","slug":"le-saveur-du-bois","status":"publish","type":"product","link":"https:\/\/wildenherbals.com\/fr\/shop\/le-garde-manger\/le-saveur-du-bois\/","title":{"rendered":"La saveur du bois"},"content":{"rendered":"<p>Ce texte est un petit guide pour les amateurs de saveurs naturelles, authentiques et extr\u00eames. Il est \u00e9crit par Artur Cisar-Erlach, \u00e9cologiste, \u00e9b\u00e9niste et expert en communication alimentaire. Artur est un univers en perp\u00e9tuelle expansion, qui a d\u00e9cid\u00e9 de partir du bois pour raconter son id\u00e9e de l&rsquo;alimentation. \u00ab\u00a0La saveur du bois\u00a0\u00bb est un texte qui guide le lecteur \u00e0 la d\u00e9couverte des saveurs sauvages du bois cach\u00e9es dans chaque aliment, en commen\u00e7ant par un \u00e9l\u00e9ment essentiel de toute r\u00e9volution culturelle : l&rsquo;\u00e9ducation.   <\/p>\n","protected":false},"excerpt":{"rendered":"<p>Red\u00e9couvrir la saveur du bois, apprendre \u00e0 l&rsquo;appr\u00e9cier et \u00e0 la reconna\u00eetre dans les aliments que nous consommons couramment. Un guide d&rsquo;Artur Cisar-Erlach. <\/p>\n","protected":false},"featured_media":23269,"template":"","meta":{"_acf_changed":false,"inline_featured_image":false,"_mbp_gutenberg_autopost":false},"product_brand":[],"product_cat":[598,695],"product_tag":[],"partner":[529],"line":[],"class_list":{"0":"post-28611","1":"product","2":"type-product","3":"status-publish","4":"has-post-thumbnail","6":"product_cat-le-garde-manger","7":"product_cat-autre","8":"partner-artur-cisar-erlach-fr","10":"first","11":"instock","12":"taxable","13":"shipping-taxable","14":"purchasable","15":"product-type-simple"},"bundle_layout":"","bundled_by":[],"bundled_items":[],"acf":[],"_links":{"self":[{"href":"https:\/\/wildenherbals.com\/fr\/wp-json\/wp\/v2\/product\/28611","targetHints":{"allow":["GET"]}}],"collection":[{"href":"https:\/\/wildenherbals.com\/fr\/wp-json\/wp\/v2\/product"}],"about":[{"href":"https:\/\/wildenherbals.com\/fr\/wp-json\/wp\/v2\/types\/product"}],"wp:featuredmedia":[{"embeddable":true,"href":"https:\/\/wildenherbals.com\/fr\/wp-json\/wp\/v2\/media\/23269"}],"wp:attachment":[{"href":"https:\/\/wildenherbals.com\/fr\/wp-json\/wp\/v2\/media?parent=28611"}],"wp:term":[{"taxonomy":"product_brand","embeddable":true,"href":"https:\/\/wildenherbals.com\/fr\/wp-json\/wp\/v2\/product_brand?post=28611"},{"taxonomy":"product_cat","embeddable":true,"href":"https:\/\/wildenherbals.com\/fr\/wp-json\/wp\/v2\/product_cat?post=28611"},{"taxonomy":"product_tag","embeddable":true,"href":"https:\/\/wildenherbals.com\/fr\/wp-json\/wp\/v2\/product_tag?post=28611"},{"taxonomy":"partner","embeddable":true,"href":"https:\/\/wildenherbals.com\/fr\/wp-json\/wp\/v2\/partner?post=28611"},{"taxonomy":"line","embeddable":true,"href":"https:\/\/wildenherbals.com\/fr\/wp-json\/wp\/v2\/line?post=28611"}],"curies":[{"name":"wp","href":"https:\/\/api.w.org\/{rel}","templated":true}]}}