{"id":28002,"date":"2021-11-10T15:22:04","date_gmt":"2023-07-18T09:03:07","guid":{"rendered":"https:\/\/wildenherbals.com\/shop\/non%20class\u00e9\/remedium-n-6-tisane-bio-%c2%b7-relax-carton-de-10-sachets\/"},"modified":"2025-07-07T17:58:01","modified_gmt":"2025-07-07T15:58:01","slug":"phytotherapie-biologique-remede-n-6-relax-box-10-sachets","status":"publish","type":"product","link":"https:\/\/wildenherbals.com\/fr\/shop\/tisanes\/phytotherapie-biologique-remede-n-6-relax-box-10-sachets\/","title":{"rendered":"Remedium Organic Herbal Tea No. 6 &#8211; Relaxation"},"content":{"rendered":"<p><span style=\"font-weight: 400;\">Remedium n\u00b06 Relax est une tisane id\u00e9ale pour faire une pause et ralentir le rythme quotidien. Avec ses senteurs aromatiques m\u00e9diterran\u00e9ennes, elle accompagne les moments de repos et de m\u00e9ditation gr\u00e2ce \u00e0 ses propri\u00e9t\u00e9s relaxantes.  <\/span><b><br \/>\n<\/b><b><br \/>\n<\/b><span style=\"font-weight: 400;\">  Vous y trouverez de la passiflore, du romarin, du laurier, du gen\u00e9vrier, du thym, de la lavande, de la verveine, du fenouil et de l&rsquo;aub\u00e9pine. Relax est notre premi\u00e8re infusion avec des plantes enti\u00e8rement n\u00e9es et \u00e9lev\u00e9es dans la M\u00e9diterran\u00e9e et a une saveur d\u00e9licate et profonde. <\/span><span style=\"font-weight: 400;\"><br \/>\n<\/span><\/p>\n<p>Mode de consommation : chaque sachet est con\u00e7u pour \u00eatre utilis\u00e9 dans de l&rsquo;eau d&rsquo;une contenance maximale de 500 ml.<\/p>\n<p>Lorsque vous achetez nos tisanes dans le format de <em>30 sachets en coton<\/em>, <strong>vous recevez en cadeau<\/strong> notre <strong>sac en coton<\/strong> pratique et \u00e9l\u00e9gant. R\u00e9utilisable et parfait comme paquet cadeau, c&rsquo;est un petit geste qui rendra vos moments de d\u00e9tente encore plus sp\u00e9ciaux. <\/p>\n","protected":false},"excerpt":{"rendered":"<p>Remedium n\u00b06 Relax est une tisane id\u00e9ale pour faire une pause et ralentir le rythme quotidien. Avec ses senteurs aromatiques m\u00e9diterran\u00e9ennes, elle accompagne les moments de repos et de m\u00e9ditation gr\u00e2ce \u00e0 ses propri\u00e9t\u00e9s relaxantes. Vous y trouverez de la passiflore, du romarin, du laurier, du gen\u00e9vrier, du thym, de la lavande, de la verveine, [&hellip;]<\/p>\n","protected":false},"featured_media":23864,"template":"","meta":{"_acf_changed":false,"inline_featured_image":false,"_mbp_gutenberg_autopost":false},"product_brand":[],"product_cat":[542,544],"product_tag":[683,682,680],"partner":[],"line":[608,678],"class_list":{"0":"post-28002","1":"product","2":"type-product","3":"status-publish","4":"has-post-thumbnail","6":"product_cat-tisanes","7":"product_cat-en-sachet","8":"product_tag-calme","9":"product_tag-meditatif","10":"product_tag-relaxant","11":"line-ligne-de-remedia","12":"line-tisane-bio-remedium-n-6--relax","14":"first","15":"instock","16":"taxable","17":"shipping-taxable","18":"purchasable","19":"product-type-variable"},"bundle_layout":"","bundled_by":["27830","27861","27870","27866"],"bundled_items":[],"acf":[],"_links":{"self":[{"href":"https:\/\/wildenherbals.com\/fr\/wp-json\/wp\/v2\/product\/28002","targetHints":{"allow":["GET"]}}],"collection":[{"href":"https:\/\/wildenherbals.com\/fr\/wp-json\/wp\/v2\/product"}],"about":[{"href":"https:\/\/wildenherbals.com\/fr\/wp-json\/wp\/v2\/types\/product"}],"wp:featuredmedia":[{"embeddable":true,"href":"https:\/\/wildenherbals.com\/fr\/wp-json\/wp\/v2\/media\/23864"}],"wp:attachment":[{"href":"https:\/\/wildenherbals.com\/fr\/wp-json\/wp\/v2\/media?parent=28002"}],"wp:term":[{"taxonomy":"product_brand","embeddable":true,"href":"https:\/\/wildenherbals.com\/fr\/wp-json\/wp\/v2\/product_brand?post=28002"},{"taxonomy":"product_cat","embeddable":true,"href":"https:\/\/wildenherbals.com\/fr\/wp-json\/wp\/v2\/product_cat?post=28002"},{"taxonomy":"product_tag","embeddable":true,"href":"https:\/\/wildenherbals.com\/fr\/wp-json\/wp\/v2\/product_tag?post=28002"},{"taxonomy":"partner","embeddable":true,"href":"https:\/\/wildenherbals.com\/fr\/wp-json\/wp\/v2\/partner?post=28002"},{"taxonomy":"line","embeddable":true,"href":"https:\/\/wildenherbals.com\/fr\/wp-json\/wp\/v2\/line?post=28002"}],"curies":[{"name":"wp","href":"https:\/\/api.w.org\/{rel}","templated":true}]}}