{"id":27991,"date":"2021-11-10T15:52:19","date_gmt":"2023-07-18T09:02:09","guid":{"rendered":"https:\/\/wildenherbals.com\/shop\/non%20class\u00e9\/remedium-n-7-tisane-bio-%c2%b7-detox-carton-de-10-sachets\/"},"modified":"2025-05-31T10:21:10","modified_gmt":"2025-05-31T08:21:10","slug":"phyto-remede-bio-n-7-detox-box-10-sachets","status":"publish","type":"product","link":"https:\/\/wildenherbals.com\/fr\/shop\/tisanes\/phyto-remede-bio-n-7-detox-box-10-sachets\/","title":{"rendered":"Remedium Organic Herbal Tea No. 7 &#8211; D\u00e9toxication"},"content":{"rendered":"<p><span style=\"font-weight: 400;\">Remedium N\u00b07 Detox est une tisane aux propri\u00e9t\u00e9s purifiantes qui aide \u00e0 \u00e9liminer les toxines accumul\u00e9es. Un m\u00e9lange de plantes m\u00e9dicinales \u00e0 l&rsquo;action d\u00e9toxifiante, v\u00e9ritable panac\u00e9e pour l&rsquo;organisme.  <\/span><span style=\"font-weight: 400;\"><br \/>\n<\/span><\/p>\n<p><span style=\"font-weight: 400;\">Un m\u00e9lange harmonieux et \u00e9quilibr\u00e9 de notes am\u00e8res et balsamiques, l\u00e9g\u00e8rement acides et astringentes, avec une pointe de douceur apport\u00e9e par l&rsquo;asp\u00e9rule et les notes piquantes mais d\u00e9licates du fenugrec et de l&rsquo;ortie, ainsi que de l&rsquo;h\u00e9lichryse, du gingembre et de la pr\u00eale.<\/span><\/p>\n<p>Mode de consommation : chaque sachet est con\u00e7u pour \u00eatre utilis\u00e9 dans de l&rsquo;eau d&rsquo;une contenance maximale de 500 ml.<\/p>\n<p>Lorsque vous achetez nos tisanes dans le format de <em>30 sachets en coton<\/em>, <strong>vous recevez en cadeau<\/strong> notre <strong>sac en coton<\/strong> pratique et \u00e9l\u00e9gant. R\u00e9utilisable et parfait comme paquet cadeau, c&rsquo;est un petit geste qui rendra vos moments de d\u00e9tente encore plus sp\u00e9ciaux. <\/p>\n","protected":false},"excerpt":{"rendered":"<p>Remedium N\u00b07 Detox est une tisane aux propri\u00e9t\u00e9s purifiantes qui aide \u00e0 \u00e9liminer les toxines accumul\u00e9es. Un m\u00e9lange de plantes m\u00e9dicinales \u00e0 l&rsquo;action d\u00e9toxifiante, v\u00e9ritable panac\u00e9e pour l&rsquo;organisme. Un m\u00e9lange harmonieux et \u00e9quilibr\u00e9 de notes am\u00e8res et balsamiques, l\u00e9g\u00e8rement acides et astringentes, avec une pointe de douceur apport\u00e9e par l&rsquo;asp\u00e9rule et les notes piquantes mais [&hellip;]<\/p>\n","protected":false},"featured_media":26047,"template":"","meta":{"_acf_changed":false,"inline_featured_image":false,"_mbp_gutenberg_autopost":false},"product_brand":[],"product_cat":[542,544],"product_tag":[670,630,669],"partner":[],"line":[608,668],"class_list":{"0":"post-27991","1":"product","2":"type-product","3":"status-publish","4":"has-post-thumbnail","6":"product_cat-tisanes","7":"product_cat-en-sachet","8":"product_tag-balsamique","9":"product_tag-purification-fr","10":"product_tag-tonique","11":"line-ligne-de-remedia","12":"line-tisane-bio-remedium-n-7--detox","14":"first","15":"instock","16":"taxable","17":"shipping-taxable","18":"purchasable","19":"product-type-variable"},"bundle_layout":"","bundled_by":["27830","27861","27870","27866"],"bundled_items":[],"acf":[],"_links":{"self":[{"href":"https:\/\/wildenherbals.com\/fr\/wp-json\/wp\/v2\/product\/27991","targetHints":{"allow":["GET"]}}],"collection":[{"href":"https:\/\/wildenherbals.com\/fr\/wp-json\/wp\/v2\/product"}],"about":[{"href":"https:\/\/wildenherbals.com\/fr\/wp-json\/wp\/v2\/types\/product"}],"wp:featuredmedia":[{"embeddable":true,"href":"https:\/\/wildenherbals.com\/fr\/wp-json\/wp\/v2\/media\/26047"}],"wp:attachment":[{"href":"https:\/\/wildenherbals.com\/fr\/wp-json\/wp\/v2\/media?parent=27991"}],"wp:term":[{"taxonomy":"product_brand","embeddable":true,"href":"https:\/\/wildenherbals.com\/fr\/wp-json\/wp\/v2\/product_brand?post=27991"},{"taxonomy":"product_cat","embeddable":true,"href":"https:\/\/wildenherbals.com\/fr\/wp-json\/wp\/v2\/product_cat?post=27991"},{"taxonomy":"product_tag","embeddable":true,"href":"https:\/\/wildenherbals.com\/fr\/wp-json\/wp\/v2\/product_tag?post=27991"},{"taxonomy":"partner","embeddable":true,"href":"https:\/\/wildenherbals.com\/fr\/wp-json\/wp\/v2\/partner?post=27991"},{"taxonomy":"line","embeddable":true,"href":"https:\/\/wildenherbals.com\/fr\/wp-json\/wp\/v2\/line?post=27991"}],"curies":[{"name":"wp","href":"https:\/\/api.w.org\/{rel}","templated":true}]}}