{"id":27922,"date":"2022-10-24T16:57:59","date_gmt":"2022-10-24T14:57:59","guid":{"rendered":"https:\/\/wildenherbals.com\/shop\/non%20class\u00e9\/carafe-en-verre-avec-bouchon-infuseur\/"},"modified":"2025-09-29T09:54:34","modified_gmt":"2025-09-29T07:54:34","slug":"carafe-bouchon-verre-infuseur","status":"publish","type":"product","link":"https:\/\/wildenherbals.com\/fr\/shop\/accessoires\/carafe-bouchon-verre-infuseur\/","title":{"rendered":"Carafe en verre avec bouchon infuseur"},"content":{"rendered":"<div class=\"\">Carafe en verre de la marque Wilden.herbals.<\/div>\n<div class=\"\">Id\u00e9al pour pr\u00e9parer et servir les tisanes de la ligne Remedia. Gr\u00e2ce \u00e0 sa surface en verre transparent, il rend le moment de l&rsquo;infusion encore plus agr\u00e9able, en montrant la beaut\u00e9 des ingr\u00e9dients immerg\u00e9s dans l&rsquo;eau chaude ou froide. <\/div>\n","protected":false},"excerpt":{"rendered":"<p>Th\u00e9i\u00e8re en verre de marque Wilden.herbals<\/p>\n<p>Id\u00e9ale pour pr\u00e9parer et servir nos tisanes Remedia.<\/p>\n","protected":false},"featured_media":25581,"template":"","meta":{"_acf_changed":false,"inline_featured_image":false,"_mbp_gutenberg_autopost":false},"product_brand":[],"product_cat":[563,812],"product_tag":[],"partner":[],"line":[],"class_list":{"0":"post-27922","1":"product","2":"type-product","3":"status-publish","4":"has-post-thumbnail","6":"product_cat-accessoires","7":"product_cat-autre-fr-2","9":"first","10":"instock","11":"taxable","12":"shipping-taxable","13":"purchasable","14":"product-type-simple"},"bundle_layout":"","bundled_by":[],"bundled_items":[],"acf":[],"_links":{"self":[{"href":"https:\/\/wildenherbals.com\/fr\/wp-json\/wp\/v2\/product\/27922","targetHints":{"allow":["GET"]}}],"collection":[{"href":"https:\/\/wildenherbals.com\/fr\/wp-json\/wp\/v2\/product"}],"about":[{"href":"https:\/\/wildenherbals.com\/fr\/wp-json\/wp\/v2\/types\/product"}],"wp:featuredmedia":[{"embeddable":true,"href":"https:\/\/wildenherbals.com\/fr\/wp-json\/wp\/v2\/media\/25581"}],"wp:attachment":[{"href":"https:\/\/wildenherbals.com\/fr\/wp-json\/wp\/v2\/media?parent=27922"}],"wp:term":[{"taxonomy":"product_brand","embeddable":true,"href":"https:\/\/wildenherbals.com\/fr\/wp-json\/wp\/v2\/product_brand?post=27922"},{"taxonomy":"product_cat","embeddable":true,"href":"https:\/\/wildenherbals.com\/fr\/wp-json\/wp\/v2\/product_cat?post=27922"},{"taxonomy":"product_tag","embeddable":true,"href":"https:\/\/wildenherbals.com\/fr\/wp-json\/wp\/v2\/product_tag?post=27922"},{"taxonomy":"partner","embeddable":true,"href":"https:\/\/wildenherbals.com\/fr\/wp-json\/wp\/v2\/partner?post=27922"},{"taxonomy":"line","embeddable":true,"href":"https:\/\/wildenherbals.com\/fr\/wp-json\/wp\/v2\/line?post=27922"}],"curies":[{"name":"wp","href":"https:\/\/api.w.org\/{rel}","templated":true}]}}