{"id":27915,"date":"2022-10-24T17:07:07","date_gmt":"2022-10-24T15:07:07","guid":{"rendered":"https:\/\/wildenherbals.com\/shop\/non%20class\u00e9\/gobelet-kinto-to-go-360ml-kaki\/"},"modified":"2025-12-16T15:01:00","modified_gmt":"2025-12-16T14:01:00","slug":"kinto-to-go-gobelet-360ml-kaki","status":"publish","type":"product","link":"https:\/\/wildenherbals.com\/fr\/shop\/accessoires\/bouteilles-tasses-et-theieres\/kinto-to-go-gobelet-360ml-kaki\/","title":{"rendered":"Gobelet Kinto To Go 360ml (Khaki)"},"content":{"rendered":"<p>TO GO TUMBLER est id\u00e9al pour les diff\u00e9rents moments de la journ\u00e9e, pour aller au travail, conduire ou se d\u00e9tendre.<\/p>\n<p>La nouvelle version est \u00e9quip\u00e9e d&rsquo;un bouchon qui \u00e9vite les d\u00e9versements pendant les voyages. Le bouchon rotatif s&rsquo;ouvre et se ferme facilement, ce qui permet de boire ais\u00e9ment. <\/p>\n<p>Le couvercle a une structure minimale pour une consommation confortable.<\/p>\n<p>Le verre \u00e0 isolation sous vide conserve la temp\u00e9rature et la saveur des boissons pendant longtemps et sa forme fusel\u00e9e permet de le transporter facilement.<\/p>\n<p>Le design \u00e9pur\u00e9, avec une structure mate et des couleurs discr\u00e8tes, permet de se d\u00e9tendre en d\u00e9placement.<\/p>\n","protected":false},"excerpt":{"rendered":"<p>TO GO TUMBLER est id\u00e9al pour les diff\u00e9rentes situations de la journ\u00e9e, que ce soit pour aller au travail, conduire ou se d\u00e9tendre. Le couvercle pr\u00e9sente une structure minimale pour une consommation confortable. Le gobelet \u00e0 isolation sous vide conserve la temp\u00e9rature et la saveur des boissons pendant longtemps, et sa forme effil\u00e9e permet de le transporter facilement. Le design \u00e9pur\u00e9, caract\u00e9ris\u00e9 par une structure opaque et des couleurs discr\u00e8tes, apporte de la d\u00e9tente \u00e0 la vie en mouvement.   <\/p>\n","protected":false},"featured_media":25587,"template":"","meta":{"_acf_changed":false,"inline_featured_image":false,"_mbp_gutenberg_autopost":false},"product_brand":[],"product_cat":[563,564],"product_tag":[],"partner":[],"line":[],"class_list":{"0":"post-27915","1":"product","2":"type-product","3":"status-publish","4":"has-post-thumbnail","6":"product_cat-accessoires","7":"product_cat-bouteilles-tasses-et-theieres","9":"first","10":"instock","11":"taxable","12":"shipping-taxable","13":"purchasable","14":"product-type-simple"},"bundle_layout":"","bundled_by":[],"bundled_items":[],"acf":[],"_links":{"self":[{"href":"https:\/\/wildenherbals.com\/fr\/wp-json\/wp\/v2\/product\/27915","targetHints":{"allow":["GET"]}}],"collection":[{"href":"https:\/\/wildenherbals.com\/fr\/wp-json\/wp\/v2\/product"}],"about":[{"href":"https:\/\/wildenherbals.com\/fr\/wp-json\/wp\/v2\/types\/product"}],"wp:featuredmedia":[{"embeddable":true,"href":"https:\/\/wildenherbals.com\/fr\/wp-json\/wp\/v2\/media\/25587"}],"wp:attachment":[{"href":"https:\/\/wildenherbals.com\/fr\/wp-json\/wp\/v2\/media?parent=27915"}],"wp:term":[{"taxonomy":"product_brand","embeddable":true,"href":"https:\/\/wildenherbals.com\/fr\/wp-json\/wp\/v2\/product_brand?post=27915"},{"taxonomy":"product_cat","embeddable":true,"href":"https:\/\/wildenherbals.com\/fr\/wp-json\/wp\/v2\/product_cat?post=27915"},{"taxonomy":"product_tag","embeddable":true,"href":"https:\/\/wildenherbals.com\/fr\/wp-json\/wp\/v2\/product_tag?post=27915"},{"taxonomy":"partner","embeddable":true,"href":"https:\/\/wildenherbals.com\/fr\/wp-json\/wp\/v2\/partner?post=27915"},{"taxonomy":"line","embeddable":true,"href":"https:\/\/wildenherbals.com\/fr\/wp-json\/wp\/v2\/line?post=27915"}],"curies":[{"name":"wp","href":"https:\/\/api.w.org\/{rel}","templated":true}]}}