{"id":27910,"date":"2022-10-25T15:36:18","date_gmt":"2022-10-25T13:36:18","guid":{"rendered":"https:\/\/wildenherbals.com\/shop\/non%20class\u00e9\/confiture-de-mures-sauvages-120g\/"},"modified":"2025-09-29T09:40:16","modified_gmt":"2025-09-29T07:40:16","slug":"confiture-de-mures-sauvages","status":"publish","type":"product","link":"https:\/\/wildenherbals.com\/fr\/shop\/le-garde-manger\/confiture-de-mures-sauvages\/","title":{"rendered":"Confiture de m\u00fbres sauvages (110g)"},"content":{"rendered":"<p>La confiture est pr\u00e9par\u00e9e avec de petites m\u00fbres pleines et douces qui poussent \u00e0 l&rsquo;\u00e9tat sauvage sur les terres d&rsquo;Alba, une exploitation agricole naturelle situ\u00e9e au c\u0153ur du Molise. Essayez-la en combinaison avec du fromage, avec du beurre sur une tranche de pain grill\u00e9 maison, avec du yaourt ou de la ricotta, \u00e0 la cuill\u00e8re ou comme garniture pour des tartes et des g\u00e2teaux au fromage. <\/p>\n<p>&nbsp;<\/p>\n","protected":false},"excerpt":{"rendered":"<p><span style=\"font-weight: 400;\">Comment l&rsquo;utiliser<\/span><\/p>\n<p><span style=\"font-weight: 400;\">En tant qu&rsquo;\u00e9l\u00e9ment unique, c&rsquo;est un accompagnement savoureux. Dans les pr\u00e9parations, il se marie bien avec le couscous, le poisson bleu ou le lapin.<\/span><\/p>\n","protected":false},"featured_media":25593,"template":"","meta":{"_acf_changed":false,"inline_featured_image":false,"_mbp_gutenberg_autopost":false},"product_brand":[],"product_cat":[598,599],"product_tag":[],"partner":[],"line":[],"class_list":{"0":"post-27910","1":"product","2":"type-product","3":"status-publish","4":"has-post-thumbnail","6":"product_cat-le-garde-manger","7":"product_cat-miel-et-confitures","9":"first","10":"instock","11":"taxable","12":"shipping-taxable","13":"purchasable","14":"product-type-simple"},"bundle_layout":"","bundled_by":["27896","27891"],"bundled_items":[],"acf":[],"_links":{"self":[{"href":"https:\/\/wildenherbals.com\/fr\/wp-json\/wp\/v2\/product\/27910","targetHints":{"allow":["GET"]}}],"collection":[{"href":"https:\/\/wildenherbals.com\/fr\/wp-json\/wp\/v2\/product"}],"about":[{"href":"https:\/\/wildenherbals.com\/fr\/wp-json\/wp\/v2\/types\/product"}],"wp:featuredmedia":[{"embeddable":true,"href":"https:\/\/wildenherbals.com\/fr\/wp-json\/wp\/v2\/media\/25593"}],"wp:attachment":[{"href":"https:\/\/wildenherbals.com\/fr\/wp-json\/wp\/v2\/media?parent=27910"}],"wp:term":[{"taxonomy":"product_brand","embeddable":true,"href":"https:\/\/wildenherbals.com\/fr\/wp-json\/wp\/v2\/product_brand?post=27910"},{"taxonomy":"product_cat","embeddable":true,"href":"https:\/\/wildenherbals.com\/fr\/wp-json\/wp\/v2\/product_cat?post=27910"},{"taxonomy":"product_tag","embeddable":true,"href":"https:\/\/wildenherbals.com\/fr\/wp-json\/wp\/v2\/product_tag?post=27910"},{"taxonomy":"partner","embeddable":true,"href":"https:\/\/wildenherbals.com\/fr\/wp-json\/wp\/v2\/partner?post=27910"},{"taxonomy":"line","embeddable":true,"href":"https:\/\/wildenherbals.com\/fr\/wp-json\/wp\/v2\/line?post=27910"}],"curies":[{"name":"wp","href":"https:\/\/api.w.org\/{rel}","templated":true}]}}