{"id":27908,"date":"2022-10-25T15:45:27","date_gmt":"2022-10-25T13:45:27","guid":{"rendered":"https:\/\/wildenherbals.com\/shop\/non%20class\u00e9\/cacao-disident-chocolat-noir-70-40g\/"},"modified":"2025-09-29T09:38:22","modified_gmt":"2025-09-29T07:38:22","slug":"cacao-disident-chocolat-noir","status":"publish","type":"product","link":"https:\/\/wildenherbals.com\/fr\/shop\/le-garde-manger\/cacao-disident-chocolat-noir\/","title":{"rendered":"Dissolvant de cacao &#8211; Chocolat noir 70% (40g)"},"content":{"rendered":"<p>Disidente est une marque colombienne qui s\u00e9lectionne d&rsquo;excellentes mati\u00e8res premi\u00e8res locales en travaillant aux c\u00f4t\u00e9s de producteurs avec lesquels elle construit un r\u00e9seau vertueux de m\u00e9thodes de travail et de redistribution \u00e9conomique.<br \/>\nLes tablettes de chocolat sont l&rsquo;expression la plus personnelle de leur compr\u00e9hension de la mati\u00e8re premi\u00e8re. Elles sont le r\u00e9sultat d&rsquo;une \u00e9tude sensorielle et taxonomique approfondie du cacao. Disidente s\u00e9lectionne les meilleures mati\u00e8res premi\u00e8res cultiv\u00e9es en Colombie pour fabriquer un chocolat de la plus haute qualit\u00e9 et offrir de nouvelles m\u00e9lodies aromatiques.  <\/p>\n<p>M\u00e9lange 70<\/p>\n","protected":false},"excerpt":{"rendered":"<p>Disidente est une marque colombienne qui s\u00e9lectionne d&rsquo;excellentes mati\u00e8res premi\u00e8res locales en travaillant aux c\u00f4t\u00e9s de producteurs avec lesquels elle construit un r\u00e9seau vertueux de m\u00e9thodes de travail et de redistribution \u00e9conomique. Les tablettes de chocolat sont l&rsquo;expression la plus personnelle de leur compr\u00e9hension de la mati\u00e8re premi\u00e8re. Elles sont le r\u00e9sultat d&rsquo;une \u00e9tude sensorielle [&hellip;]<\/p>\n","protected":false},"featured_media":25599,"template":"","meta":{"_acf_changed":false,"inline_featured_image":false,"_mbp_gutenberg_autopost":false},"product_brand":[],"product_cat":[598,604],"product_tag":[],"partner":[603],"line":[],"class_list":{"0":"post-27908","1":"product","2":"type-product","3":"status-publish","4":"has-post-thumbnail","6":"product_cat-le-garde-manger","7":"product_cat-biscuits-et-collations","8":"partner-dissident-cacao","10":"first","11":"instock","12":"taxable","13":"shipping-taxable","14":"purchasable","15":"product-type-simple"},"bundle_layout":"","bundled_by":["27871","27888","27898"],"bundled_items":[],"acf":[],"_links":{"self":[{"href":"https:\/\/wildenherbals.com\/fr\/wp-json\/wp\/v2\/product\/27908","targetHints":{"allow":["GET"]}}],"collection":[{"href":"https:\/\/wildenherbals.com\/fr\/wp-json\/wp\/v2\/product"}],"about":[{"href":"https:\/\/wildenherbals.com\/fr\/wp-json\/wp\/v2\/types\/product"}],"wp:featuredmedia":[{"embeddable":true,"href":"https:\/\/wildenherbals.com\/fr\/wp-json\/wp\/v2\/media\/25599"}],"wp:attachment":[{"href":"https:\/\/wildenherbals.com\/fr\/wp-json\/wp\/v2\/media?parent=27908"}],"wp:term":[{"taxonomy":"product_brand","embeddable":true,"href":"https:\/\/wildenherbals.com\/fr\/wp-json\/wp\/v2\/product_brand?post=27908"},{"taxonomy":"product_cat","embeddable":true,"href":"https:\/\/wildenherbals.com\/fr\/wp-json\/wp\/v2\/product_cat?post=27908"},{"taxonomy":"product_tag","embeddable":true,"href":"https:\/\/wildenherbals.com\/fr\/wp-json\/wp\/v2\/product_tag?post=27908"},{"taxonomy":"partner","embeddable":true,"href":"https:\/\/wildenherbals.com\/fr\/wp-json\/wp\/v2\/partner?post=27908"},{"taxonomy":"line","embeddable":true,"href":"https:\/\/wildenherbals.com\/fr\/wp-json\/wp\/v2\/line?post=27908"}],"curies":[{"name":"wp","href":"https:\/\/api.w.org\/{rel}","templated":true}]}}