{"id":27835,"date":"2023-01-24T10:34:01","date_gmt":"2023-07-18T09:00:04","guid":{"rendered":"https:\/\/wildenherbals.com\/shop\/non%20class\u00e9\/tisane-bio-precycle-%c2%b7-carton-de-10-sachets\/"},"modified":"2025-11-02T18:59:26","modified_gmt":"2025-11-02T17:59:26","slug":"precycle-herboristerie-biologique-etui-10-sachets","status":"publish","type":"product","link":"https:\/\/wildenherbals.com\/fr\/shop\/tisanes\/precycle-herboristerie-biologique-etui-10-sachets\/","title":{"rendered":"Tisane biologique PreCycle"},"content":{"rendered":"<p><span style=\"font-weight: 400;\">PreCycle est une tisane qui vous aide \u00e0 vivre votre cycle menstruel plus sereinement gr\u00e2ce aux propri\u00e9t\u00e9s du gingembre, de la gattilier et de l&rsquo;achill\u00e9e, qui s&rsquo;opposent aux crampes et aux troubles gastriques. La m\u00e9lisse est un alli\u00e9 pr\u00e9cieux pour soulager, d\u00e9tendre et \u00e9quilibrer l&rsquo;humeur. <\/span><\/p>\n<p><span style=\"font-weight: 400;\">PreCycle a des notes fortes de roses et de m\u00e9lisse, r\u00e9chauff\u00e9es par les notes \u00e9pic\u00e9es du gingembre. Le r\u00e9sultat est un bouquet aromatique avec la personnalit\u00e9 florale des bourgeons de rose et des accents plus astringents de sous-bois et de bois br\u00fbl\u00e9. <\/span><\/p>\n<p><b>Indications pour la consommation<\/b><\/p>\n<p><i><span style=\"font-weight: 400;\">Dose et mode<\/span><\/i><\/p>\n<p><span style=\"font-weight: 400;\">Laissez infuser 1 sachet pendant 7-9 minutes dans 300-500 ml d&rsquo;eau \u00e0 95\u00b0.<\/span><\/p>\n<p><span style=\"font-weight: 400;\">Il est recommand\u00e9 de ne pas d\u00e9passer 2 sachets par jour.<\/span><\/p>\n<p>&nbsp;<\/p>\n<p><i><span style=\"font-weight: 400;\">Les tisanes Wilden.herbals Health sont des compl\u00e9ments alimentaires<\/span><\/i><\/p>\n<p><span style=\"font-weight: 400;\">Ne d\u00e9passez pas la dose journali\u00e8re recommand\u00e9e. Les suppl\u00e9ments ne doivent pas \u00eatre utilis\u00e9s comme substitut d&rsquo;un r\u00e9gime alimentaire vari\u00e9 et d&rsquo;un mode de vie sain. Tenir hors de port\u00e9e des enfants de moins de trois ans. Une consommation excessive peut avoir des effets laxatifs.   <\/span><\/p>\n","protected":false},"excerpt":{"rendered":"<p>PreCycle est une tisane qui vous aide \u00e0 vivre votre cycle menstruel plus sereinement gr\u00e2ce aux propri\u00e9t\u00e9s du gingembre, de la gattilier et de l&rsquo;achill\u00e9e, qui s&rsquo;opposent aux crampes et aux troubles gastriques. La m\u00e9lisse est un alli\u00e9 pr\u00e9cieux pour soulager, d\u00e9tendre et \u00e9quilibrer l&rsquo;humeur. PreCycle a des notes fortes de roses et de m\u00e9lisse, [&hellip;]<\/p>\n","protected":false},"featured_media":35060,"template":"","meta":{"_acf_changed":false,"inline_featured_image":false,"_mbp_gutenberg_autopost":false},"product_brand":[],"product_cat":[542,544],"product_tag":[545],"partner":[],"line":[539,540],"class_list":{"0":"post-27835","1":"product","2":"type-product","3":"status-publish","4":"has-post-thumbnail","6":"product_cat-tisanes","7":"product_cat-en-sachet","8":"product_tag-bien-etre","9":"line-ligne-health","10":"line-wilden-herbals-health","12":"first","13":"instock","14":"taxable","15":"shipping-taxable","16":"purchasable","17":"product-type-variable"},"bundle_layout":"","bundled_by":[],"bundled_items":[],"acf":[],"_links":{"self":[{"href":"https:\/\/wildenherbals.com\/fr\/wp-json\/wp\/v2\/product\/27835","targetHints":{"allow":["GET"]}}],"collection":[{"href":"https:\/\/wildenherbals.com\/fr\/wp-json\/wp\/v2\/product"}],"about":[{"href":"https:\/\/wildenherbals.com\/fr\/wp-json\/wp\/v2\/types\/product"}],"wp:featuredmedia":[{"embeddable":true,"href":"https:\/\/wildenherbals.com\/fr\/wp-json\/wp\/v2\/media\/35060"}],"wp:attachment":[{"href":"https:\/\/wildenherbals.com\/fr\/wp-json\/wp\/v2\/media?parent=27835"}],"wp:term":[{"taxonomy":"product_brand","embeddable":true,"href":"https:\/\/wildenherbals.com\/fr\/wp-json\/wp\/v2\/product_brand?post=27835"},{"taxonomy":"product_cat","embeddable":true,"href":"https:\/\/wildenherbals.com\/fr\/wp-json\/wp\/v2\/product_cat?post=27835"},{"taxonomy":"product_tag","embeddable":true,"href":"https:\/\/wildenherbals.com\/fr\/wp-json\/wp\/v2\/product_tag?post=27835"},{"taxonomy":"partner","embeddable":true,"href":"https:\/\/wildenherbals.com\/fr\/wp-json\/wp\/v2\/partner?post=27835"},{"taxonomy":"line","embeddable":true,"href":"https:\/\/wildenherbals.com\/fr\/wp-json\/wp\/v2\/line?post=27835"}],"curies":[{"name":"wp","href":"https:\/\/api.w.org\/{rel}","templated":true}]}}